{"id":257627,"date":"2026-04-30T18:07:26","date_gmt":"2026-04-30T15:07:26","guid":{"rendered":"https:\/\/crazybasket.ro\/?post_type=product&#038;p=257627"},"modified":"2026-05-01T18:11:05","modified_gmt":"2026-05-01T15:11:05","slug":"lumanare-parfumata-elegance-inspirata-de-mademoiselle","status":"publish","type":"product","link":"https:\/\/crazybasket.ro\/en\/product\/lumanare-parfumata-elegance-inspirata-de-mademoiselle\/","title":{"rendered":"Lum\u00e2nare Parfumata Elegance (Inspirat\u0103 de Mademoiselle)"},"content":{"rendered":"<p>Lum\u00e2narea <em>Elegance<\/em> nu este doar un obiect decorativ, ci o poart\u0103 c\u0103tre elegan\u021ba parizian\u0103. Am ales ceara de soia natural\u0103 pentru a permite notelor florale \u0219i orientale s\u0103 se propage delicat, f\u0103r\u0103 a altera puritatea aerului. Recipientul de 200ml g\u0103zduie\u0219te 150g de cear\u0103 premium, oferind o experien\u021b\u0103 senzorial\u0103 de lung\u0103 durat\u0103.<\/p>","protected":false},"excerpt":{"rendered":"<p>Redescoper\u0103 feminitatea sofisticat\u0103 cu <em>Elegance<\/em>, o lum\u00e2nare creat\u0103 pentru a aduce rafinamentul parfumului Mademoiselle \u00een interiorul t\u0103u. Produs artizanal realizat din 100% cear\u0103 natural\u0103 de Soia.<\/p>","protected":false},"featured_media":0,"comment_status":"open","ping_status":"closed","template":"","meta":{"_acf_changed":false,"_et_pb_use_builder":"on","_et_pb_old_content":"Lum\u00e2narea <em>Elegance<\/em> nu este doar un obiect decorativ, ci o poart\u0103 c\u0103tre elegan\u021ba parizian\u0103. Am ales ceara de soia natural\u0103 pentru a permite notelor florale \u0219i orientale s\u0103 se propage delicat, f\u0103r\u0103 a altera puritatea aerului. Recipientul de 200ml g\u0103zduie\u0219te 150g de cear\u0103 premium, oferind o experien\u021b\u0103 senzorial\u0103 de lung\u0103 durat\u0103.","_et_gb_content_width":""},"colectie":[128],"product_brand":[129],"product_cat":[149,162,148,141],"product_tag":[174,176,175],"class_list":{"0":"post-257627","1":"product","2":"type-product","3":"status-publish","5":"colectie-signature-scents","6":"product_brand-telier","7":"product_cat-lumanari-decorative","8":"product_cat-lumanari-in-recipient","9":"product_cat-lumanari-parfumate","10":"product_cat-reumplere-lumanari","11":"product_tag-office","12":"product_tag-top-rated","13":"product_tag-work","15":"first","16":"instock","17":"taxable","18":"shipping-taxable","19":"purchasable","20":"product-type-variable"},"acf":[],"_links":{"self":[{"href":"https:\/\/crazybasket.ro\/en\/wp-json\/wp\/v2\/product\/257627","targetHints":{"allow":["GET"]}}],"collection":[{"href":"https:\/\/crazybasket.ro\/en\/wp-json\/wp\/v2\/product"}],"about":[{"href":"https:\/\/crazybasket.ro\/en\/wp-json\/wp\/v2\/types\/product"}],"replies":[{"embeddable":true,"href":"https:\/\/crazybasket.ro\/en\/wp-json\/wp\/v2\/comments?post=257627"}],"wp:attachment":[{"href":"https:\/\/crazybasket.ro\/en\/wp-json\/wp\/v2\/media?parent=257627"}],"wp:term":[{"taxonomy":"colectie","embeddable":true,"href":"https:\/\/crazybasket.ro\/en\/wp-json\/wp\/v2\/colectie?post=257627"},{"taxonomy":"product_brand","embeddable":true,"href":"https:\/\/crazybasket.ro\/en\/wp-json\/wp\/v2\/product_brand?post=257627"},{"taxonomy":"product_cat","embeddable":true,"href":"https:\/\/crazybasket.ro\/en\/wp-json\/wp\/v2\/product_cat?post=257627"},{"taxonomy":"product_tag","embeddable":true,"href":"https:\/\/crazybasket.ro\/en\/wp-json\/wp\/v2\/product_tag?post=257627"}],"curies":[{"name":"wp","href":"https:\/\/api.w.org\/{rel}","templated":true}]}}