{"id":257308,"date":"2026-04-19T00:17:20","date_gmt":"2026-04-18T21:17:20","guid":{"rendered":"https:\/\/crazybasket.ro\/product\/workshop-fabricare-lumanari-voucher\/"},"modified":"2026-04-19T18:11:06","modified_gmt":"2026-04-19T15:11:06","slug":"workshop-fabricare-lumanari-voucher","status":"publish","type":"product","link":"https:\/\/crazybasket.ro\/en\/product\/workshop-fabricare-lumanari-voucher\/","title":{"rendered":"Workshop Fabricare Lum\u00e2n\u0103ri (Voucher)"},"content":{"rendered":"<p>\u00cen cadrul workshopurilor, lucr\u0103m \u00een grupuri mici, \u00eentr-un cadru relaxat, folosind materiale atent alese \u0219i tehnici accesibile, indiferent de nivelul de experien\u021b\u0103.<\/p>\n<p>Datele \u0219i temele workshopurilor vor fi anun\u021bate aici, pe m\u0103sur\u0103 ce sunt stabilite. Dac\u0103 vrei s\u0103 fii la curent cu urm\u0103toarele sesiuni, urm\u0103re\u0219te aceast\u0103 pagin\u0103 sau canalele noastre de comunicare.<\/p>","protected":false},"excerpt":{"rendered":"<p>Workshopurile Telier sunt experien\u021be creative dedicate celor care \u00ee\u0219i doresc s\u0103 descopere procesul din spatele lum\u00e2n\u0103rilor handmade \u0219i al obiectelor realizate \u00een atelier.<\/p>","protected":false},"featured_media":257460,"comment_status":"open","ping_status":"closed","template":"","meta":{"_acf_changed":false,"_et_pb_use_builder":"","_et_pb_old_content":"","_et_gb_content_width":""},"colectie":[],"product_brand":[129],"product_cat":[142],"product_tag":[],"class_list":{"0":"post-257308","1":"product","2":"type-product","3":"status-publish","4":"has-post-thumbnail","6":"product_brand-telier","7":"product_cat-workshops","9":"first","10":"instock","11":"taxable","12":"shipping-taxable","13":"purchasable","14":"product-type-simple"},"acf":[],"_links":{"self":[{"href":"https:\/\/crazybasket.ro\/en\/wp-json\/wp\/v2\/product\/257308","targetHints":{"allow":["GET"]}}],"collection":[{"href":"https:\/\/crazybasket.ro\/en\/wp-json\/wp\/v2\/product"}],"about":[{"href":"https:\/\/crazybasket.ro\/en\/wp-json\/wp\/v2\/types\/product"}],"replies":[{"embeddable":true,"href":"https:\/\/crazybasket.ro\/en\/wp-json\/wp\/v2\/comments?post=257308"}],"wp:featuredmedia":[{"embeddable":true,"href":"https:\/\/crazybasket.ro\/en\/wp-json\/wp\/v2\/media\/257460"}],"wp:attachment":[{"href":"https:\/\/crazybasket.ro\/en\/wp-json\/wp\/v2\/media?parent=257308"}],"wp:term":[{"taxonomy":"colectie","embeddable":true,"href":"https:\/\/crazybasket.ro\/en\/wp-json\/wp\/v2\/colectie?post=257308"},{"taxonomy":"product_brand","embeddable":true,"href":"https:\/\/crazybasket.ro\/en\/wp-json\/wp\/v2\/product_brand?post=257308"},{"taxonomy":"product_cat","embeddable":true,"href":"https:\/\/crazybasket.ro\/en\/wp-json\/wp\/v2\/product_cat?post=257308"},{"taxonomy":"product_tag","embeddable":true,"href":"https:\/\/crazybasket.ro\/en\/wp-json\/wp\/v2\/product_tag?post=257308"}],"curies":[{"name":"wp","href":"https:\/\/api.w.org\/{rel}","templated":true}]}}