{"id":257304,"date":"2026-04-19T00:17:20","date_gmt":"2026-04-18T21:17:20","guid":{"rendered":"https:\/\/crazybasket.ro\/product\/tava-decorativa-ovala-marble-design\/"},"modified":"2026-04-19T14:45:08","modified_gmt":"2026-04-19T11:45:08","slug":"tava-decorativa-ovala-marble-design","status":"publish","type":"product","link":"https:\/\/crazybasket.ro\/en\/product\/tava-decorativa-ovala-marble-design\/","title":{"rendered":"Tav\u0103 decorativ\u0103 oval\u0103 &#8211; Marble Design"},"content":{"rendered":"<p>Tav\u0103 realizat\u0103 manual cu efect de marmur\u0103.<\/p>","protected":false},"excerpt":{"rendered":"<p>Tav\u0103 realizat\u0103 manual cu efect de marmur\u0103.<\/p>","protected":false},"featured_media":0,"comment_status":"open","ping_status":"closed","template":"","meta":{"_acf_changed":false,"_et_pb_use_builder":"","_et_pb_old_content":"","_et_gb_content_width":""},"colectie":[],"product_brand":[],"product_cat":[161,143],"product_tag":[],"class_list":{"0":"post-257304","1":"product","2":"type-product","3":"status-publish","5":"product_cat-birou-productivitate","6":"product_cat-cadouri-ocazii-speciale","8":"first","9":"instock","10":"taxable","11":"shipping-taxable","12":"purchasable","13":"product-type-simple"},"acf":[],"_links":{"self":[{"href":"https:\/\/crazybasket.ro\/en\/wp-json\/wp\/v2\/product\/257304","targetHints":{"allow":["GET"]}}],"collection":[{"href":"https:\/\/crazybasket.ro\/en\/wp-json\/wp\/v2\/product"}],"about":[{"href":"https:\/\/crazybasket.ro\/en\/wp-json\/wp\/v2\/types\/product"}],"replies":[{"embeddable":true,"href":"https:\/\/crazybasket.ro\/en\/wp-json\/wp\/v2\/comments?post=257304"}],"wp:attachment":[{"href":"https:\/\/crazybasket.ro\/en\/wp-json\/wp\/v2\/media?parent=257304"}],"wp:term":[{"taxonomy":"colectie","embeddable":true,"href":"https:\/\/crazybasket.ro\/en\/wp-json\/wp\/v2\/colectie?post=257304"},{"taxonomy":"product_brand","embeddable":true,"href":"https:\/\/crazybasket.ro\/en\/wp-json\/wp\/v2\/product_brand?post=257304"},{"taxonomy":"product_cat","embeddable":true,"href":"https:\/\/crazybasket.ro\/en\/wp-json\/wp\/v2\/product_cat?post=257304"},{"taxonomy":"product_tag","embeddable":true,"href":"https:\/\/crazybasket.ro\/en\/wp-json\/wp\/v2\/product_tag?post=257304"}],"curies":[{"name":"wp","href":"https:\/\/api.w.org\/{rel}","templated":true}]}}