{"id":257298,"date":"2026-04-19T00:17:19","date_gmt":"2026-04-18T21:17:19","guid":{"rendered":"https:\/\/crazybasket.ro\/product\/set-3-lumanari-plutitoare\/"},"modified":"2026-04-19T15:00:07","modified_gmt":"2026-04-19T12:00:07","slug":"set-3-lumanari-plutitoare","status":"publish","type":"product","link":"https:\/\/crazybasket.ro\/en\/product\/set-3-lumanari-plutitoare\/","title":{"rendered":"Set 3 lum\u00e2n\u0103ri plutitoare"},"content":{"rendered":"<p>Ideale pentru aranjamente de mas\u0103.<\/p>","protected":false},"excerpt":{"rendered":"<p>Ideale pentru aranjamente de mas\u0103.<\/p>","protected":false},"featured_media":0,"comment_status":"open","ping_status":"closed","template":"","meta":{"_acf_changed":false,"_et_pb_use_builder":"","_et_pb_old_content":"","_et_gb_content_width":""},"colectie":[],"product_brand":[],"product_cat":[149],"product_tag":[],"class_list":{"0":"post-257298","1":"product","2":"type-product","3":"status-publish","5":"product_cat-lumanari-decorative","7":"first","8":"instock","9":"taxable","10":"shipping-taxable","11":"purchasable","12":"product-type-simple"},"acf":[],"_links":{"self":[{"href":"https:\/\/crazybasket.ro\/en\/wp-json\/wp\/v2\/product\/257298","targetHints":{"allow":["GET"]}}],"collection":[{"href":"https:\/\/crazybasket.ro\/en\/wp-json\/wp\/v2\/product"}],"about":[{"href":"https:\/\/crazybasket.ro\/en\/wp-json\/wp\/v2\/types\/product"}],"replies":[{"embeddable":true,"href":"https:\/\/crazybasket.ro\/en\/wp-json\/wp\/v2\/comments?post=257298"}],"wp:attachment":[{"href":"https:\/\/crazybasket.ro\/en\/wp-json\/wp\/v2\/media?parent=257298"}],"wp:term":[{"taxonomy":"colectie","embeddable":true,"href":"https:\/\/crazybasket.ro\/en\/wp-json\/wp\/v2\/colectie?post=257298"},{"taxonomy":"product_brand","embeddable":true,"href":"https:\/\/crazybasket.ro\/en\/wp-json\/wp\/v2\/product_brand?post=257298"},{"taxonomy":"product_cat","embeddable":true,"href":"https:\/\/crazybasket.ro\/en\/wp-json\/wp\/v2\/product_cat?post=257298"},{"taxonomy":"product_tag","embeddable":true,"href":"https:\/\/crazybasket.ro\/en\/wp-json\/wp\/v2\/product_tag?post=257298"}],"curies":[{"name":"wp","href":"https:\/\/api.w.org\/{rel}","templated":true}]}}