{"id":257294,"date":"2026-04-19T00:17:19","date_gmt":"2026-04-18T21:17:19","guid":{"rendered":"https:\/\/crazybasket.ro\/product\/lumanare-in-recipient-lavender-dream\/"},"modified":"2026-04-19T15:01:53","modified_gmt":"2026-04-19T12:01:53","slug":"lumanare-in-recipient-lavender-dream","status":"publish","type":"product","link":"https:\/\/crazybasket.ro\/en\/product\/lumanare-in-recipient-lavender-dream\/","title":{"rendered":"Lum\u00e2nare \u00een recipient &#8211; Lavender Dream"},"content":{"rendered":"<p>Esen\u021b\u0103 pur\u0103 de lavand\u0103.<\/p>","protected":false},"excerpt":{"rendered":"<p>Esen\u021b\u0103 pur\u0103 de lavand\u0103.<\/p>","protected":false},"featured_media":0,"comment_status":"open","ping_status":"closed","template":"","meta":{"_acf_changed":false,"_et_pb_use_builder":"","_et_pb_old_content":"","_et_gb_content_width":""},"colectie":[],"product_brand":[],"product_cat":[149,148],"product_tag":[],"class_list":{"0":"post-257294","1":"product","2":"type-product","3":"status-publish","5":"product_cat-lumanari-decorative","6":"product_cat-lumanari-parfumate","8":"first","9":"instock","10":"taxable","11":"shipping-taxable","12":"purchasable","13":"product-type-simple"},"acf":[],"_links":{"self":[{"href":"https:\/\/crazybasket.ro\/en\/wp-json\/wp\/v2\/product\/257294","targetHints":{"allow":["GET"]}}],"collection":[{"href":"https:\/\/crazybasket.ro\/en\/wp-json\/wp\/v2\/product"}],"about":[{"href":"https:\/\/crazybasket.ro\/en\/wp-json\/wp\/v2\/types\/product"}],"replies":[{"embeddable":true,"href":"https:\/\/crazybasket.ro\/en\/wp-json\/wp\/v2\/comments?post=257294"}],"wp:attachment":[{"href":"https:\/\/crazybasket.ro\/en\/wp-json\/wp\/v2\/media?parent=257294"}],"wp:term":[{"taxonomy":"colectie","embeddable":true,"href":"https:\/\/crazybasket.ro\/en\/wp-json\/wp\/v2\/colectie?post=257294"},{"taxonomy":"product_brand","embeddable":true,"href":"https:\/\/crazybasket.ro\/en\/wp-json\/wp\/v2\/product_brand?post=257294"},{"taxonomy":"product_cat","embeddable":true,"href":"https:\/\/crazybasket.ro\/en\/wp-json\/wp\/v2\/product_cat?post=257294"},{"taxonomy":"product_tag","embeddable":true,"href":"https:\/\/crazybasket.ro\/en\/wp-json\/wp\/v2\/product_tag?post=257294"}],"curies":[{"name":"wp","href":"https:\/\/api.w.org\/{rel}","templated":true}]}}