{"id":257292,"date":"2026-04-19T00:17:19","date_gmt":"2026-04-18T21:17:19","guid":{"rendered":"https:\/\/crazybasket.ro\/product\/lumanare-in-recipient-rough-citrus\/"},"modified":"2026-04-19T15:24:22","modified_gmt":"2026-04-19T12:24:22","slug":"lumanare-in-recipient-rough-citrus","status":"publish","type":"product","link":"https:\/\/crazybasket.ro\/en\/product\/lumanare-in-recipient-rough-citrus\/","title":{"rendered":"Lum\u00e2nare \u00een recipient &#8211; Rough Citrus"},"content":{"rendered":"<p>Lum\u00e2nare artizanal\u0103 din cear\u0103 de soia.<\/p>","protected":false},"excerpt":{"rendered":"<p>Lum\u00e2nare artizanal\u0103 din cear\u0103 de soia.<\/p>","protected":false},"featured_media":0,"comment_status":"open","ping_status":"closed","template":"","meta":{"_acf_changed":false,"_et_pb_use_builder":"","_et_pb_old_content":"","_et_gb_content_width":""},"colectie":[],"product_brand":[],"product_cat":[162],"product_tag":[],"class_list":{"0":"post-257292","1":"product","2":"type-product","3":"status-publish","5":"product_cat-lumanari-in-recipient","7":"first","8":"instock","9":"taxable","10":"shipping-taxable","11":"purchasable","12":"product-type-simple"},"acf":[],"_links":{"self":[{"href":"https:\/\/crazybasket.ro\/en\/wp-json\/wp\/v2\/product\/257292","targetHints":{"allow":["GET"]}}],"collection":[{"href":"https:\/\/crazybasket.ro\/en\/wp-json\/wp\/v2\/product"}],"about":[{"href":"https:\/\/crazybasket.ro\/en\/wp-json\/wp\/v2\/types\/product"}],"replies":[{"embeddable":true,"href":"https:\/\/crazybasket.ro\/en\/wp-json\/wp\/v2\/comments?post=257292"}],"wp:attachment":[{"href":"https:\/\/crazybasket.ro\/en\/wp-json\/wp\/v2\/media?parent=257292"}],"wp:term":[{"taxonomy":"colectie","embeddable":true,"href":"https:\/\/crazybasket.ro\/en\/wp-json\/wp\/v2\/colectie?post=257292"},{"taxonomy":"product_brand","embeddable":true,"href":"https:\/\/crazybasket.ro\/en\/wp-json\/wp\/v2\/product_brand?post=257292"},{"taxonomy":"product_cat","embeddable":true,"href":"https:\/\/crazybasket.ro\/en\/wp-json\/wp\/v2\/product_cat?post=257292"},{"taxonomy":"product_tag","embeddable":true,"href":"https:\/\/crazybasket.ro\/en\/wp-json\/wp\/v2\/product_tag?post=257292"}],"curies":[{"name":"wp","href":"https:\/\/api.w.org\/{rel}","templated":true}]}}