{"id":256126,"date":"2024-01-29T01:31:50","date_gmt":"2024-01-28T23:31:50","guid":{"rendered":"https:\/\/crazybasket.ro\/?post_type=product&#038;p=256126"},"modified":"2024-03-09T00:49:42","modified_gmt":"2024-03-08T22:49:42","slug":"martisor-brosa-pisicuta-colorata-si-decorata-cu-pietre-sau-ochelari","status":"publish","type":"product","link":"https:\/\/crazybasket.ro\/en\/product\/martisor-brosa-pisicuta-colorata-si-decorata-cu-pietre-sau-ochelari\/","title":{"rendered":"Martisor pisicuta, decorata cu pietre sau ochelari cu ac de brosa"},"content":{"rendered":"<h4><strong>Descriere:<\/strong><\/h4>\n<p><a href=\"https:\/\/crazybasket.ro\/en\/product\/martisor-brosa-pisicuta-colorata-si-decorata-cu-pietre-sau-ochelari\/\">Martisor pisicuta, decorata cu pietre sau ochelari cu ac de brosa<\/a><\/p>\n<p>Bun venit pe platforma noastr\u0103\u00a0 unde v\u0103 prezent\u0103m Martisor pisicuta, decorata cu pietre sau ochelari cu ac de brosa\u00a0. Acest accesoriu adorabil, creat special pentru iubitorii de pisici, nu este doar un simbol tradi\u021bional de prim\u0103var\u0103. Este \u0219i un companion perfect, un gest de dragoste \u0219i afec\u021biune, potrivit pentru a fi purtat cu drag tot anul.<\/p>\n<p>Fiecare pisicu\u021b\u0103 reprezint\u0103 o mic\u0103 capodoper\u0103 a bucuriei, cu culori vibrante \u0219i detalii minu\u021bios lucrate. Ochelarii sau pietrele str\u0103lucitoare adaug\u0103 un farmec aparte, subliniind personalitatea \u0219i expresivitatea pisicu\u021bei. Aceast\u0103 bro\u0219\u0103 devine astfel o declara\u021bie de stil pentru cei care iubesc animalele \u0219i apreciaz\u0103 accesoriile pline de veselie.<\/p>\n<p>Pentru iubitorii de pisici, aceast\u0103 pisicu\u021b\u0103 nu este doar un m\u0103r\u021bi\u0219or tradi\u021bional. Este o expresie a dragostei fa\u021b\u0103 de aceste creaturi adorabile, transform\u00e2nd un gest tradi\u021bional \u00eentr-un tribut continuu pentru prietenii no\u0219tri feline. Fie c\u0103 alege\u021bi varianta cu ochelari sau cea cu pietre str\u0103lucitoare, pisicu\u021ba devine un simbol al afec\u021biunii \u0219i al leg\u0103turii str\u00e2nse cu aceste animale minunate.<\/p>\n<p>Ambalat\u0103 frumos, fiecare pisicu\u021b\u0103 este gata s\u0103 devin\u0103 un cadou perfect sau s\u0103 completeze cu stil orice \u021binut\u0103. Cu detalii atent selectate \u0219i design vesel, aceast\u0103 bro\u0219\u0103 aduce o explozie de culoare \u0219i bucurie \u00een orice ocazie. Nu doar un simplu m\u0103r\u021bi\u0219or, pisicu\u021ba devine un companion elegant \u0219i \u00een tendin\u021b\u0103, perfect pentru a aduce\u00a0 z\u00e2mbetul pe fe\u021bele\u00a0 iubitorilor de pisici.<\/p>\n<h4><strong>Livrare:<\/strong><\/h4>\n<ul>\n<li>pentru produsele aflate in stoc, beneficia\u021bi de expediere rapid\u0103 \u00een doar 1-3 zile<\/li>\n<li>in func\u021bie de num\u0103rul de comenzi, dac\u0103 produsul nu este pe stoc livrare poate varia \u00eentre 2-5 zile<\/li>\n<\/ul>","protected":false},"excerpt":{"rendered":"<p>Descriere: Martisor pisicuta, decorata cu pietre sau ochelari cu ac de brosa Bun venit pe platforma noastr\u0103\u00a0 unde v\u0103 prezent\u0103m Martisor pisicuta, decorata cu pietre sau ochelari cu ac de brosa\u00a0. Acest accesoriu adorabil, creat special pentru iubitorii de pisici, nu este doar un simbol tradi\u021bional de prim\u0103var\u0103. Este \u0219i un companion perfect, un gest [&hellip;]<\/p>\n","protected":false},"featured_media":256044,"comment_status":"open","ping_status":"closed","template":"","meta":{"_acf_changed":false,"_et_pb_use_builder":"","_et_pb_old_content":"","_et_gb_content_width":""},"product_brand":[],"product_cat":[82],"product_tag":[],"class_list":{"0":"post-256126","1":"product","2":"type-product","3":"status-publish","4":"has-post-thumbnail","6":"product_cat-1-8-martie","8":"first","9":"instock","10":"taxable","11":"shipping-taxable","12":"purchasable","13":"product-type-variable"},"acf":[],"_links":{"self":[{"href":"https:\/\/crazybasket.ro\/en\/wp-json\/wp\/v2\/product\/256126","targetHints":{"allow":["GET"]}}],"collection":[{"href":"https:\/\/crazybasket.ro\/en\/wp-json\/wp\/v2\/product"}],"about":[{"href":"https:\/\/crazybasket.ro\/en\/wp-json\/wp\/v2\/types\/product"}],"replies":[{"embeddable":true,"href":"https:\/\/crazybasket.ro\/en\/wp-json\/wp\/v2\/comments?post=256126"}],"wp:featuredmedia":[{"embeddable":true,"href":"https:\/\/crazybasket.ro\/en\/wp-json\/wp\/v2\/media\/256044"}],"wp:attachment":[{"href":"https:\/\/crazybasket.ro\/en\/wp-json\/wp\/v2\/media?parent=256126"}],"wp:term":[{"taxonomy":"product_brand","embeddable":true,"href":"https:\/\/crazybasket.ro\/en\/wp-json\/wp\/v2\/product_brand?post=256126"},{"taxonomy":"product_cat","embeddable":true,"href":"https:\/\/crazybasket.ro\/en\/wp-json\/wp\/v2\/product_cat?post=256126"},{"taxonomy":"product_tag","embeddable":true,"href":"https:\/\/crazybasket.ro\/en\/wp-json\/wp\/v2\/product_tag?post=256126"}],"curies":[{"name":"wp","href":"https:\/\/api.w.org\/{rel}","templated":true}]}}