{"id":256115,"date":"2024-01-29T00:00:29","date_gmt":"2024-01-28T22:00:29","guid":{"rendered":"https:\/\/crazybasket.ro\/?post_type=product&#038;p=256115"},"modified":"2024-02-13T14:21:07","modified_gmt":"2024-02-13T12:21:07","slug":"potcoava-impodobita-cu-flori-naturale-cu-magnet-martisor-artizanal-de-lemn","status":"publish","type":"product","link":"https:\/\/crazybasket.ro\/en\/product\/potcoava-impodobita-cu-flori-naturale-cu-magnet-martisor-artizanal-de-lemn\/","title":{"rendered":"Potcoava cu flori naturale -Martisor artizanal de lemn cu magnet"},"content":{"rendered":"<h4><strong>Descriere:<\/strong><\/h4>\n<p>Potcoava impodobita cu flori naturale, cu magnet &#8211; Martisor artizanal de lemn<\/p>\n<p>Bine a\u021bi venit pe site-ul nostru dedicat me\u0219te\u0219ugirii \u0219i tradi\u021biei, unde v\u0103 \u00eembia s\u0103 descoperi\u021bi magia prim\u0103verii prin produsul nostru distinctiv: <a href=\"https:\/\/crazybasket.ro\/en\/product\/potcoava-impodobita-cu-flori-naturale-cu-magnet-martisor-artizanal-de-lemn\/\">Potcoava cu flori naturale<\/a> &#8211; Marti\u0219or artizanal de lemn cu magnet. Aceast\u0103 crea\u021bie reprezint\u0103 o adev\u0103rat\u0103 exprimare artistic\u0103, realizat\u0103 cu atentie ce aduce \u00eempreun\u0103 me\u0219te\u0219ugul tradi\u021bional \u0219i elemente naturale deosebite.<\/p>\n<p>Potcoava noastr\u0103 este \u00een mod unic \u00eempodobit\u0103 cu flori naturale, ad\u0103ug\u00e2nd un farmec aparte \u0219i un strop de prim\u0103var\u0103 oriunde este expus\u0103. Fiecare floare este selectat\u0103 cu grij\u0103 pentru a completa design-ul general al potcoavei, conferindu-i o elegan\u021b\u0103 delicat\u0103 \u0219i o autenticitate incontestabil\u0103. Marti\u0219orul nostru artizanal de lemn cu magnet nu este doar o crea\u021bie vizual\u0103 impresionant\u0103, ci \u0219i un obiect practic \u0219i versatil, datorit\u0103 magnetului ingenios integrat.<\/p>\n<p>Ambalajul acestui produs\u00a0 este la fel de important precum con\u021binutul s\u0103u. Potcoava este prezentat\u0103 \u00eentr-o pungu\u021b\u0103 de ambalaj decorat\u0103 cu flori, subliniind conexiunea cu natura \u0219i atmosfera prim\u0103v\u0103ratic\u0103. Aceast\u0103 pungu\u021b\u0103 nu doar ofer\u0103 protec\u021bie potcoavei, ci \u0219i contribuie la un cadru vizual pl\u0103cut \u0219i atr\u0103g\u0103tor. Fiecare floare imprima unicitatea \u0219i calitatea produsului, transform\u00e2nd ambalajul \u00eentr-o mic\u0103 oper\u0103 de art\u0103.<\/p>\n<p>Pentru a completa ambalajul, am ad\u0103ugat un snur gros, detaliu ce subliniaz\u0103 aten\u021bia noastr\u0103 la detalii \u0219i dorin\u021ba de a oferi o experien\u021b\u0103 complet\u0103. Snurul gros nu este doar o modalitate practic\u0103 de prezentare, ci \u0219i un element estetic ce completeaz\u0103 aspectul rustic \u0219i autentic al m\u0103r\u021bi\u0219orului.<\/p>\n<p>Potcoava cu flori naturale &#8211; Marti\u0219or artizanal de lemn cu magnet nu este doar un produs, ci o poveste spus\u0103 prin m\u0103iestrie \u0219i dedicare. Descoperi\u021bi frumuse\u021bea \u0219i autenticitatea tradi\u021biei noastre \u00eembinate cu elemente contemporane \u00eentr-un singur obiect deosebit.<\/p>\n<p>&nbsp;<\/p>\n<h4><strong>Specificatii Produs:<\/strong><\/h4>\n<ul>\n<li><strong>Material:<\/strong> Lemn natural Albasia<\/li>\n<li><strong>Design:<\/strong> Potcoav\u0103 impodobita cu flori naturale<\/li>\n<li><strong>Dimensiuni martisor:<\/strong> 5cm x 5cm x 1cm<\/li>\n<li><strong>Dimensiuni cu ambalaj: <\/strong>13cm x 9cm x 1.5cm<\/li>\n<li><strong>Prindere:<\/strong> Magnet.<\/li>\n<\/ul>\n<h4><strong>Livrare:<\/strong><\/h4>\n<ul>\n<li>pentru produsele aflate in stoc, beneficia\u021bi de expediere rapid\u0103 \u00een doar 1-3 zile<\/li>\n<li>in func\u021bie de num\u0103rul de comenzi, dac\u0103 produsul nu este pe stoc livrare poate varia \u00eentre 2-5 zile<\/li>\n<\/ul>","protected":false},"excerpt":{"rendered":"<p>Descriere: Potcoava impodobita cu flori naturale, cu magnet &#8211; Martisor artizanal de lemn Bine a\u021bi venit pe site-ul nostru dedicat me\u0219te\u0219ugirii \u0219i tradi\u021biei, unde v\u0103 \u00eembia s\u0103 descoperi\u021bi magia prim\u0103verii prin produsul nostru distinctiv: Potcoava cu flori naturale &#8211; Marti\u0219or artizanal de lemn cu magnet. Aceast\u0103 crea\u021bie reprezint\u0103 o adev\u0103rat\u0103 exprimare artistic\u0103, realizat\u0103 cu atentie [&hellip;]<\/p>\n","protected":false},"featured_media":256021,"comment_status":"open","ping_status":"closed","template":"","meta":{"_acf_changed":false,"_et_pb_use_builder":"","_et_pb_old_content":"","_et_gb_content_width":""},"product_brand":[],"product_cat":[82,51],"product_tag":[],"class_list":{"0":"post-256115","1":"product","2":"type-product","3":"status-publish","4":"has-post-thumbnail","6":"product_cat-1-8-martie","7":"product_cat-martisoare","9":"first","10":"instock","11":"sale","12":"taxable","13":"shipping-taxable","14":"purchasable","15":"product-type-simple"},"acf":[],"_links":{"self":[{"href":"https:\/\/crazybasket.ro\/en\/wp-json\/wp\/v2\/product\/256115","targetHints":{"allow":["GET"]}}],"collection":[{"href":"https:\/\/crazybasket.ro\/en\/wp-json\/wp\/v2\/product"}],"about":[{"href":"https:\/\/crazybasket.ro\/en\/wp-json\/wp\/v2\/types\/product"}],"replies":[{"embeddable":true,"href":"https:\/\/crazybasket.ro\/en\/wp-json\/wp\/v2\/comments?post=256115"}],"wp:featuredmedia":[{"embeddable":true,"href":"https:\/\/crazybasket.ro\/en\/wp-json\/wp\/v2\/media\/256021"}],"wp:attachment":[{"href":"https:\/\/crazybasket.ro\/en\/wp-json\/wp\/v2\/media?parent=256115"}],"wp:term":[{"taxonomy":"product_brand","embeddable":true,"href":"https:\/\/crazybasket.ro\/en\/wp-json\/wp\/v2\/product_brand?post=256115"},{"taxonomy":"product_cat","embeddable":true,"href":"https:\/\/crazybasket.ro\/en\/wp-json\/wp\/v2\/product_cat?post=256115"},{"taxonomy":"product_tag","embeddable":true,"href":"https:\/\/crazybasket.ro\/en\/wp-json\/wp\/v2\/product_tag?post=256115"}],"curies":[{"name":"wp","href":"https:\/\/api.w.org\/{rel}","templated":true}]}}