{"id":255812,"date":"2024-01-24T03:13:30","date_gmt":"2024-01-24T01:13:30","guid":{"rendered":"https:\/\/crazybasket.ro\/?post_type=product&#038;p=255812"},"modified":"2024-02-13T14:17:34","modified_gmt":"2024-02-13T12:17:34","slug":"fluture-personalizat-cu-nume-si-licheni-prindere-cu-magnet-martisor-artizanal-de-lemn-copy","status":"publish","type":"product","link":"https:\/\/crazybasket.ro\/en\/product\/fluture-personalizat-cu-nume-si-licheni-prindere-cu-magnet-martisor-artizanal-de-lemn-copy\/","title":{"rendered":"Fluture personalizat cu nume si licheni \u2013Martisor artizanal de lemn cu magnet"},"content":{"rendered":"<h4><strong>Descriere:<\/strong><\/h4>\n<p>Fluture personalizat cu nume si licheni \u2013Martisor artizanal de lemn cu magnet<\/p>\n<div class=\"flex-1 overflow-hidden\">\n<div class=\"react-scroll-to-bottom--css-xcswg-79elbk h-full\">\n<div class=\"react-scroll-to-bottom--css-xcswg-1n7m0yu\">\n<div class=\"flex flex-col pb-9 text-sm\">\n<div class=\"w-full text-token-text-primary\" data-testid=\"conversation-turn-21\">\n<div class=\"px-4 py-2 justify-center text-base md:gap-6 m-auto\">\n<div class=\"flex flex-1 text-base mx-auto gap-3 md:px-5 lg:px-1 xl:px-5 md:max-w-3xl lg:max-w-[40rem] xl:max-w-[48rem] group final-completion\">\n<div class=\"relative flex w-full flex-col lg:w-[calc(100%-115px)] agent-turn\">\n<div class=\"flex-col gap-1 md:gap-3\">\n<div class=\"flex flex-grow flex-col max-w-full\">\n<div class=\"min-h-[20px] text-message flex flex-col items-start gap-3 whitespace-pre-wrap break-words [.text-message+&amp;]:mt-5 overflow-x-auto\" data-message-author-role=\"assistant\" data-message-id=\"d11f7fbf-31e5-4b53-9ede-bc28093cb5a4\">\n<div class=\"markdown prose w-full break-words dark:prose-invert light\">\n<p>Fluture personalizat cu nume si licheni reprezint\u0103 un marti\u0219or artizanal de lemn cu magnet, care aduce o not\u0103 distinctiv\u0103 \u0219i plin\u0103 de farmec \u00een s\u0103rb\u0103toarea prim\u0103verii. Realizat cu pricepere din lemn de Albasia, acest produs eman\u0103 o calitate excep\u021bional\u0103, transform\u00e2ndu-l intr un mic obiect decorativ cu o estetic\u0103 aparte.<\/p>\n<p>Fiecare detaliu al fluturelui este sculptat cu grij\u0103, eviden\u021biind formele gratioase ale aripilor \u0219i conferindu-i o finisare impecabil\u0103. Materialul ales nu doar \u00eembun\u0103t\u0103\u021be\u0219te estetica, ci \u0219i adaug\u0103 o textur\u0103 pl\u0103cut\u0103 \u0219i o durabilitate notabil\u0103, garant\u00e2nd un produs de \u00eenalt\u0103 calitate.<\/p>\n<p>Personalizat cu numele ales, acest marti\u0219or devine un dar cu adev\u0103rat special \u0219i personal, ad\u0103ug\u00e2nd o not\u0103 intim\u0103 \u0219i sentimente autentice. Mesajul gravat cu aten\u021bie subliniaz\u0103 unicitatea fiec\u0103rui produs \u0219i contribuie la crearea unei leg\u0103turi emo\u021bionale puternice \u00eentre dar \u0219i destinatar.<\/p>\n<p>Lichenii, delicat ata\u0219a\u021bi, aduc o not\u0103 natural\u0103 \u0219i autentic\u0103, complet\u00e2nd cu gra\u021bie designul. Ace\u0219ti mici locuitori naturali adaug\u0103 un element de surpriz\u0103 \u0219i simbolizeaz\u0103 frumuse\u021bea reg\u0103sit\u0103 \u00een cele mai nea\u0219teptate locuri, transform\u00e2nd fluturele \u00eentr-un simbol al regener\u0103rii \u0219i transform\u0103rii. Acestia nu necesita ingrijire iar durata lor minima de viata este de 5 ani.<\/p>\n<p>Produsul este frumos ambalat, ad\u0103ug\u00e2nd un plus de elegan\u021b\u0103 \u0219i preg\u0103tindu-l pentru a fi oferit sau primit cu bucurie. Ambalajul rafinat contribuie la crearea unei prezent\u0103ri impecabile, consolid\u00e2nd impresia de cadou special \u0219i atent ales.<\/p>\n<p>Practic \u0219i decorativ, fluturele dispune de un magnet discret pe spate, permi\u021b\u00e2ndu-i s\u0103 fie expus pe suprafe\u021be metalice. Acest detaliu func\u021bional \u00eel transform\u0103 \u00eentr-un ornament versatil, potrivit pentru a decora spa\u021biul cu o not\u0103 personal\u0103 \u0219i autentic\u0103.<\/p>\n<p>Astfel, Fluturele personalizat cu nume \u0219i licheni nu este doar un marti\u0219or tradi\u021bional, ci \u0219i o expresie artistic\u0103 a conexiunii dintre natur\u0103, tradi\u021bie \u0219i emo\u021bie, aduc\u00e2nd bucurie \u0219i farmec \u00een sufletul celui care \u00eel prime\u0219te.<\/p>\n<\/div>\n<\/div>\n<\/div>\n<\/div>\n<\/div>\n<\/div>\n<\/div>\n<\/div>\n<\/div>\n<\/div>\n<\/div>\n<\/div>\n<h4><strong>Specificatii Produs:<\/strong><\/h4>\n<ul>\n<li><strong>Material:<\/strong> Lemn de Albasia<\/li>\n<li><strong>Design:<\/strong> Form\u0103 de fluture, mesaj si licheni<\/li>\n<li><strong>Elemente Decorative:<\/strong> Licheni<\/li>\n<li><strong>Dimensiune martisor:<\/strong> 7cm x 5cm x 1cm<\/li>\n<li><strong>Dimensiuni cu ambalaj: <\/strong>13cm x 9cm x 1.5cm<\/li>\n<li><strong>Prindere:<\/strong> Magnet<\/li>\n<\/ul>\n<h4><strong>Livrare:<\/strong><\/h4>\n<ul>\n<li>pentru produsele aflate in stoc, beneficia\u021bi de expediere rapid\u0103 \u00een doar 1-3 zile<\/li>\n<li>in func\u021bie de num\u0103rul de comenzi, dac\u0103 produsul nu este pe stoc livrare poate varia \u00eentre 2-5 zile<\/li>\n<\/ul>\n","protected":false},"excerpt":{"rendered":"<p>Descriere: Fluture personalizat cu nume si licheni \u2013Martisor artizanal de lemn cu magnet Fluture personalizat cu nume si licheni reprezint\u0103 un marti\u0219or artizanal de lemn cu magnet, care aduce o not\u0103 distinctiv\u0103 \u0219i plin\u0103 de farmec \u00een s\u0103rb\u0103toarea prim\u0103verii. Realizat cu pricepere din lemn de Albasia, acest produs eman\u0103 o calitate excep\u021bional\u0103, transform\u00e2ndu-l intr un [&hellip;]<\/p>\n","protected":false},"featured_media":256243,"comment_status":"open","ping_status":"closed","template":"","meta":{"_acf_changed":false,"_et_pb_use_builder":"","_et_pb_old_content":"","_et_gb_content_width":""},"product_brand":[],"product_cat":[82,51],"product_tag":[],"class_list":{"0":"post-255812","1":"product","2":"type-product","3":"status-publish","4":"has-post-thumbnail","6":"product_cat-1-8-martie","7":"product_cat-martisoare","9":"first","10":"onbackorder","11":"sale","12":"taxable","13":"shipping-taxable","14":"purchasable","15":"product-type-simple"},"acf":[],"_links":{"self":[{"href":"https:\/\/crazybasket.ro\/en\/wp-json\/wp\/v2\/product\/255812","targetHints":{"allow":["GET"]}}],"collection":[{"href":"https:\/\/crazybasket.ro\/en\/wp-json\/wp\/v2\/product"}],"about":[{"href":"https:\/\/crazybasket.ro\/en\/wp-json\/wp\/v2\/types\/product"}],"replies":[{"embeddable":true,"href":"https:\/\/crazybasket.ro\/en\/wp-json\/wp\/v2\/comments?post=255812"}],"wp:featuredmedia":[{"embeddable":true,"href":"https:\/\/crazybasket.ro\/en\/wp-json\/wp\/v2\/media\/256243"}],"wp:attachment":[{"href":"https:\/\/crazybasket.ro\/en\/wp-json\/wp\/v2\/media?parent=255812"}],"wp:term":[{"taxonomy":"product_brand","embeddable":true,"href":"https:\/\/crazybasket.ro\/en\/wp-json\/wp\/v2\/product_brand?post=255812"},{"taxonomy":"product_cat","embeddable":true,"href":"https:\/\/crazybasket.ro\/en\/wp-json\/wp\/v2\/product_cat?post=255812"},{"taxonomy":"product_tag","embeddable":true,"href":"https:\/\/crazybasket.ro\/en\/wp-json\/wp\/v2\/product_tag?post=255812"}],"curies":[{"name":"wp","href":"https:\/\/api.w.org\/{rel}","templated":true}]}}