{"id":255803,"date":"2024-01-24T02:56:42","date_gmt":"2024-01-24T00:56:42","guid":{"rendered":"https:\/\/crazybasket.ro\/?post_type=product&#038;p=255803"},"modified":"2024-03-09T00:49:40","modified_gmt":"2024-03-08T22:49:40","slug":"trifoi-personalizat-cu-nume-si-licheni-prindere-cu-magnet-martisor-artizanal-de-lemn","status":"publish","type":"product","link":"https:\/\/crazybasket.ro\/en\/product\/trifoi-personalizat-cu-nume-si-licheni-prindere-cu-magnet-martisor-artizanal-de-lemn\/","title":{"rendered":"Trifoi personalizat cu nume si licheni \u2013Martisor artizanal de lemn cu magnet"},"content":{"rendered":"<h4><strong>Descriere:<\/strong><\/h4>\n<p>Trifoi personalizat cu nume si licheni \u2013Martisor artizanal de lemn cu magnet<\/p>\n<p>Trifoiul personalizat cu nume \u0219i licheni este un marti\u0219or artizanal de lemn cu magnet, ce aduce o not\u0103 de elegan\u021b\u0103 \u0219i autenticitate \u00een celebrarea prim\u0103verii. Realizat cu m\u0103iestrie din lemn de Albasia, acest produs eman\u0103 calitate \u0219i fine\u021be, transform\u00e2ndu-l intr-un obiect\u00a0 decorativ de durata.<\/p>\n<p>Fiecare trifoi este sculptat cu aten\u021bie la detalii, eviden\u021biind contururile delicate ale frunzelor, iar materialul selectat confer\u0103 o textur\u0103 pl\u0103cut\u0103 \u0219i o durabilitate remarcabil\u0103. Personalizat cu numele dorit, acest marti\u0219or devine un dar cu adev\u0103rat unic ad\u0103ug\u00e2nd un plus de valoare sentimental\u0103.<\/p>\n<p>Lichenii, delicat ata\u0219a\u021bi, aduc o not\u0103 de natur\u0103 \u0219i autenticitate, complet\u00e2nd armonios designul. Ace\u0219ti mici locuitori naturali nu doar \u00eembog\u0103\u021besc estetica, ci \u0219i aduc cu ei simbolul regener\u0103rii \u0219i al frumuse\u021bii ascunse. Acestia nu necesita ingrijire iar durta lor de viata este de minim 5 ani.<\/p>\n<p>Mesajul personalizat gravat pe lemn subliniaz\u0103 unicitatea fiec\u0103rui marti\u0219or \u0219i ofer\u0103 o conexiune emo\u021bional\u0103 puternic\u0103. Cuvintele alese cu grij\u0103 pentru fiecare destinatar adaug\u0103 un strat de intimitate, transform\u00e2nd acest obiect \u00eentr-o amintire durabil\u0103.<\/p>\n<p>Pentru o experien\u021b\u0103 complet\u0103, acest trifoi personalizat cu nume si licheni este ambalat cu grij\u0103, ad\u0103ug\u00e2nd un plus de elegan\u021b\u0103 \u0219i rafinament. Ambalajul frumos contribuie la crearea unei prezent\u0103ri impecabile, perfect\u0103 pentru a oferi sau a primi acest marti\u0219or personalizat.<\/p>\n<p>Practic \u0219i decorativ, trifoiul dispune de un magnet discret pe spate, permit\u00e2ndu-i s\u0103 fie expus pe diverse suprafe\u021be metalice. Acest detaliu ingenios \u00eel transform\u0103 \u00eentr-un ornament versatil, potrivit at\u00e2t pentru purtare, c\u00e2t \u0219i pentru decorarea spa\u021biului cu o not\u0103 personal\u0103 \u0219i autentic\u0103. Astfel, Trifoiul personalizat cu nume \u0219i licheni nu este doar un simbol tradi\u021bional al prim\u0103verii, ci \u0219i o expresie artistic\u0103 a conexiunii dintre natur\u0103, tradi\u021bie \u0219i emo\u021bie.<\/p>\n<h4><strong>Specificatii Produs:<\/strong><\/h4>\n<ul>\n<li><strong>Material:<\/strong> Lemn de Albasia<\/li>\n<li><strong>Design:<\/strong> Form\u0103 de trifoi cu 4 foi, mesaj si licheni<\/li>\n<li><strong>Mesaj: <\/strong>Personalizat<\/li>\n<li><strong>Elemente Decorative:<\/strong> Licheni<\/li>\n<li><strong>Dimensiune martisor:<\/strong> 6cm x 6cm x 1cm<\/li>\n<li><strong>Dimensiuni cu ambalaj: <\/strong>13cm x 9cm x 1.5cm<\/li>\n<li><strong>Prindere:<\/strong> Magnet<\/li>\n<\/ul>\n<h4><strong>Livrare:<\/strong><\/h4>\n<ul>\n<li>pentru produsele aflate in stoc, beneficia\u021bi de expediere rapid\u0103 \u00een doar 1-3 zile<\/li>\n<li>in func\u021bie de num\u0103rul de comenzi, dac\u0103 produsul nu este pe stoc livrare poate varia \u00eentre 2-5 zile<\/li>\n<\/ul>","protected":false},"excerpt":{"rendered":"<p>Descriere: Trifoi personalizat cu nume si licheni \u2013Martisor artizanal de lemn cu magnet Trifoiul personalizat cu nume \u0219i licheni este un marti\u0219or artizanal de lemn cu magnet, ce aduce o not\u0103 de elegan\u021b\u0103 \u0219i autenticitate \u00een celebrarea prim\u0103verii. Realizat cu m\u0103iestrie din lemn de Albasia, acest produs eman\u0103 calitate \u0219i fine\u021be, transform\u00e2ndu-l intr-un obiect\u00a0 decorativ [&hellip;]<\/p>\n","protected":false},"featured_media":256012,"comment_status":"open","ping_status":"closed","template":"","meta":{"_acf_changed":false,"_et_pb_use_builder":"","_et_pb_old_content":"","_et_gb_content_width":""},"product_brand":[],"product_cat":[82,51],"product_tag":[],"class_list":{"0":"post-255803","1":"product","2":"type-product","3":"status-publish","4":"has-post-thumbnail","6":"product_cat-1-8-martie","7":"product_cat-martisoare","9":"first","10":"onbackorder","11":"taxable","12":"shipping-taxable","13":"purchasable","14":"product-type-simple"},"acf":[],"_links":{"self":[{"href":"https:\/\/crazybasket.ro\/en\/wp-json\/wp\/v2\/product\/255803","targetHints":{"allow":["GET"]}}],"collection":[{"href":"https:\/\/crazybasket.ro\/en\/wp-json\/wp\/v2\/product"}],"about":[{"href":"https:\/\/crazybasket.ro\/en\/wp-json\/wp\/v2\/types\/product"}],"replies":[{"embeddable":true,"href":"https:\/\/crazybasket.ro\/en\/wp-json\/wp\/v2\/comments?post=255803"}],"wp:featuredmedia":[{"embeddable":true,"href":"https:\/\/crazybasket.ro\/en\/wp-json\/wp\/v2\/media\/256012"}],"wp:attachment":[{"href":"https:\/\/crazybasket.ro\/en\/wp-json\/wp\/v2\/media?parent=255803"}],"wp:term":[{"taxonomy":"product_brand","embeddable":true,"href":"https:\/\/crazybasket.ro\/en\/wp-json\/wp\/v2\/product_brand?post=255803"},{"taxonomy":"product_cat","embeddable":true,"href":"https:\/\/crazybasket.ro\/en\/wp-json\/wp\/v2\/product_cat?post=255803"},{"taxonomy":"product_tag","embeddable":true,"href":"https:\/\/crazybasket.ro\/en\/wp-json\/wp\/v2\/product_tag?post=255803"}],"curies":[{"name":"wp","href":"https:\/\/api.w.org\/{rel}","templated":true}]}}