{"id":255787,"date":"2024-01-24T02:33:26","date_gmt":"2024-01-24T00:33:26","guid":{"rendered":"https:\/\/crazybasket.ro\/?post_type=product&#038;p=255787"},"modified":"2024-03-09T00:49:42","modified_gmt":"2024-03-08T22:49:42","slug":"trifoi-cu-licheni-cu-mesaj-martisor-artizanal-de-lemn-cu-magnet","status":"publish","type":"product","link":"https:\/\/crazybasket.ro\/en\/product\/trifoi-cu-licheni-cu-mesaj-martisor-artizanal-de-lemn-cu-magnet\/","title":{"rendered":"Trifoi cu licheni cu mesaj \u2013Martisor artizanal de lemn cu magnet"},"content":{"rendered":"<h4><strong>Descriere:<\/strong><\/h4>\n<p>Trifoi cu licheni cu mesaj \u2013Martisor artizanal de lemn cu magnet<\/p>\n<p><a href=\"https:\/\/crazybasket.ro\/en\/product\/trifoi-cu-licheni-cu-mesaj-martisor-artizanal-de-lemn-cu-magnet\/\">Trifoi cu licheni cu mesa<\/a>j &#8211; descoperi\u021bi farmecul unic al acestui marti\u0219or artizanal de lemn cu magnet, care aduce \u00een prim plan o experien\u021b\u0103 autentic\u0103 \u0219i plin\u0103 de semnifica\u021bii. Aceast mic obiect decorativ redefine\u0219te tradi\u021bia, \u00eembin\u00e2nd elementele naturii cu creativitatea artizanal\u0103 \u00eentr-un cadru inedit.<\/p>\n<p>Trifoiul este sculptat cu aten\u021bie din lemn de calitate, eviden\u021biind detaliile frunzelor \u0219i conferindu-i o durabilitate remarcabil\u0103. Ad\u0103ugarea <a href=\"https:\/\/crazybasket.ro\/en\/2024\/01\/25\/martisoare-cu-licheni-de-ce-sa-optam-pentru-ele\/\">lichenilor<\/a>, cu textura lor delicat\u0103, aduce o not\u0103 natural\u0103 \u0219i distinctiv\u0103, transform\u00e2nd fiecare marti\u0219or \u00eentr-o oper\u0103 de art\u0103 unic\u0103.<\/p>\n<p>Mesajul gravat subliniaz\u0103 simbolismul \u0219i emo\u021bia, oferind o poveste personalizat\u0103 \u00eentr-un mod subtil \u0219i elegant. Fiecare cuv\u00e2nt este atent selectat pentru a transmite o \u00eentreag\u0103 gam\u0103 de sentimente, f\u0103c\u00e2nd acest marti\u0219or nu doar un obiect decorativ, ci \u0219i o expresie profund\u0103 a afec\u021biunii.<\/p>\n<p>Practic \u0219i versatil, acest trifoi\u00a0 dispune de un magnet discret pe spate, permi\u021b\u00e2ndu-i s\u0103 fie expus pe diverse suprafe\u021be metalice. Acest detaliu ingenios adaug\u0103 un aspect practic, transform\u00e2nd marti\u0219orul \u00eentr-un ornament ce poate \u00eembog\u0103\u021bi orice spa\u021biu cu o not\u0103 de frumuse\u021be simpl\u0103 \u0219i autentic\u0103.<\/p>\n<p>Cump\u0103r\u0103torii vor aprecia nu doar aspectul estetic, ci \u0219i valoarea simbolic\u0103 \u0219i unicatul fiec\u0103rui marti\u0219or. Fie c\u0103 este achizi\u021bionat pentru a \u00eenc\u00e2nta pe cineva drag sau pentru a ad\u0103uga o not\u0103 de elegan\u021b\u0103 \u00een propriul spa\u021biu, Trifoiul cu licheni cu mesaj este un dar care r\u0103m\u00e2ne o amintire durabil\u0103 a frumuse\u021bii \u0219i tradi\u021biei \u00eentr-un singur gest.<\/p>\n<h4><strong>Specificatii Produs:<\/strong><\/h4>\n<ul>\n<li><strong>Material:<\/strong> Lemn de Albasia<\/li>\n<li><strong>Design:<\/strong> Form\u0103 de trifoi cu 4 foi, mesaj si licheni<\/li>\n<li><strong>Elemente Decorative:<\/strong> Licheni<\/li>\n<li><strong>Dimensiune martisor:<\/strong> 6cm x 6cm x 1cm<\/li>\n<li><strong>Dimensiuni cu ambalaj: <\/strong>13cm x 9cm x 1.5cm<\/li>\n<li><strong>Prindere:<\/strong> Magnet<\/li>\n<\/ul>\n<h4><strong>Livrare:<\/strong><\/h4>\n<ul>\n<li>pentru produsele aflate in stoc, beneficia\u021bi de expediere rapid\u0103 \u00een doar 1-3 zile<\/li>\n<li>in func\u021bie de num\u0103rul de comenzi, dac\u0103 produsul nu este pe stoc livrare poate varia \u00eentre 2-5 zile<\/li>\n<\/ul>","protected":false},"excerpt":{"rendered":"<p>Descriere: Trifoi cu licheni cu mesaj \u2013Martisor artizanal de lemn cu magnet Trifoi cu licheni cu mesaj &#8211; descoperi\u021bi farmecul unic al acestui marti\u0219or artizanal de lemn cu magnet, care aduce \u00een prim plan o experien\u021b\u0103 autentic\u0103 \u0219i plin\u0103 de semnifica\u021bii. Aceast mic obiect decorativ redefine\u0219te tradi\u021bia, \u00eembin\u00e2nd elementele naturii cu creativitatea artizanal\u0103 \u00eentr-un cadru [&hellip;]<\/p>\n","protected":false},"featured_media":255881,"comment_status":"open","ping_status":"closed","template":"","meta":{"_acf_changed":false,"_et_pb_use_builder":"","_et_pb_old_content":"","_et_gb_content_width":""},"product_brand":[],"product_cat":[82,51],"product_tag":[],"class_list":{"0":"post-255787","1":"product","2":"type-product","3":"status-publish","4":"has-post-thumbnail","6":"product_cat-1-8-martie","7":"product_cat-martisoare","9":"first","10":"instock","11":"taxable","12":"shipping-taxable","13":"purchasable","14":"product-type-variable"},"acf":[],"_links":{"self":[{"href":"https:\/\/crazybasket.ro\/en\/wp-json\/wp\/v2\/product\/255787","targetHints":{"allow":["GET"]}}],"collection":[{"href":"https:\/\/crazybasket.ro\/en\/wp-json\/wp\/v2\/product"}],"about":[{"href":"https:\/\/crazybasket.ro\/en\/wp-json\/wp\/v2\/types\/product"}],"replies":[{"embeddable":true,"href":"https:\/\/crazybasket.ro\/en\/wp-json\/wp\/v2\/comments?post=255787"}],"wp:featuredmedia":[{"embeddable":true,"href":"https:\/\/crazybasket.ro\/en\/wp-json\/wp\/v2\/media\/255881"}],"wp:attachment":[{"href":"https:\/\/crazybasket.ro\/en\/wp-json\/wp\/v2\/media?parent=255787"}],"wp:term":[{"taxonomy":"product_brand","embeddable":true,"href":"https:\/\/crazybasket.ro\/en\/wp-json\/wp\/v2\/product_brand?post=255787"},{"taxonomy":"product_cat","embeddable":true,"href":"https:\/\/crazybasket.ro\/en\/wp-json\/wp\/v2\/product_cat?post=255787"},{"taxonomy":"product_tag","embeddable":true,"href":"https:\/\/crazybasket.ro\/en\/wp-json\/wp\/v2\/product_tag?post=255787"}],"curies":[{"name":"wp","href":"https:\/\/api.w.org\/{rel}","templated":true}]}}