{"id":255782,"date":"2024-01-24T02:27:05","date_gmt":"2024-01-24T00:27:05","guid":{"rendered":"https:\/\/crazybasket.ro\/?post_type=product&#038;p=255782"},"modified":"2024-03-09T00:49:40","modified_gmt":"2024-03-08T22:49:40","slug":"trifoi-cu-licheni-martisor-artizanal-de-lemn-cu-magnet","status":"publish","type":"product","link":"https:\/\/crazybasket.ro\/en\/product\/trifoi-cu-licheni-martisor-artizanal-de-lemn-cu-magnet\/","title":{"rendered":"Trifoi cu licheni \u2013 Martisor artizanal de lemn cu magnet"},"content":{"rendered":"<h4><strong>Descriere:<\/strong><\/h4>\n<div class=\"flex-1 overflow-hidden\">\n<div class=\"react-scroll-to-bottom--css-xcswg-79elbk h-full\">\n<div class=\"react-scroll-to-bottom--css-xcswg-1n7m0yu\">\n<div class=\"flex flex-col pb-9 text-sm\">\n<div class=\"w-full text-token-text-primary\" data-testid=\"conversation-turn-9\">\n<div class=\"px-4 py-2 justify-center text-base md:gap-6 m-auto\">\n<div class=\"flex flex-1 text-base mx-auto gap-3 md:px-5 lg:px-1 xl:px-5 md:max-w-3xl lg:max-w-[40rem] xl:max-w-[48rem] group final-completion\">\n<div class=\"relative flex w-full flex-col lg:w-[calc(100%-115px)] agent-turn\">\n<div class=\"flex-col gap-1 md:gap-3\">\n<div class=\"flex flex-grow flex-col max-w-full\">\n<div class=\"min-h-[20px] text-message flex flex-col items-start gap-3 whitespace-pre-wrap break-words [.text-message+&amp;]:mt-5 overflow-x-auto\" data-message-author-role=\"assistant\" data-message-id=\"3faa1efb-fe82-4231-b956-a33d2fdba7bb\">\n<div class=\"markdown prose w-full break-words dark:prose-invert light\">\n<p>Trifoi cu licheni \u2013 Martisor artizanal de lemn cu magnet<\/p>\n<p><a href=\"https:\/\/crazybasket.ro\/product\/trifoi-cu-licheni-martisor-artizanal-de-lemn-cu-magnet\/\">Trifoiul cu licheni<\/a>, un marti\u0219or artizanal de lemn cu magnet, \u00eembin\u0103 natura \u0219i tradi\u021bia intr-un obiect decorativ inedit. Aceast\u0103 mic\u0103 crea\u021bie reprezint\u0103 o reinterpretare contemporan\u0103 a tradi\u021bionalului marti\u0219or, aduc\u00e2nd o not\u0103 autentic\u0103 \u0219i natural\u0103 \u00een celebrarea prim\u0103verii.<\/p>\n<p>Cu o structur\u0103 ingenioas\u0103, trifoiul este realizat din lemn de calitate, conferindu-i o durabilitate \u0219i elegan\u021b\u0103 aparte. Fiecare frunz\u0103 este atent conturat\u0103 \u0219i modelat\u0103 pentru a crea un aspect fin \u0219i detaliat. <a href=\"https:\/\/crazybasket.ro\/2024\/01\/25\/martisoare-cu-licheni-de-ce-sa-optam-pentru-ele\/\">Lichenii<\/a>, cu aspectul lor organic \u0219i unic, sunt delicat ata\u0219a\u021bi, aduc\u00e2nd o not\u0103 de autenticitate \u0219i originalitate. Acestia au o viata de pana la 5 ani si nu necesita ingrijiri, nici macar sa fie udati.<\/p>\n<p>Mesajul marti\u0219orului este transmis nu doar prin cuvinte, ci \u0219i prin textura natural\u0103 \u0219i paleta de culori a lichenilor. Ace\u0219tia nu doar \u00eembog\u0103\u021besc estetica, ci \u0219i simbolizeaz\u0103 rezisten\u021ba \u0219i frumuse\u021bea ce pot cre\u0219te \u00een cele mai nea\u0219teptate locuri.<\/p>\n<p>Practic \u0219i decorativ \u00een acela\u0219i timp, trifoiul dispune de un magnet discret pe partea din spate, permi\u021b\u00e2ndu-i s\u0103 fie expus pe suprafe\u021be metalice. Acest detaliu ingenios transform\u0103 marti\u0219orul \u00eentr-un obiect decorativ, ad\u0103ug\u00e2ndu-i valoare \u0219i versatilitate.<\/p>\n<p>Trifoiul cu licheni devine astfel nu doar un obiect tradi\u021bional de s\u0103rb\u0103toare, ci \u0219i o expresie a conexiunii dintre natur\u0103 \u0219i art\u0103. Este un dar cu adev\u0103rat special, aduc\u00e2nd bucurie \u0219i farmec \u00een via\u021ba celor care \u00eel primesc, \u0219i r\u0103m\u00e2n\u00e2nd o amintire memorabil\u0103 a frumuse\u021bii simple \u0219i autentice a prim\u0103verii.<\/p>\n<\/div>\n<\/div>\n<\/div>\n<\/div>\n<\/div>\n<\/div>\n<\/div>\n<\/div>\n<\/div>\n<\/div>\n<\/div>\n<\/div>\n<h4><strong>Specificatii Produs:<\/strong><\/h4>\n<ul>\n<li><strong>Material:<\/strong> Lemn de Albasia<\/li>\n<li><strong>Design:<\/strong> Form\u0103 de trifoi cu 4 foi si licheni<\/li>\n<li><strong>Elemente Decorative:<\/strong> Licheni<\/li>\n<li><strong>Dimensiune martisor:<\/strong> 5cm x 5cm x 1cm<\/li>\n<li><strong>Dimensiuni cu ambalaj: <\/strong>13cm x 9cm x 1.5cm<\/li>\n<li><strong>Prindere:<\/strong> Magnet<\/li>\n<\/ul>\n<h4><strong>Livrare:<\/strong><\/h4>\n<ul>\n<li>pentru produsele aflate in stoc, beneficia\u021bi de expediere rapid\u0103 \u00een doar 1-3 zile<\/li>\n<li>in func\u021bie de num\u0103rul de comenzi, dac\u0103 produsul nu este pe stoc livrare poate varia \u00eentre 2-5 zile<\/li>\n<\/ul>\n","protected":false},"excerpt":{"rendered":"<p>Descriere: Trifoi cu licheni \u2013 Martisor artizanal de lemn cu magnet Trifoiul cu licheni, un marti\u0219or artizanal de lemn cu magnet, \u00eembin\u0103 natura \u0219i tradi\u021bia intr-un obiect decorativ inedit. Aceast\u0103 mic\u0103 crea\u021bie reprezint\u0103 o reinterpretare contemporan\u0103 a tradi\u021bionalului marti\u0219or, aduc\u00e2nd o not\u0103 autentic\u0103 \u0219i natural\u0103 \u00een celebrarea prim\u0103verii. Cu o structur\u0103 ingenioas\u0103, trifoiul este realizat [&hellip;]<\/p>\n","protected":false},"featured_media":255938,"comment_status":"open","ping_status":"closed","template":"","meta":{"_acf_changed":false,"_et_pb_use_builder":"","_et_pb_old_content":"","_et_gb_content_width":""},"product_brand":[],"product_cat":[82,51],"product_tag":[],"class_list":{"0":"post-255782","1":"product","2":"type-product","3":"status-publish","4":"has-post-thumbnail","6":"product_cat-1-8-martie","7":"product_cat-martisoare","9":"first","10":"instock","11":"taxable","12":"shipping-taxable","13":"purchasable","14":"product-type-simple"},"acf":[],"_links":{"self":[{"href":"https:\/\/crazybasket.ro\/en\/wp-json\/wp\/v2\/product\/255782","targetHints":{"allow":["GET"]}}],"collection":[{"href":"https:\/\/crazybasket.ro\/en\/wp-json\/wp\/v2\/product"}],"about":[{"href":"https:\/\/crazybasket.ro\/en\/wp-json\/wp\/v2\/types\/product"}],"replies":[{"embeddable":true,"href":"https:\/\/crazybasket.ro\/en\/wp-json\/wp\/v2\/comments?post=255782"}],"wp:featuredmedia":[{"embeddable":true,"href":"https:\/\/crazybasket.ro\/en\/wp-json\/wp\/v2\/media\/255938"}],"wp:attachment":[{"href":"https:\/\/crazybasket.ro\/en\/wp-json\/wp\/v2\/media?parent=255782"}],"wp:term":[{"taxonomy":"product_brand","embeddable":true,"href":"https:\/\/crazybasket.ro\/en\/wp-json\/wp\/v2\/product_brand?post=255782"},{"taxonomy":"product_cat","embeddable":true,"href":"https:\/\/crazybasket.ro\/en\/wp-json\/wp\/v2\/product_cat?post=255782"},{"taxonomy":"product_tag","embeddable":true,"href":"https:\/\/crazybasket.ro\/en\/wp-json\/wp\/v2\/product_tag?post=255782"}],"curies":[{"name":"wp","href":"https:\/\/api.w.org\/{rel}","templated":true}]}}