{"id":255732,"date":"2024-01-23T01:12:31","date_gmt":"2024-01-22T23:12:31","guid":{"rendered":"https:\/\/crazybasket.ro\/?post_type=product&#038;p=255732"},"modified":"2024-03-09T00:49:42","modified_gmt":"2024-03-08T22:49:42","slug":"inimioare-cu-diverse-mesaje-martisor-artizanal-de-lemn-cu-magnet","status":"publish","type":"product","link":"https:\/\/crazybasket.ro\/en\/product\/inimioare-cu-diverse-mesaje-martisor-artizanal-de-lemn-cu-magnet\/","title":{"rendered":"Inimioare cu diverse mesaje &#8211; Martisor artizanal de lemn cu magnet"},"content":{"rendered":"<h4><strong>Descriere:<\/strong><\/h4>\n<p><a href=\"https:\/\/crazybasket.ro\/en\/product\/inimioare-cu-diverse-mesaje-martisor-artizanal-de-lemn-cu-magnet\/\">Inimioare cu diverse mesaje<\/a> &#8211; Martisor artizanal de lemn cu magnet<\/p>\n<p>Descoper\u0103 colec\u021bia noastr\u0103\u00a0 de inimioare cu diverse mesaje, autentice \u0219i delicate m\u0103r\u021bi\u0219oare artizanale din lemn, \u00eentruchip\u00e2nd spiritul tradi\u021bional al prim\u0103verii. Fiecare inimioar\u0103 este sculptat\u0103 cu m\u0103iestrie, devenind o mic\u0103 oper\u0103 de art\u0103 cu un magnet.<\/p>\n<p>Mesajele inscrip\u021bionate transmit emo\u021bii profunde, de la ur\u0103ri calde de prim\u0103var\u0103 la simboluri de dragoste \u0219i noroc. Aceste mesaje nu sunt lungi insa sunt alese cu atentie pentru ati inveseli ziua. M\u0103r\u021bi\u0219oarele cu inimioare sunt expresii autentice ale sentimentelor, potrivite pentru a oferi cadouri \u00eenc\u0103rcate de semnifica\u021bie.<\/p>\n<p>Fiecare detaliu al inimioarelor reflect\u0103 me\u0219te\u0219ugul\u00a0 \u0219i dragostea pentru tradi\u021bie, oferindu-\u021bi posibilitatea de a alege \u00eentre diverse mesaje. Fiecare dintre aceste mesaje are farmecul sau unic.\u00a0 Avand magnet aceste\u00a0 m\u0103r\u021bi\u0219oare se pot transforma u\u0219or \u00een bijuterii pentru frigider sau orice alt loc de unde le po\u021bi admira. Avantajul acestor martisoare este ca nu se deterioreaza si pot fi daruite ca si martisor sau ca si cadou pentru ocazii,<\/p>\n<p>Alege s\u0103 oferi un m\u0103r\u021bi\u0219or special \u0219i memorabil cu inimioarele noastre artizanale cu diverse mesaje, aduc\u00e2nd bucurie \u0219i c\u0103ldur\u0103 \u00een sufletele celor dragi. Cu unicitatea fiec\u0103rei inimi \u0219i mesajele lor \u00eenc\u00e2nt\u0103toare, aceste m\u0103r\u021bi\u0219oare reprezint\u0103 alegerea perfect\u0103 pentru a celebra tradi\u021bia \u0219i frumuse\u021bea prim\u0103verii \u00eentr-un mod autentic \u0219i rafinat.<\/p>\n<p>Asteptam cu interers comenzile voastre pentru aceste martisoare unice. Inimioare cu diverse mesaje care au o durta de viata foarte mare si de care nu te plictisesti niciodata te astepta sa le faci cadou.<\/p>\n<h4><strong>Specificatii Produs:<\/strong><\/h4>\n<ul>\n<li><strong>Material:<\/strong> Lemn de Albasia<\/li>\n<li><strong>Design:<\/strong> Inimioara cu mesaj<\/li>\n<li><strong>Dimensiuni martisor:<\/strong> 5cm x 5cm x 1cm<\/li>\n<li><strong>Dimensiuni cu ambalaj:<\/strong> 13cm x 9cm x 1.5cm<\/li>\n<li><strong>Prindere:<\/strong> Magnet<\/li>\n<\/ul>\n<h4><strong>Livrare:<\/strong><\/h4>\n<ul>\n<li>pentru produsele aflate in stoc, beneficia\u021bi de expediere rapid\u0103 \u00een doar 1-3 zile<\/li>\n<li>in func\u021bie de num\u0103rul de comenzi, dac\u0103 produsul nu este pe stoc livrare poate varia \u00eentre 2-5 zile<\/li>\n<\/ul>","protected":false},"excerpt":{"rendered":"<p>Descriere: Inimioare cu diverse mesaje &#8211; Martisor artizanal de lemn cu magnet Descoper\u0103 colec\u021bia noastr\u0103\u00a0 de inimioare cu diverse mesaje, autentice \u0219i delicate m\u0103r\u021bi\u0219oare artizanale din lemn, \u00eentruchip\u00e2nd spiritul tradi\u021bional al prim\u0103verii. Fiecare inimioar\u0103 este sculptat\u0103 cu m\u0103iestrie, devenind o mic\u0103 oper\u0103 de art\u0103 cu un magnet. Mesajele inscrip\u021bionate transmit emo\u021bii profunde, de la ur\u0103ri [&hellip;]<\/p>\n","protected":false},"featured_media":255984,"comment_status":"open","ping_status":"closed","template":"","meta":{"_acf_changed":false,"_et_pb_use_builder":"","_et_pb_old_content":"","_et_gb_content_width":""},"product_brand":[],"product_cat":[82,51],"product_tag":[],"class_list":{"0":"post-255732","1":"product","2":"type-product","3":"status-publish","4":"has-post-thumbnail","6":"product_cat-1-8-martie","7":"product_cat-martisoare","9":"first","10":"instock","11":"taxable","12":"shipping-taxable","13":"purchasable","14":"product-type-variable"},"acf":[],"_links":{"self":[{"href":"https:\/\/crazybasket.ro\/en\/wp-json\/wp\/v2\/product\/255732","targetHints":{"allow":["GET"]}}],"collection":[{"href":"https:\/\/crazybasket.ro\/en\/wp-json\/wp\/v2\/product"}],"about":[{"href":"https:\/\/crazybasket.ro\/en\/wp-json\/wp\/v2\/types\/product"}],"replies":[{"embeddable":true,"href":"https:\/\/crazybasket.ro\/en\/wp-json\/wp\/v2\/comments?post=255732"}],"wp:featuredmedia":[{"embeddable":true,"href":"https:\/\/crazybasket.ro\/en\/wp-json\/wp\/v2\/media\/255984"}],"wp:attachment":[{"href":"https:\/\/crazybasket.ro\/en\/wp-json\/wp\/v2\/media?parent=255732"}],"wp:term":[{"taxonomy":"product_brand","embeddable":true,"href":"https:\/\/crazybasket.ro\/en\/wp-json\/wp\/v2\/product_brand?post=255732"},{"taxonomy":"product_cat","embeddable":true,"href":"https:\/\/crazybasket.ro\/en\/wp-json\/wp\/v2\/product_cat?post=255732"},{"taxonomy":"product_tag","embeddable":true,"href":"https:\/\/crazybasket.ro\/en\/wp-json\/wp\/v2\/product_tag?post=255732"}],"curies":[{"name":"wp","href":"https:\/\/api.w.org\/{rel}","templated":true}]}}