{"id":255725,"date":"2024-01-23T00:21:46","date_gmt":"2024-01-22T22:21:46","guid":{"rendered":"https:\/\/crazybasket.ro\/?post_type=product&#038;p=255725"},"modified":"2024-03-09T00:49:39","modified_gmt":"2024-03-08T22:49:39","slug":"potcoava-gravata-cu-ac-de-brosa-martisor-artizanal-de-lemn","status":"publish","type":"product","link":"https:\/\/crazybasket.ro\/en\/product\/potcoava-gravata-cu-ac-de-brosa-martisor-artizanal-de-lemn\/","title":{"rendered":"Potcoava gravata cu ac de brosa &#8211; Martisor artizanal de lemn"},"content":{"rendered":"<h4><strong>Descriere:<\/strong><\/h4>\n<p><a href=\"https:\/\/crazybasket.ro\/en\/product\/potcoava-gravata-cu-ac-de-brosa-martisor-artizanal-de-lemn\/\">Potcoava gravata cu ac de brosa<\/a> &#8211; Martisor artizanal de lemn<\/p>\n<p>Potcoava gravata\u00a0 \u00a0poate ad\u0103uga o dimensiune suplimentar\u0103 de valoare \u0219i simbolism. Gravarea pe potcoav\u0103 poate conferi unicitate \u0219i ad\u00e2ncime obiectului, aduc\u00e2nd cu sine mai multe \u00een\u021belesuri \u0219i semnifica\u021bii,<\/p>\n<p>Dac\u0103 potcoava gravat\u0103 este oferit\u0103 ca si cadou, gravarea poate marca o ocazie special\u0103 sau poate fi asociat\u0103 cu amintiri valoroase. Detaliile gravate pot include date importante, nume sau evenimente relevante.<\/p>\n<p>Dat fiind c\u0103 \u00ee\u0219i are originea ca parte a echipamentului pentru cai, potcoava p\u0103streaz\u0103 o conexiune semnificativ\u0103 cu universul animal \u0219i cu activit\u0103\u021bile agricole. Astfel, ea devine adesea simbolul for\u021bei, muncii asidue \u0219i loialit\u0103\u021bii asociate cu aceste creaturi.<\/p>\n<p>Cu dimensiunile sale delicate, aceast\u0103 potcoav\u0103 gravat\u0103 poate fi purtat\u0103 cu m\u00e2ndrie ca bro\u0219\u0103, aduc\u00e2nd un strop de elegan\u021b\u0103 \u00een fiecare \u021binut\u0103. Mesajul subtil al m\u0103r\u021bi\u0219orului, \u00eembinat cu aceast\u0103 potcoav\u0103 unic\u0103, aduce noroc, for\u021b\u0103 \u0219i un farmec aparte \u00een s\u0103rb\u0103toarea prim\u0103verii. Avand in vedere ca are atasat un ac de brosa acesta se poate asorta cu usurinta orcarei tinute, sau poate fi purtata ca accesoriu la geanta, palarie, ghiozdan etc.<\/p>\n<p>Fiecare detaliu sculptat \u00een lemnul pre\u021bios adaug\u0103 o not\u0103 de autenticitate \u0219i calitate <a href=\"https:\/\/crazybasket.ro\/en\/2024\/01\/25\/produsele-artizanale-o-calatorie-in-lumea-creativitatii\/\">artizanal\u0103<\/a>. Potcoava gravata cu ac de bro\u0219\u0103 devine astfel un simbol atemporal al tradi\u021biei, transformat \u00eentr-o bijuterie cu impact \u0219i semnifica\u021bie special\u0103. Opteaz\u0103 pentru aceast\u0103 crea\u021bie original\u0103 \u0219i adaug\u0103 un element de elegan\u021b\u0103 tradi\u021bional\u0103 \u00een celebrarea m\u0103r\u021bi\u0219orului. Asteptam comezile pentru acest martisor unic si inedit.<\/p>\n<h4><strong>Specificatii Produs:<\/strong><\/h4>\n<ul>\n<li><strong>Material:<\/strong> Lemn natural Albasia<\/li>\n<li><strong>Design:<\/strong> Potcoav\u0103 gravat\u0103<\/li>\n<li><strong>Dimensiuni martisor:<\/strong> 3.5cm x 4 cm x 1cm<\/li>\n<li><strong>Dimensiuni cu ambalaj: <\/strong>10cm x 5.5cm x 1.5cm<\/li>\n<li><strong>Prindere:<\/strong> Bros\u0103 pentru o fixare comod\u0103 \u0219i elegant\u0103.<\/li>\n<\/ul>\n<h4><strong>Livrare:<\/strong><\/h4>\n<ul>\n<li>pentru produsele aflate in stoc, beneficia\u021bi de expediere rapid\u0103 \u00een doar 1-3 zile<\/li>\n<li>in func\u021bie de num\u0103rul de comenzi, dac\u0103 produsul nu este pe stoc livrare poate varia \u00eentre 2-5 zile<\/li>\n<\/ul>","protected":false},"excerpt":{"rendered":"<p>Descriere: Potcoava gravata cu ac de brosa &#8211; Martisor artizanal de lemn Potcoava gravata\u00a0 \u00a0poate ad\u0103uga o dimensiune suplimentar\u0103 de valoare \u0219i simbolism. Gravarea pe potcoav\u0103 poate conferi unicitate \u0219i ad\u00e2ncime obiectului, aduc\u00e2nd cu sine mai multe \u00een\u021belesuri \u0219i semnifica\u021bii, Dac\u0103 potcoava gravat\u0103 este oferit\u0103 ca si cadou, gravarea poate marca o ocazie special\u0103 sau [&hellip;]<\/p>\n","protected":false},"featured_media":255854,"comment_status":"open","ping_status":"closed","template":"","meta":{"_acf_changed":false,"_et_pb_use_builder":"","_et_pb_old_content":"","_et_gb_content_width":""},"product_brand":[],"product_cat":[82,51],"product_tag":[],"class_list":{"0":"post-255725","1":"product","2":"type-product","3":"status-publish","4":"has-post-thumbnail","6":"product_cat-1-8-martie","7":"product_cat-martisoare","9":"first","10":"instock","11":"taxable","12":"shipping-taxable","13":"purchasable","14":"product-type-simple"},"acf":[],"_links":{"self":[{"href":"https:\/\/crazybasket.ro\/en\/wp-json\/wp\/v2\/product\/255725","targetHints":{"allow":["GET"]}}],"collection":[{"href":"https:\/\/crazybasket.ro\/en\/wp-json\/wp\/v2\/product"}],"about":[{"href":"https:\/\/crazybasket.ro\/en\/wp-json\/wp\/v2\/types\/product"}],"replies":[{"embeddable":true,"href":"https:\/\/crazybasket.ro\/en\/wp-json\/wp\/v2\/comments?post=255725"}],"wp:featuredmedia":[{"embeddable":true,"href":"https:\/\/crazybasket.ro\/en\/wp-json\/wp\/v2\/media\/255854"}],"wp:attachment":[{"href":"https:\/\/crazybasket.ro\/en\/wp-json\/wp\/v2\/media?parent=255725"}],"wp:term":[{"taxonomy":"product_brand","embeddable":true,"href":"https:\/\/crazybasket.ro\/en\/wp-json\/wp\/v2\/product_brand?post=255725"},{"taxonomy":"product_cat","embeddable":true,"href":"https:\/\/crazybasket.ro\/en\/wp-json\/wp\/v2\/product_cat?post=255725"},{"taxonomy":"product_tag","embeddable":true,"href":"https:\/\/crazybasket.ro\/en\/wp-json\/wp\/v2\/product_tag?post=255725"}],"curies":[{"name":"wp","href":"https:\/\/api.w.org\/{rel}","templated":true}]}}