{"id":255711,"date":"2024-01-22T23:29:14","date_gmt":"2024-01-22T21:29:14","guid":{"rendered":"https:\/\/crazybasket.ro\/?post_type=product&#038;p=255711"},"modified":"2026-04-12T02:13:11","modified_gmt":"2026-04-11T23:13:11","slug":"buburuza-in-doua-culori-cu-brosa-martisor-artizanal-de-lemn","status":"publish","type":"product","link":"https:\/\/crazybasket.ro\/en\/product\/buburuza-in-doua-culori-cu-brosa-martisor-artizanal-de-lemn\/","title":{"rendered":"Buburuza in doua culori cu brosa &#8211; Martisor artizanal de lemn"},"content":{"rendered":"<h4><strong>Descriere:<\/strong><\/h4>\n<p>Buburuza in doua culori cu brosa &#8211; martisor artizanal de lemn<\/p>\n<p>Bucura\u021bi-v\u0103 de farmecul prim\u0103verii cu Marti\u0219orul Artizanal de Lemn &#8211; buburuza \u00een dou\u0103 culori, cu o prindere delicat\u0103 sub form\u0103 de bro\u0219\u0103. Inspirat de natur\u0103, acest marti\u0219or aduce un strop de bucurie \u0219i originalitate \u00een s\u0103rb\u0103toarea dumneavoastr\u0103 de 1 Martie.<\/p>\n<p>\u00cen primul r\u00e2nd, v\u0103 prezent\u0103m o bijuterie distinctiv\u0103 &#8211; buburuza in doua culori \u00eentr-o armonie perfect\u0103 de culori. Aceast\u0103 mic\u0103 creatur\u0103 adorabil\u0103 este delicat gravat\u0103 \u00een lemn, iar prinderea cu bro\u0219\u0103 \u00eel face u\u0219or de purtat \u0219i de afi\u0219at cu m\u00e2ndrie.<\/p>\n<p>Martisorul artizanal se remarc\u0103 prin detalii fine \u0219i design captivant. Buburuza in doua culori se contureaz\u0103 \u00eentr-un mod care aduce o not\u0103 de vivacitate \u0219i veselie, fiind simbolul perfect al renasterii prim\u0103verii.<\/p>\n<p>Fiecare element al acestui marti\u0219or reflect\u0103 m\u0103iestria \u0219i aten\u021bia la detalii. O alegere perfect\u0103 pentru cei care doresc s\u0103 \u00ee\u0219i exprime bucuria \u0219i aprecierea pentru natur\u0103 printr-un cadou deosebit de 1 Martie.<\/p>\n<p>\u00cen multe culturi, buburuza este considerat\u0103 un simbol al norocului \u0219i al vestilor bune. Legenda spune c\u0103, atunci c\u00e2nd o buburuz\u0103 se a\u0219eaz\u0103 pe tine\u00a0 este un semn c\u0103 vei avea parte de noroc \u00een cur\u00e2nd. Num\u0103rul de pete de pe spatele unei buburuze se spune c\u0103 indic\u0103 lunile r\u0103mase p\u00e2n\u0103 la sosirea verii.<\/p>\n<p>\u00cen unele tradi\u021bii, buburuza este asociat\u0103 cu protec\u021bia iar g\u0103sirea uneia poate fi considerat\u0103 o confirmare c\u0103 vei fi ocrotit sau c\u0103 ai motive de bucurie \u00een viitor. Aceast\u0103 interpretare pozitiv\u0103 a simbolului buburuzei poate varia \u00een func\u021bie de cultur\u0103 \u0219i de tradi\u021biile locale.<\/p>\n<p>\u00cen concluzie, Marti\u0219orul Artizanal de Lemn &#8211; Buburuza \u00een dou\u0103 culori \u00eembin\u0103 frumuse\u021bea natural\u0103 cu tradi\u021bia, oferindu-v\u0103 o modalitate unic\u0103 de a marca aceast\u0103 s\u0103rb\u0103toare. Bucura\u021bi-v\u0103 de puritatea \u0219i optimismul pe care-l aduce acest mic simbol de prim\u0103var\u0103.<\/p>\n<h4><strong>Specificatii Produs:<\/strong><\/h4>\n<ul>\n<li><strong>Material:<\/strong> Lemn de Albasia<\/li>\n<li><strong>Design:<\/strong> Buburuza rosu cu negru | galben cu negru | portocaliu cu negru<\/li>\n<li><strong>Dimensiuni:<\/strong> 3.5cm x 3 cm<\/li>\n<li><strong>Prindere:<\/strong> Bros\u0103 pentru o fixare comod\u0103 \u0219i elegant\u0103.<\/li>\n<\/ul>\n<h4><strong>Livrare:<\/strong><\/h4>\n<ul>\n<li>pentru produsele aflate in stoc, beneficia\u021bi de expediere rapid\u0103 \u00een doar 1-3 zile<\/li>\n<li>in func\u021bie de num\u0103rul de comenzi, dac\u0103 produsul nu este pe stoc livrare poate varia \u00eentre 2-5 zile<\/li>\n<\/ul>","protected":false},"excerpt":{"rendered":"<p>Descriere: Buburuza in doua culori cu brosa &#8211; martisor artizanal de lemn Bucura\u021bi-v\u0103 de farmecul prim\u0103verii cu Marti\u0219orul Artizanal de Lemn &#8211; buburuza \u00een dou\u0103 culori, cu o prindere delicat\u0103 sub form\u0103 de bro\u0219\u0103. Inspirat de natur\u0103, acest marti\u0219or aduce un strop de bucurie \u0219i originalitate \u00een s\u0103rb\u0103toarea dumneavoastr\u0103 de 1 Martie. \u00cen primul r\u00e2nd, [&hellip;]<\/p>\n","protected":false},"featured_media":256248,"comment_status":"open","ping_status":"closed","template":"","meta":{"_acf_changed":false,"_et_pb_use_builder":"","_et_pb_old_content":"","_et_gb_content_width":""},"product_brand":[],"product_cat":[82,51],"product_tag":[],"class_list":{"0":"post-255711","1":"product","2":"type-product","3":"status-publish","4":"has-post-thumbnail","6":"product_cat-1-8-martie","7":"product_cat-martisoare","9":"first","10":"instock","11":"taxable","12":"shipping-taxable","13":"purchasable","14":"product-type-variable","15":"has-default-attributes"},"acf":[],"_links":{"self":[{"href":"https:\/\/crazybasket.ro\/en\/wp-json\/wp\/v2\/product\/255711","targetHints":{"allow":["GET"]}}],"collection":[{"href":"https:\/\/crazybasket.ro\/en\/wp-json\/wp\/v2\/product"}],"about":[{"href":"https:\/\/crazybasket.ro\/en\/wp-json\/wp\/v2\/types\/product"}],"replies":[{"embeddable":true,"href":"https:\/\/crazybasket.ro\/en\/wp-json\/wp\/v2\/comments?post=255711"}],"wp:featuredmedia":[{"embeddable":true,"href":"https:\/\/crazybasket.ro\/en\/wp-json\/wp\/v2\/media\/256248"}],"wp:attachment":[{"href":"https:\/\/crazybasket.ro\/en\/wp-json\/wp\/v2\/media?parent=255711"}],"wp:term":[{"taxonomy":"product_brand","embeddable":true,"href":"https:\/\/crazybasket.ro\/en\/wp-json\/wp\/v2\/product_brand?post=255711"},{"taxonomy":"product_cat","embeddable":true,"href":"https:\/\/crazybasket.ro\/en\/wp-json\/wp\/v2\/product_cat?post=255711"},{"taxonomy":"product_tag","embeddable":true,"href":"https:\/\/crazybasket.ro\/en\/wp-json\/wp\/v2\/product_tag?post=255711"}],"curies":[{"name":"wp","href":"https:\/\/api.w.org\/{rel}","templated":true}]}}