{"id":255710,"date":"2024-01-22T23:05:52","date_gmt":"2024-01-22T21:05:52","guid":{"rendered":"https:\/\/crazybasket.ro\/?post_type=product&#038;p=255710"},"modified":"2026-04-12T02:13:11","modified_gmt":"2026-04-11T23:13:11","slug":"costum-popular-cu-brosa-martisor-artizanal-de-lemn-fundal-alb","status":"publish","type":"product","link":"https:\/\/crazybasket.ro\/en\/product\/costum-popular-cu-brosa-martisor-artizanal-de-lemn-fundal-alb\/","title":{"rendered":"Costum popular cu brosa &#8211; Martisor artizanal de lemn &#8211;  fundal alb"},"content":{"rendered":"<h4><strong>Descriere:<\/strong><\/h4>\n<p>Martisor artizanal de lemn &#8211; Costum popular cu brosa<\/p>\n<p>\u00cen universul nostru dedicat M\u0103r\u021bi\u0219orului, v\u0103 invit\u0103m s\u0103 descoperi\u021bi fascina\u021bia Marti\u0219oarelor Artizanale din Lemn, opere unice, \u00eembinate cu tradi\u021bia \u0219i inova\u021bia. Cu aten\u021bie la detalii, fiecare marti\u0219or devine o mic\u0103 oper\u0103 de art\u0103,\u00a0 pentru a aduce farmec \u0219i originalitate \u00een s\u0103rb\u0103toarea prim\u0103verii.<\/p>\n<p>Fiecare bucat\u0103 din colec\u021bia noastr\u0103 este realizat\u0103 cu pasiune, cu mesajul subtil al prim\u0103verii gravat \u00een lemn pre\u021bios.<\/p>\n<p>\u00cen completarea acestui univers, oferim \u0219i o colec\u021bie de brose &#8211; costum popular cu brosa &#8211;\u00a0 ce pot aduce o not\u0103 autentic\u0103 \u0219i elegant\u0103 \u021binutelor . Bro\u0219a, ca detaliu central, accentueaz\u0103 frumuse\u021bea \u0219i bog\u0103\u021bia cultural\u0103, cre\u00e2nd astfel o expresie contemporan\u0103 a tradi\u021biei.<\/p>\n<p>Cu un fundal alb imaculat, M\u0103r\u021bi\u0219orul \u0219i costumul popular se contureaz\u0103 \u00eentr-un tablou de elegan\u021b\u0103 \u0219i puritate. Acest fundal serve\u0219te ca canvas perfect pentru a eviden\u021bia detaliile rafinate ale fiec\u0103rui marti\u0219or \u0219i a pune \u00een valoare frumuse\u021bea costumului popular.<\/p>\n<p>Ia tradi\u021bional\u0103 nu este doar o pies\u0103 de \u00eembr\u0103c\u0103minte, ci \u0219i un simbol al identit\u0103\u021bii culturale \u0219i al spiritului comunit\u0103\u021bii. Broderiile bogate pe ie transmit adesea mesaje specifice, precum starea civil\u0103, apartenen\u021ba la o anumit\u0103 zon\u0103 geografic\u0103 sau povestea\u00a0 purt\u0103torului.<\/p>\n<p>\u00cen concluzie, \u00eembin\u00e2nd tradi\u021bia m\u0103r\u021bi\u0219orului artizanal din lemn cu elegan\u021ba costumelor populare, colec\u021bia noastr\u0103 ofer\u0103 o experien\u021b\u0103 unic\u0103, \u00eenc\u00e2nt\u0103toare \u0219i autentic\u0103. Descoper\u0103 acum universul nostru \u0219i \u00eembr\u0103\u021bi\u0219eaz\u0103 frumuse\u021bea tradi\u021biei \u00eentr-o form\u0103 contemporan\u0103.<\/p>\n<p>Experimenta\u021bi elegan\u021ba \u0219i tradi\u021bia \u00eentr-un singur gest cu acest Martisor artizanal costum popular cu brosa care aduce farmecul costumului popular la via\u021b\u0103. Bucura\u021bi-v\u0103 de simbolismul bogat \u0219i originalitatea acestei bijuterii, care s\u0103rb\u0103tore\u0219te \u00een mod autentic spiritul Martisorului.<\/p>\n<h4><strong>Specificatii Produs:<\/strong><\/h4>\n<ul>\n<li><strong>Material:<\/strong> Lemn MDF alb<\/li>\n<li><strong>Design:<\/strong> Costum popular cu motive traditionale<\/li>\n<li><strong>Dimensiuni:<\/strong> 3.5cm x 4 cm<\/li>\n<li><strong>Prindere:<\/strong> Bros\u0103 pentru o fixare comod\u0103 \u0219i elegant\u0103.<\/li>\n<\/ul>\n<h4><strong>Livrare:<\/strong><\/h4>\n<ul>\n<li>pentru produsele aflate in stoc, beneficia\u021bi de expediere rapid\u0103 \u00een doar 1-3 zile<\/li>\n<li>in func\u021bie de num\u0103rul de comenzi, dac\u0103 produsul nu este pe stoc livrare poate varia \u00eentre 2-5 zile<\/li>\n<\/ul>","protected":false},"excerpt":{"rendered":"<p>Descriere: Martisor artizanal de lemn &#8211; Costum popular cu brosa \u00cen universul nostru dedicat M\u0103r\u021bi\u0219orului, v\u0103 invit\u0103m s\u0103 descoperi\u021bi fascina\u021bia Marti\u0219oarelor Artizanale din Lemn, opere unice, \u00eembinate cu tradi\u021bia \u0219i inova\u021bia. Cu aten\u021bie la detalii, fiecare marti\u0219or devine o mic\u0103 oper\u0103 de art\u0103,\u00a0 pentru a aduce farmec \u0219i originalitate \u00een s\u0103rb\u0103toarea prim\u0103verii. Fiecare bucat\u0103 din [&hellip;]<\/p>\n","protected":false},"featured_media":256244,"comment_status":"open","ping_status":"closed","template":"","meta":{"_acf_changed":false,"_et_pb_use_builder":"","_et_pb_old_content":"","_et_gb_content_width":""},"product_brand":[],"product_cat":[82,51],"product_tag":[],"class_list":{"0":"post-255710","1":"product","2":"type-product","3":"status-publish","4":"has-post-thumbnail","6":"product_cat-1-8-martie","7":"product_cat-martisoare","9":"first","10":"instock","11":"sale","12":"taxable","13":"shipping-taxable","14":"purchasable","15":"product-type-simple"},"acf":[],"_links":{"self":[{"href":"https:\/\/crazybasket.ro\/en\/wp-json\/wp\/v2\/product\/255710","targetHints":{"allow":["GET"]}}],"collection":[{"href":"https:\/\/crazybasket.ro\/en\/wp-json\/wp\/v2\/product"}],"about":[{"href":"https:\/\/crazybasket.ro\/en\/wp-json\/wp\/v2\/types\/product"}],"replies":[{"embeddable":true,"href":"https:\/\/crazybasket.ro\/en\/wp-json\/wp\/v2\/comments?post=255710"}],"wp:featuredmedia":[{"embeddable":true,"href":"https:\/\/crazybasket.ro\/en\/wp-json\/wp\/v2\/media\/256244"}],"wp:attachment":[{"href":"https:\/\/crazybasket.ro\/en\/wp-json\/wp\/v2\/media?parent=255710"}],"wp:term":[{"taxonomy":"product_brand","embeddable":true,"href":"https:\/\/crazybasket.ro\/en\/wp-json\/wp\/v2\/product_brand?post=255710"},{"taxonomy":"product_cat","embeddable":true,"href":"https:\/\/crazybasket.ro\/en\/wp-json\/wp\/v2\/product_cat?post=255710"},{"taxonomy":"product_tag","embeddable":true,"href":"https:\/\/crazybasket.ro\/en\/wp-json\/wp\/v2\/product_tag?post=255710"}],"curies":[{"name":"wp","href":"https:\/\/api.w.org\/{rel}","templated":true}]}}