{"id":255709,"date":"2024-01-22T22:22:52","date_gmt":"2024-01-22T20:22:52","guid":{"rendered":"https:\/\/crazybasket.ro\/?post_type=product&#038;p=255709"},"modified":"2026-04-12T02:13:11","modified_gmt":"2026-04-11T23:13:11","slug":"martisor-artizanal-de-lemn-costum-popular-traditional-cu-brosa","status":"publish","type":"product","link":"https:\/\/crazybasket.ro\/en\/product\/martisor-artizanal-de-lemn-costum-popular-traditional-cu-brosa\/","title":{"rendered":"Martisor artizanal de lemn-Costum popular cu motive traditionale, cu brosa"},"content":{"rendered":"<h4><strong>Descriere:<\/strong><\/h4>\n<p>\u00cen s\u0103rb\u0103toarea prim\u0103verii, aducem \u00een prim-plan o bijuterie aparte:\u00a0 costum popular cu motive traditionale.<\/p>\n<p>Aceast\u0103 crea\u021bie plin\u0103 de farmec aduce laolalt\u0103 tradi\u021bia \u0219i inova\u021bia, \u00eencapsul\u00e2nd autenticitatea \u0219i rafinamentul unui costum popular \u00een fiecare detaliu.<\/p>\n<p>Acest costum popular cu motive traditionale, devine protagonistul acestei bijuterii, \u00eembin\u00e2nd armonios elementele clasice cu calitatea lemnului natural. Fiecare m\u0103r\u021bi\u0219or este o mic\u0103 capodoper\u0103, gravat\u0103 cu iscusin\u021b\u0103 pentru a reda farmecul etnic \u0219i tradi\u021bional. Acesta devine un omagiu adus mo\u0219tenirii culturale, transmi\u021b\u00e2nd caldura \u0219i spiritul autentic al portului popular rom\u00e2nesc.<\/p>\n<p>Cu o prindere elegant\u0103 sub form\u0103 de bro\u0219\u0103, m\u0103r\u021bi\u0219orul poate fi purtat cu gra\u021bie pe orice articole vestimentare, ad\u0103ug\u00e2nd un touch distinct de tradi\u021bie \u0219i originalitate. Fiecare detaliu al costumului popular re\u00eenvie \u00eentr-un mod contemporan, oferindu-v\u0103 o pies\u0103 unic\u0103 care celebreaz\u0103 frumuse\u021bea diversit\u0103\u021bii culturale.<\/p>\n<p>Decoarece aceast martisor cu costum popular cu motive traditionale are atasat un ac de brosa, se poate purta atat la haine cat si la palarii, genti, sacosi etc.<\/p>\n<p>Martisorul artizanal de lemn cu costum popular traditional este nu doar o bijuterie, ci \u0219i o declara\u021bie de respect fa\u021b\u0103 de tradi\u021bie \u0219i identitatea cultural\u0103. Aceast\u0103 mic\u0103 capodoper\u0103 aduce \u00een prim-plan esen\u021ba s\u0103rb\u0103torii m\u0103r\u021bi\u0219orului \u00eentr-un mod autentic \u0219i inedit.<\/p>\n<p>Descoperi\u021bi frumuse\u021bea unui m\u0103r\u021bi\u0219or care p\u0103streaz\u0103 \u0219i transmite cu m\u00e2ndrie motivele tradi\u021bionale, aduc\u00e2nd un omagiu costumului popular \u0219i \u00eembog\u0103\u021bind simbolic fiecare zi a prim\u0103verii. Alege\u021bi s\u0103 oferi\u021bi sau s\u0103 purta\u021bi aceast\u0103 bijuterie aparte \u0219i transforma\u021bi s\u0103rb\u0103toarea \u00eentr-un moment cu adev\u0103rat special \u0219i autentic.<\/p>\n<p>Asteptam comezni pentru acesta bijuterie traditionala.<\/p>\n<h4><strong>Specificatii Produs:<\/strong><\/h4>\n<ul>\n<li><strong>Material:<\/strong> Lemn natural Albasia<\/li>\n<li><strong>Design:<\/strong> Costum popular cu motive traditionale<\/li>\n<li><strong>Dimensiuni:<\/strong> 3.5cm x 4 cm<\/li>\n<li><strong>Prindere:<\/strong> Bros\u0103 pentru o fixare comod\u0103 \u0219i elegant\u0103.<\/li>\n<\/ul>\n<h4><strong>Livrare:<\/strong><\/h4>\n<ul>\n<li>pentru produsele aflate in stoc, beneficia\u021bi de expediere rapid\u0103 \u00een doar 1-3 zile<\/li>\n<li>in func\u021bie de num\u0103rul de comenzi, dac\u0103 produsul nu este pe stoc livrare poate varia \u00eentre 2-5 zile<\/li>\n<\/ul>","protected":false},"excerpt":{"rendered":"<p>Descriere: \u00cen s\u0103rb\u0103toarea prim\u0103verii, aducem \u00een prim-plan o bijuterie aparte:\u00a0 costum popular cu motive traditionale. Aceast\u0103 crea\u021bie plin\u0103 de farmec aduce laolalt\u0103 tradi\u021bia \u0219i inova\u021bia, \u00eencapsul\u00e2nd autenticitatea \u0219i rafinamentul unui costum popular \u00een fiecare detaliu. Acest costum popular cu motive traditionale, devine protagonistul acestei bijuterii, \u00eembin\u00e2nd armonios elementele clasice cu calitatea lemnului natural. Fiecare m\u0103r\u021bi\u0219or [&hellip;]<\/p>\n","protected":false},"featured_media":255846,"comment_status":"open","ping_status":"closed","template":"","meta":{"_acf_changed":false,"_et_pb_use_builder":"","_et_pb_old_content":"","_et_gb_content_width":""},"product_brand":[],"product_cat":[82,51],"product_tag":[],"class_list":{"0":"post-255709","1":"product","2":"type-product","3":"status-publish","4":"has-post-thumbnail","6":"product_cat-1-8-martie","7":"product_cat-martisoare","9":"first","10":"instock","11":"taxable","12":"shipping-taxable","13":"purchasable","14":"product-type-simple"},"acf":[],"_links":{"self":[{"href":"https:\/\/crazybasket.ro\/en\/wp-json\/wp\/v2\/product\/255709","targetHints":{"allow":["GET"]}}],"collection":[{"href":"https:\/\/crazybasket.ro\/en\/wp-json\/wp\/v2\/product"}],"about":[{"href":"https:\/\/crazybasket.ro\/en\/wp-json\/wp\/v2\/types\/product"}],"replies":[{"embeddable":true,"href":"https:\/\/crazybasket.ro\/en\/wp-json\/wp\/v2\/comments?post=255709"}],"wp:featuredmedia":[{"embeddable":true,"href":"https:\/\/crazybasket.ro\/en\/wp-json\/wp\/v2\/media\/255846"}],"wp:attachment":[{"href":"https:\/\/crazybasket.ro\/en\/wp-json\/wp\/v2\/media?parent=255709"}],"wp:term":[{"taxonomy":"product_brand","embeddable":true,"href":"https:\/\/crazybasket.ro\/en\/wp-json\/wp\/v2\/product_brand?post=255709"},{"taxonomy":"product_cat","embeddable":true,"href":"https:\/\/crazybasket.ro\/en\/wp-json\/wp\/v2\/product_cat?post=255709"},{"taxonomy":"product_tag","embeddable":true,"href":"https:\/\/crazybasket.ro\/en\/wp-json\/wp\/v2\/product_tag?post=255709"}],"curies":[{"name":"wp","href":"https:\/\/api.w.org\/{rel}","templated":true}]}}