{"id":255601,"date":"2024-01-22T01:19:28","date_gmt":"2024-01-21T23:19:28","guid":{"rendered":"https:\/\/crazybasket.ro\/?post_type=product&#038;p=255601"},"modified":"2024-03-09T00:49:39","modified_gmt":"2024-03-08T22:49:39","slug":"martisor-artizanal-din-lemn-o-primavara-frumoasa-pentru-tine-si-numele-tau","status":"publish","type":"product","link":"https:\/\/crazybasket.ro\/en\/product\/martisor-artizanal-din-lemn-o-primavara-frumoasa-pentru-tine-si-numele-tau\/","title":{"rendered":"Marti\u0219or artizanal din lemn &#8211;  O Prim\u0103var\u0103 Frumoas\u0103 pentru Tine \u0219i Numele T\u0103u"},"content":{"rendered":"<h4><strong>Descriere:<\/strong><\/h4>\n<p>Bucur\u0103-te de venirea prim\u0103verii cu un <a href=\"https:\/\/crazybasket.ro\/en\/product-category\/produse-artizanale\/martisoare\/\">marti\u0219or<\/a> artizanal din lemn, realizat cu grij\u0103 \u0219i aten\u021bie la detalii. Aceast\u0103 bijuterie\u00a0 \u00een form\u0103 de floare aduce un strop de natur\u0103 \u00een s\u0103rb\u0103toarea ta de <a href=\"https:\/\/crazybasket.ro\/en\/product-category\/cadouri-ocazii-speciale\/1-8-martie\/\">1 Martie<\/a>.<\/p>\n<p>\u00cen primul r\u00e2nd, privind marti\u0219orul, vei fi cucerit de farmecul unei flori delicate, gravat\u0103 cu mesajul inspirat &#8222;O prim\u0103var\u0103 frumoas\u0103&#8221;. Aceast\u0103 minunat martisor\u00a0 este confec\u021bionat\u00a0 din lemn natural, oferindu-i unicitate \u0219i autenticitate. Diametrul de 4cm asigur\u0103 c\u0103 marti\u0219orul este discret, dar vizibil, perfect pentru a fi purtat cu m\u00e2ndrie.<\/p>\n<p>Prinderea cu bro\u0219\u0103 faciliteaz\u0103 ad\u0103ugarea acestui accesoriu special la aproape orice \u021binut\u0103, oferindu-\u021bi libertatea de a-l etala cu mandrie. Personalizat cu numele t\u0103u, acest <a href=\"https:\/\/crazybasket.ro\/en\/product-category\/produse-artizanale\/martisoare\/\">marti\u0219or<\/a> artizanal din lemn devine cu adev\u0103rat unic. Numele t\u0103u devine parte integrant\u0103 a designului, ad\u0103ug\u00e2nd o not\u0103 personal\u0103 \u0219i emo\u021bional\u0103.<\/p>\n<p>Martisorul artizanal din lemn &#8211; O Prim\u0103var\u0103 Frumoas\u0103 pentru Tine \u0219i Numele T\u0103u este mai mult dec\u00e2t un obiect tradi\u021bional. Este o declara\u021bie de dragoste pentru prim\u0103var\u0103, un simbol al \u00eenceputului \u0219i al prospe\u021bimii.<\/p>\n<p>Fiecare marti\u0219or este creat cu pasiune pentru a oferi un cadou special \u00een ziua de <a href=\"https:\/\/crazybasket.ro\/en\/product-category\/cadouri-ocazii-speciale\/1-8-martie\/\">1 Martie<\/a>, marc\u00e2nd \u00eentr-un mod unic aceast\u0103 s\u0103rb\u0103toare tradi\u021bional\u0103.<\/p>\n<p>\u00cen concluzie, alege acest <a href=\"https:\/\/crazybasket.ro\/en\/product-category\/produse-artizanale\/martisoare\/\">marti\u0219or<\/a> pentru a celebra prim\u0103vara \u0219i pentru a oferi un cadou cu adev\u0103rat personal \u0219i deosebit. Martisorul artizanal din lemn\u00a0 devine expresia autentic\u0103 a dragostei \u0219i aten\u021biei tale \u00eentr-un mod unic \u0219i inconfundabil. Bucur\u0103-te de prim\u0103var\u0103 cu o bijuterie care \u00eembin\u0103 tradi\u021bia cu originalitatea, aduc\u00e2nd un z\u00e2mbet celor dragi.<\/p>\n<h4><strong>Specificatii Produs:<\/strong><\/h4>\n<ul>\n<li><strong>Material:<\/strong> Lemn natural Albasia<\/li>\n<li><strong>Design:<\/strong> Floare elegant\u0103 cu mesajul gravat &#8222;O prim\u0103var\u0103 frumoas\u0103&#8221; \u0219i numele t\u0103u personalizat<\/li>\n<li><strong>Dimensiuni:<\/strong> Diametru de 4 cm<\/li>\n<li><strong>Prindere:<\/strong> Bros\u0103 pentru o fixare comod\u0103 \u0219i elegant\u0103.<\/li>\n<\/ul>\n<h4><strong>Livrare:<\/strong><\/h4>\n<ul>\n<li>In func\u021bie de numele dorit, acest martisor poate exista sau nu pe stoc, iar num\u0103rul de comenzi poate afecta timpul de livrare care poate varia \u00eentre 2-5 zile.<\/li>\n<\/ul>","protected":false},"excerpt":{"rendered":"<p>Descriere: Bucur\u0103-te de venirea prim\u0103verii cu un marti\u0219or artizanal din lemn, realizat cu grij\u0103 \u0219i aten\u021bie la detalii. Aceast\u0103 bijuterie\u00a0 \u00een form\u0103 de floare aduce un strop de natur\u0103 \u00een s\u0103rb\u0103toarea ta de 1 Martie. \u00cen primul r\u00e2nd, privind marti\u0219orul, vei fi cucerit de farmecul unei flori delicate, gravat\u0103 cu mesajul inspirat &#8222;O prim\u0103var\u0103 frumoas\u0103&#8221;. [&hellip;]<\/p>\n","protected":false},"featured_media":255836,"comment_status":"open","ping_status":"closed","template":"","meta":{"_acf_changed":false,"_et_pb_use_builder":"","_et_pb_old_content":"","_et_gb_content_width":""},"product_brand":[],"product_cat":[82,51],"product_tag":[],"class_list":{"0":"post-255601","1":"product","2":"type-product","3":"status-publish","4":"has-post-thumbnail","6":"product_cat-1-8-martie","7":"product_cat-martisoare","9":"first","10":"onbackorder","11":"taxable","12":"shipping-taxable","13":"purchasable","14":"product-type-simple"},"acf":[],"_links":{"self":[{"href":"https:\/\/crazybasket.ro\/en\/wp-json\/wp\/v2\/product\/255601","targetHints":{"allow":["GET"]}}],"collection":[{"href":"https:\/\/crazybasket.ro\/en\/wp-json\/wp\/v2\/product"}],"about":[{"href":"https:\/\/crazybasket.ro\/en\/wp-json\/wp\/v2\/types\/product"}],"replies":[{"embeddable":true,"href":"https:\/\/crazybasket.ro\/en\/wp-json\/wp\/v2\/comments?post=255601"}],"wp:featuredmedia":[{"embeddable":true,"href":"https:\/\/crazybasket.ro\/en\/wp-json\/wp\/v2\/media\/255836"}],"wp:attachment":[{"href":"https:\/\/crazybasket.ro\/en\/wp-json\/wp\/v2\/media?parent=255601"}],"wp:term":[{"taxonomy":"product_brand","embeddable":true,"href":"https:\/\/crazybasket.ro\/en\/wp-json\/wp\/v2\/product_brand?post=255601"},{"taxonomy":"product_cat","embeddable":true,"href":"https:\/\/crazybasket.ro\/en\/wp-json\/wp\/v2\/product_cat?post=255601"},{"taxonomy":"product_tag","embeddable":true,"href":"https:\/\/crazybasket.ro\/en\/wp-json\/wp\/v2\/product_tag?post=255601"}],"curies":[{"name":"wp","href":"https:\/\/api.w.org\/{rel}","templated":true}]}}