{"id":255586,"date":"2024-01-21T16:45:58","date_gmt":"2024-01-21T16:45:58","guid":{"rendered":"https:\/\/crazybasket.ro\/?post_type=product&#038;p=255586"},"modified":"2024-03-09T00:49:39","modified_gmt":"2024-03-08T22:49:39","slug":"martisor-artizanal-din-lemn-forma-de-floare-gravat-cu-mesaj-o-primavara-frumoasa-prindere-cu-brosa","status":"publish","type":"product","link":"https:\/\/crazybasket.ro\/en\/product\/martisor-artizanal-din-lemn-forma-de-floare-gravat-cu-mesaj-o-primavara-frumoasa-prindere-cu-brosa\/","title":{"rendered":"Martisor artizanal din lemn form\u0103 de floare, gravat cu mesaj &#8222;O prim\u0103var\u0103 frumoas\u0103&#8221; cu brosa"},"content":{"rendered":"<p><strong>Descriere: Martisor Artizanal din Lemn &#8211; Mesajul Prim\u0103verii \u00een Forma unei Flori Gravate<\/strong><\/p>\n<p>Experimenteaz\u0103 farmecul prim\u0103verii cu acest marti\u0219or artizanal, o crea\u021bie \u00een form\u0103 de floare din lemn, perfect\u0103 pentru a s\u0103rb\u0103tori venirea sezonului cald. Cu un mesaj delicat gravat, acest mic accesoriu aduce bucurie \u0219i prospe\u021bime \u00een s\u0103rb\u0103toarea de 1 Martie.<\/p>\n<p>Martisor artizanal in forma de floare captivaz\u0103 privirea prin mesajul vibrant al prim\u0103verii, evidentiat prin forma sa special\u0103 de floare gravat\u0103 cu laserul.<\/p>\n<p>Fiecare detaliu al florii transmite m\u0103iestria \u0219i aten\u021bia dedicat\u0103 \u00een procesul de crea\u021bie, transform\u00e2nd acest martisor artizanal in forma de floare \u00eentr-o bijuterie autentic\u0103 \u0219i unic\u0103. Mesajul prim\u0103verii se reg\u0103se\u0219te \u00een subtilitatea fiec\u0103rui contur, amintindu-ne de ciclul etern al re\u00eennoirii naturii. Prinderea versatil\u0103 a martisorului adaug\u0103 un aspect practic, permi\u021b\u00e2ndu-i s\u0103 fie purtat in orice imprejurari. Acest martisor artizanal in forma de floare, avand ac de brosa poate fi purtat atat la haine cat si pe genti, palarii sau agatate pe un cosulet.<\/p>\n<p>Fiecare marti\u0219or este un exemplar unic, confec\u021bionat\u00a0 cu aten\u021bie la detalii. Mesajul personalizat adaug\u0103 o not\u0103 emo\u021bional\u0103, transform\u00e2nd acest mic accesoriu \u00eentr-un cadou cu adev\u0103rat special.<\/p>\n<p><strong>Specificatii:\u00a0<\/strong><\/p>\n<p>\u00cen fiecare martisor se ascunde o poveste aparte, deoarece fiecare exemplar este creat cu migal\u0103 \u0219i aten\u021bie la detalii. Procesul meticulos de confec\u021bionare confer\u0103 fiec\u0103rui martisor unicitate \u0219i personalitate, transform\u00e2ndu-l \u00eentr-o mic\u0103 oper\u0103 de art\u0103. Mesajul personalizat adaug\u0103 o dimensiune emo\u021bional\u0103, \u00eentruchip\u00e2nd sentimentele \u0219i g\u00e2ndurile celui care \u00eel ofer\u0103. Astfel, acest mic, dar pre\u021bios accesoriu devine mai mult dec\u00e2t o simpl\u0103 bijuterie de prim\u0103var\u0103 \u2013 el devine un cadou cu adev\u0103rat special.\u00a0 Fiecare martisor devine astfel o expresie individual\u0103 a afec\u021biunii \u0219i conexiunii dintre d\u0103ruitor \u0219i beneficiar.<\/p>\n<p>Asadar asteptam comenzile voastre \ud83d\ude42<\/p>\n<p><strong>Detalii Produs:<\/strong><\/p>\n<ul>\n<li><strong>Material:<\/strong> Lemn natural<\/li>\n<li><strong>Design:<\/strong> Floare elegant\u0103 cu mesajul gravat &#8222;O prim\u0103var\u0103 frumoas\u0103&#8221;<\/li>\n<li><strong>Dimensiuni:<\/strong> Diametru de 4cm<\/li>\n<li><strong>Prindere:<\/strong> Bros\u0103, pentru o fixare u\u0219oar\u0103 \u0219i elegant\u0103<\/li>\n<\/ul>","protected":false},"excerpt":{"rendered":"<p>Descriere: Martisor Artizanal din Lemn &#8211; Mesajul Prim\u0103verii \u00een Forma unei Flori Gravate Experimenteaz\u0103 farmecul prim\u0103verii cu acest marti\u0219or artizanal, o crea\u021bie \u00een form\u0103 de floare din lemn, perfect\u0103 pentru a s\u0103rb\u0103tori venirea sezonului cald. Cu un mesaj delicat gravat, acest mic accesoriu aduce bucurie \u0219i prospe\u021bime \u00een s\u0103rb\u0103toarea de 1 Martie. Martisor artizanal in [&hellip;]<\/p>\n","protected":false},"featured_media":255833,"comment_status":"open","ping_status":"closed","template":"","meta":{"_acf_changed":false,"_et_pb_use_builder":"","_et_pb_old_content":"","_et_gb_content_width":""},"product_brand":[],"product_cat":[82,51],"product_tag":[],"class_list":{"0":"post-255586","1":"product","2":"type-product","3":"status-publish","4":"has-post-thumbnail","6":"product_cat-1-8-martie","7":"product_cat-martisoare","9":"first","10":"instock","11":"taxable","12":"shipping-taxable","13":"purchasable","14":"product-type-simple"},"acf":[],"_links":{"self":[{"href":"https:\/\/crazybasket.ro\/en\/wp-json\/wp\/v2\/product\/255586","targetHints":{"allow":["GET"]}}],"collection":[{"href":"https:\/\/crazybasket.ro\/en\/wp-json\/wp\/v2\/product"}],"about":[{"href":"https:\/\/crazybasket.ro\/en\/wp-json\/wp\/v2\/types\/product"}],"replies":[{"embeddable":true,"href":"https:\/\/crazybasket.ro\/en\/wp-json\/wp\/v2\/comments?post=255586"}],"wp:featuredmedia":[{"embeddable":true,"href":"https:\/\/crazybasket.ro\/en\/wp-json\/wp\/v2\/media\/255833"}],"wp:attachment":[{"href":"https:\/\/crazybasket.ro\/en\/wp-json\/wp\/v2\/media?parent=255586"}],"wp:term":[{"taxonomy":"product_brand","embeddable":true,"href":"https:\/\/crazybasket.ro\/en\/wp-json\/wp\/v2\/product_brand?post=255586"},{"taxonomy":"product_cat","embeddable":true,"href":"https:\/\/crazybasket.ro\/en\/wp-json\/wp\/v2\/product_cat?post=255586"},{"taxonomy":"product_tag","embeddable":true,"href":"https:\/\/crazybasket.ro\/en\/wp-json\/wp\/v2\/product_tag?post=255586"}],"curies":[{"name":"wp","href":"https:\/\/api.w.org\/{rel}","templated":true}]}}