{"id":255557,"date":"2024-01-21T15:33:23","date_gmt":"2024-01-21T15:33:23","guid":{"rendered":"https:\/\/crazybasket.ro\/?post_type=product&#038;p=255557"},"modified":"2024-03-09T00:49:42","modified_gmt":"2024-03-08T22:49:42","slug":"martisor-artizanal-din-lemn-forma-de-floare-gravat-cu-mesaj-1-martie-si-fluture-prindere-cu-brosa","status":"publish","type":"product","link":"https:\/\/crazybasket.ro\/en\/product\/martisor-artizanal-din-lemn-forma-de-floare-gravat-cu-mesaj-1-martie-si-fluture-prindere-cu-brosa\/","title":{"rendered":"Martisor artizanal in form\u0103 de floare cu fluture gravat\/decupat"},"content":{"rendered":"<h4><strong>Descriere:<\/strong><\/h4>\n<div class=\"flex-1 overflow-hidden\">\n<div class=\"react-scroll-to-bottom--css-goakb-79elbk h-full\">\n<div class=\"react-scroll-to-bottom--css-goakb-1n7m0yu\">\n<div class=\"flex flex-col pb-9 text-sm\">\n<div class=\"w-full text-token-text-primary\" data-testid=\"conversation-turn-5\">\n<div class=\"px-4 py-2 justify-center text-base md:gap-6 m-auto\">\n<div class=\"flex flex-1 text-base mx-auto gap-3 md:px-5 lg:px-1 xl:px-5 md:max-w-3xl lg:max-w-[40rem] xl:max-w-[48rem] group final-completion\">\n<div class=\"relative flex w-full flex-col lg:w-[calc(100%-115px)] agent-turn\">\n<div class=\"flex-col gap-1 md:gap-3\">\n<div class=\"flex flex-grow flex-col max-w-full\">\n<div class=\"min-h-[20px] text-message flex flex-col items-start gap-3 whitespace-pre-wrap break-words [.text-message+&amp;]:mt-5 overflow-x-auto\" data-message-author-role=\"assistant\" data-message-id=\"8792d779-e3fd-4c07-80b2-f08444a74af3\">\n<div class=\"markdown prose w-full break-words dark:prose-invert light\">\n<p><a href=\"https:\/\/crazybasket.ro\/product-category\/produse-artizanale\/martisoare\/\">Martisorul<\/a> artizanal in forma de floare, o bijuterie delicat\u0103, \u00a0\u00eembin\u0103 tradi\u021bia \u0219i elegan\u021ba \u00eentr-o form\u0103 de floare \u00eenc\u00e2nt\u0103toare, cu un adorabil fluture. Realizat cu multa atentie si dedicatie, acest martisor exprim\u0103 frumuse\u021bea prim\u0103verii \u0219i tradi\u021bia oferirii cadourilor speciale de <a href=\"https:\/\/crazybasket.ro\/product-category\/cadouri-ocazii-speciale\/1-8-martie\/\">1 Martie<\/a>.<\/p>\n<p>Mesajul subtil, &#8222;Prim\u0103var\u0103 \u00een floare \u0219i zbor&#8221;, define\u0219te martisorul artizanal in forma de floare , surprinz\u00e2nd magia prim\u0103verii, a florilor \u0219i a fluturilor dans\u00e2nd \u00een lumina soarelui. Prinderea discret\u0103 permite purtarea cu gra\u021bie pe haine sau e\u0219arfe, aduc\u00e2nd bucurie \u0219i culoare \u00een via\u021ba purt\u0103toarei sale.<\/p>\n<p>Fiecare detaliu al martisorului artizanal in forma de floare, de la petalele florii la aripi, reflect\u0103 m\u0103iestria artizanal\u0103 \u0219i dragostea pentru tradi\u021bie. Cu un mesaj delicat &#8222;1 Martie&#8221;, simbolizeaz\u0103 tradi\u021bia ancestral\u0103 a s\u0103rb\u0103toririi prim\u0103verii \u0219i a purific\u0103rii spirituale.<\/p>\n<p><a href=\"https:\/\/crazybasket.ro\/product-category\/produse-artizanale\/martisoare\/\">Martisorul<\/a> nu este doar o bijuterie, ci \u0219i o poveste sculptat\u0103 \u00een lemn, o amintire ce celebreaz\u0103 bucuria \u0219i vitalitatea acestei perioade a anului. Prinderea cu bro\u0219\u0103 ofer\u0103 versatilitate, permi\u021b\u00e2ndu-\u021bi s\u0103-l asortezi cu orice \u021binut\u0103 \u0219i s\u0103-l por\u021bi cu m\u00e2ndrie \u00een orice context. Il poti prinde nu numai pe haine ci si pe geanta, fular, rucsac etc.<\/p>\n<p>\u00cen concluzie, martisorul artizanal in forma de floare este mai mult dec\u00e2t un obiect de decor, este o comoar\u0103 artistic\u0103 ce aduce \u00een prim plan esen\u021ba prim\u0103verii \u0219i a tradi\u021biei, fiind cadoul perfect pentru s\u0103rb\u0103toarea de 1 Martie.<\/p>\n<\/div>\n<\/div>\n<\/div>\n<div class=\"mt-1 flex justify-start gap-3 empty:hidden\">\n<div class=\"text-gray-400 flex self-end lg:self-center justify-center lg:justify-start mt-0 -ml-1 visible\"><\/div>\n<\/div>\n<\/div>\n<\/div>\n<\/div>\n<\/div>\n<\/div>\n<\/div>\n<\/div>\n<\/div>\n<\/div>\n<h4><strong>Specificatii Produs:<\/strong><\/h4>\n<ul>\n<li><strong>Material:<\/strong> Lemn de Albasia<\/li>\n<li><strong>Design:<\/strong> Form\u0103 de floare cu gravur\u0103 artistic\u0103 \u0219i decupaje delicate<\/li>\n<li><strong>Mesaj Gravat:<\/strong> &#8222;1 Martie&#8221;<\/li>\n<li><strong>Elemente Decorative:<\/strong> Silueta de fluture gravat\u0103 sau decupat\u0103 pentru un plus de feminitate \u0219i veselie<\/li>\n<li><strong>Dimensiune martisor:<\/strong> Diametru de 4cm<\/li>\n<li><strong>Dimensiuni cu ambalaj: <\/strong>16cm x 6cm x 1.5cm<\/li>\n<li><strong>Prindere:<\/strong> Bros\u0103 pentru o fixare comod\u0103 \u0219i elegant\u0103<\/li>\n<\/ul>\n<h4><strong>Livrare:<\/strong><\/h4>\n<ul>\n<li>pentru produsele aflate in stoc, beneficia\u021bi de expediere rapid\u0103 \u00een doar 1-3 zile<\/li>\n<li>in func\u021bie de num\u0103rul de comenzi, dac\u0103 produsul nu este pe stoc livrare poate varia \u00eentre 2-5 zile<\/li>\n<\/ul>\n","protected":false},"excerpt":{"rendered":"<p><strong>Martisor Artizanal din Lemn &#8211; Elegan\u021b\u0103 Prim\u0103v\u0103ratic\u0103 \u00een Form\u0103 de Floare<\/strong><\/p>\n<p>Descoper\u0103 <a href=\"https:\/\/crazybasket.ro\/en\/articole\/\">farmecul tradi\u021bional al Marti\u0219orului<\/a> cu aceast\u0103 crea\u021bie artizanal\u0103 unic\u0103 din lemn. Cu o form\u0103 delicat\u0103 de floare, acest <a href=\"https:\/\/crazybasket.ro\/en\/product-category\/produse-artizanale\/martisoare\/\">marti\u0219or<\/a> aduce o not\u0103 de elegan\u021b\u0103 \u0219i naturale\u021be \u00een s\u0103rb\u0103toarea prim\u0103verii.<\/p>","protected":false},"featured_media":255718,"comment_status":"open","ping_status":"closed","template":"","meta":{"_acf_changed":false,"_et_pb_use_builder":"","_et_pb_old_content":"","_et_gb_content_width":""},"product_brand":[],"product_cat":[82,51],"product_tag":[],"class_list":{"0":"post-255557","1":"product","2":"type-product","3":"status-publish","4":"has-post-thumbnail","6":"product_cat-1-8-martie","7":"product_cat-martisoare","9":"first","10":"instock","11":"taxable","12":"shipping-taxable","13":"purchasable","14":"product-type-variable","15":"has-default-attributes"},"acf":[],"_links":{"self":[{"href":"https:\/\/crazybasket.ro\/en\/wp-json\/wp\/v2\/product\/255557","targetHints":{"allow":["GET"]}}],"collection":[{"href":"https:\/\/crazybasket.ro\/en\/wp-json\/wp\/v2\/product"}],"about":[{"href":"https:\/\/crazybasket.ro\/en\/wp-json\/wp\/v2\/types\/product"}],"replies":[{"embeddable":true,"href":"https:\/\/crazybasket.ro\/en\/wp-json\/wp\/v2\/comments?post=255557"}],"wp:featuredmedia":[{"embeddable":true,"href":"https:\/\/crazybasket.ro\/en\/wp-json\/wp\/v2\/media\/255718"}],"wp:attachment":[{"href":"https:\/\/crazybasket.ro\/en\/wp-json\/wp\/v2\/media?parent=255557"}],"wp:term":[{"taxonomy":"product_brand","embeddable":true,"href":"https:\/\/crazybasket.ro\/en\/wp-json\/wp\/v2\/product_brand?post=255557"},{"taxonomy":"product_cat","embeddable":true,"href":"https:\/\/crazybasket.ro\/en\/wp-json\/wp\/v2\/product_cat?post=255557"},{"taxonomy":"product_tag","embeddable":true,"href":"https:\/\/crazybasket.ro\/en\/wp-json\/wp\/v2\/product_tag?post=255557"}],"curies":[{"name":"wp","href":"https:\/\/api.w.org\/{rel}","templated":true}]}}