{"id":64,"date":"2024-01-19T17:50:49","date_gmt":"2024-01-19T17:50:49","guid":{"rendered":"https:\/\/crazybasket.ro\/?page_id=64"},"modified":"2024-02-08T00:00:31","modified_gmt":"2024-02-07T22:00:31","slug":"rambursare-returnare","status":"publish","type":"page","link":"https:\/\/crazybasket.ro\/en\/rambursare-returnare\/","title":{"rendered":"Rambursare \u0219i Returnare"},"content":{"rendered":"<p>[et_pb_section fb_built=&#8221;1&#8243; admin_label=&#8221;section&#8221; _builder_version=&#8221;4.16&#8243; da_disable_devices=&#8221;off|off|off&#8221; global_colors_info=&#8221;{}&#8221; da_is_popup=&#8221;off&#8221; da_exit_intent=&#8221;off&#8221; da_has_close=&#8221;on&#8221; da_alt_close=&#8221;off&#8221; da_dark_close=&#8221;off&#8221; da_not_modal=&#8221;on&#8221; da_is_singular=&#8221;off&#8221; da_with_loader=&#8221;off&#8221; da_has_shadow=&#8221;on&#8221;][et_pb_row admin_label=&#8221;row&#8221; _builder_version=&#8221;4.16&#8243; background_size=&#8221;initial&#8221; background_position=&#8221;top_left&#8221; background_repeat=&#8221;repeat&#8221; global_colors_info=&#8221;{}&#8221;][et_pb_column type=&#8221;4_4&#8243; _builder_version=&#8221;4.16&#8243; custom_padding=&#8221;|||&#8221; global_colors_info=&#8221;{}&#8221; custom_padding__hover=&#8221;|||&#8221;][et_pb_text admin_label=&#8221;Text&#8221; _builder_version=&#8221;4.24.0&#8243; background_size=&#8221;initial&#8221; background_position=&#8221;top_left&#8221; background_repeat=&#8221;repeat&#8221; global_colors_info=&#8221;{}&#8221;]<\/p>\n<h1>Rambursare &amp; Returnare<\/h1>\n<p><b>Pentru a returna produse te rugam sa urmezi pasii de mai jos:<\/b><\/p>\n<ol class=\"highlightedUl\">\n<li>Te rug\u0103m s\u0103 cite\u0219ti termenii \u0219i condi\u021biile de mai jos referitoare la returnarea produselor.<\/li>\n<li>Completeaz\u0103 formularul de retur de mai jos \u0219i a\u0219teapt\u0103 s\u0103 fii contactat de colegii no\u0219tri.<\/li>\n<li>Dac\u0103 ai primit confirmarea c\u0103 \u00eendepline\u0219ti condi\u021biile de retur, te rug\u0103m s\u0103 trimi\u021bi produsele prin intermediul unei firme de curierat f\u0103r\u0103 ramburs la adresa indicat\u0103 de colegii no\u0219tri \u00een r\u0103spuns.<\/li>\n<li>Noteaz\u0103 num\u0103rul cererii de retur pe scrisoarea de transport (AWB), apoi trimite-ne num\u0103rul de AWB \u0219i firma de curierat cu care ai trimis produsele la adresa <a target=\"_new\" rel=\"noopener\">retur@crazybasket.ro<\/a>. Coletele care nu au trecut num\u0103rul cererii de retur pe AWB, cele de care nu am fost \u00een\u0219tiin\u021ba\u021bi c\u0103 au fost trimise \u0219i cele cu ramburs nu vor fi receptionate!<\/li>\n<li>Dup\u0103 ce produsele au ajuns la noi \u0219i au fost verificate, vei fi contactat \u00een privin\u021ba desf\u0103\u0219ur\u0103rii \u0219i finaliz\u0103rii acestei proceduri.<\/li>\n<\/ol>\n<p><b>Termeni si conditii<\/b><\/p>\n<p><span>Returul produselor se accepta conform termenilor si conditiilor mentionati mai jos si sunt in conformitate cu prevederile O.U.G. 34\/2014 privind drepturile consumatorilor in cadrul contractelor incheiate cu profesionistii, precum si pentru modificarea si completarea unor acte normative.<\/span><\/p>\n<p><span>Produsele care fac obiectul comenzilor incheiate online, pot fi returnate, fara invocarea vreunui motiv intr-un termen de 14 zile de la data primirii acestora; inainte de expirarea perioadei de retragere, consumatorul are dreptul de a se retrage din prezentul contract, fara a fi nevoit sa justifice decizia de retragere si fara a suporta alte costuri decat cele prevazute la art.13 alin.(3) si art.14 din O.U.G Nr.34\/2014, in termen de 14 zile calendaristice incepand de la ziua in care intra in posesia fizica a produsului.<\/span><\/p>\n<p><span>In cazul persoanelor juridice (acestea nu au calitate de consumator) ne rezervam dreptul de a accepta returul produselor si constituirea contravalorii acestora ca avans marfa pentru comenzi viitoare sau de a nu da curs solicitarii de retur.<\/span><\/p>\n<p><span>Cheltuielile de returnare sunt suportate de consumator.<\/span><\/p>\n<p><span>Costul transportului este in sarcina clientului, iar in caz de retur taxa de transport achitata la livrare nu se restituie. Avand in vedere prevederile legii 249\/2015 actualizata, pentru indeplinirea obiectivelor de la art. 14 produsele se returneaza doar in ambalajul original.<\/span><\/p>\n<p><span>Produsul returnat trebuie sa fie in aceeasi stare in care a fost livrat;<\/span><\/p>\n<p><span>Vanzatorul va rambursa contravaloarea produsului in maxim 14 (paisprezece) zile calendaristice de la data informarii CRAZY BASKET de catre Consumator asupra deciziei sale de retragere din contract si acceptarea returului. CRAZY BASKET va putea amana rambursarea contravalorii produsului pana la primirea produsului vandut sau pana la primirea unei dovezi conform careia acesta a fost expediat. Suma de bani aferenta produselor returnate se va restitui ulterior verificarii produselor dupa stabilirea de comun acord a modalitatii de restituire sau conform procedurilor legale.<\/span><\/p>\n<p><span>\u00a0<\/span><\/p>\n<p><span>Sunt exceptate de la dreptul de retragere prev\u0103zut la art. 9-15 din OUG 34\/2014 \u00een ceea ce prive\u015fte contractele la distan\u0163\u0103 \u015fi contractele \u00een afara spa\u0163iilor comerciale urm\u0103toarele:<\/span><\/p>\n<ol>\n<li><span>furnizarea de produse confec\u0163ionate dup\u0103 specifica\u0163iile prezentate de consumator sau personalizate \u00een mod clar;<\/span><\/li>\n<li><span>furnizarea de produse care sunt susceptibile a se deteriora sau a expira rapid;<\/span><\/li>\n<li><span>furnizarea de produse sigilate care nu pot fi returnate din motive de protec\u0163ie a s\u0103n\u0103t\u0103\u0163ii sau din motive de igien\u0103 \u015fi care au fost desigilate de consumator;<\/span><\/li>\n<li><span>furnizarea de produse care sunt, dup\u0103 livrare, potrivit naturii acestora, inseparabil amestecate cu alte elemente;<\/span><\/li>\n<\/ol>\n<p><span>\u00a0<\/span><\/p>\n<p><span>Dac\u0103 au fost achizi\u021bionate mai multe produse din acela\u0219i model, se accept\u0103 retur doar dac\u0103 unul singur a fost desigilat sau dezambalat.<\/span><\/p>\n<p><span>\u00cen cazul mai multor produse achizi\u021bionate printr-un credit, nu se va putea face returul unui singur produs, ci doar un retur integral, al tuturor produselor.<\/span><\/p>\n<p><span>\u00cen cazul \u00een care se returneaz\u0103 un produs dintr-un pachet promo\u021bional se va returna diferen\u021ba dintre pre\u021bul de baz\u0103 \u0219i cel promo\u021bional al produsului returnat.<\/span><\/p>\n<p><span>Daca produsele de returnat au fost insotite de eventuale bonusuri, trebuie returnate si acestea.<\/span><\/p>\n<p><span>De asemenea, ne rezervam dreptul de a refuza acceptarea returului in situatia unor abuzuri (returnari repetate).<\/span><\/p>\n<p><span>Suma aferenta returului se ramburseaza intr-un cont bancar valid (in lei) deschis pe numele titularului de factura.<\/span><\/p>\n<p><span>Te rugam sa verifici integritatea fizica a coletelor in momentul in care le primesti de la Courier Cargus in prezenta curierului si sa ceri intocmirea unui proces verbal de constatare a daunelor daca produsele prezinta urme de deteriorare. Orice reclamatie ulterioara nu va fi luata in considerare.<\/span><\/p>\n<p><span>\u00a0<\/span><\/p>\n<p><strong><span>Diminuarea valorii Produselor returnate<\/span><\/strong><\/p>\n<p><span>\u00a0<\/span><\/p>\n<p><span>Consumatorul este responsabil doar in ceea ce priveste diminuarea valorii produselor rezultata din manipularea acestora, diferit de ceea ce este necesar pentru determinarea naturii, caracteristicilor si functionarii acestora, conform art. 14, alin. 3 din OUG 34\/2014.<\/span><\/p>\n<p><span>\u00cen cazul in care Clientul \u00ee\u0219i exercit\u0103 dreptul de retragere dup\u0103 ce a utilizat Produselor \u00eentr-o m\u0103sur\u0103 care dep\u0103\u0219e\u0219te limita necesar\u0103 stabilirii naturii, caracteristicilor \u0219i modului de func\u021bionare a acestora, Clientul\u00a0 este responsabil pentru eventuala diminuare a valorii Produselor.<\/span><\/p>\n<p><span>Orice diminuare a valorii Produselor rezultat\u0103 din manipularea acestora altele dec\u00e2t cele necesare pentru determinarea naturii, calit\u0103\u021bilor \u0219i func\u021bion\u0103rii Produselor este in responsabilitatea Clientului. Pentru claritate, \u00een cazurile in care produsele returnate prezinta deteriorari sau sunt incomplete, prezinta urme de uzura, zgarieturi, lovituri, socuri electrice, accesorii lipsa, certificate de garantie lipsa, CRAZy BASKET \u00eesi rezerv\u0103 dreptul de a opri o suma din valoarea produsului (valoare cu TVA), suma ce va fi comunicata dupa evaluarea prejudiciilor aduse conform tabelului de mai jos.<\/span><\/p>\n<table>\n<tbody>\n<tr>\n<td width=\"244\"><span>Ambalaj deteriorat<\/span><\/td>\n<td width=\"238\"><span>5-10% din pretul produsului<\/span><\/td>\n<\/tr>\n<tr>\n<td width=\"244\"><span>Ambalaj lipsa<\/span><\/td>\n<td width=\"238\"><span>10-15% din pretul produsului<\/span><\/td>\n<\/tr>\n<tr>\n<td width=\"244\"><span>Accesorii lipsa<\/span><\/td>\n<td width=\"238\"><span>100% din pretul accesoriilor<\/span><\/td>\n<\/tr>\n<tr>\n<td width=\"244\"><span>Zgarieturi fine<\/span><\/td>\n<td width=\"238\"><span>5% din pretul produsului<\/span><\/td>\n<\/tr>\n<tr>\n<td width=\"244\"><span>Zgarieturi accentuate<\/span><\/td>\n<td width=\"238\"><span>10-15% din pretul produsului<\/span><\/td>\n<\/tr>\n<tr>\n<td width=\"244\"><span>Manopera cosmetizare<\/span><\/td>\n<td width=\"238\"><span>1 ron\/min<\/span><\/td>\n<\/tr>\n<\/tbody>\n<\/table>\n<p>&nbsp;<\/p>\n<p>[\/et_pb_text][\/et_pb_column][\/et_pb_row][et_pb_row _builder_version=&#8221;4.24.0&#8243; _module_preset=&#8221;default&#8221; global_colors_info=&#8221;{}&#8221;][et_pb_column type=&#8221;4_4&#8243; _builder_version=&#8221;4.24.0&#8243; _module_preset=&#8221;default&#8221; global_colors_info=&#8221;{}&#8221;][et_pb_contact_form email=&#8221;retur@crazybasket.ro&#8221; title=&#8221;Formular Retur&#8221; _builder_version=&#8221;4.24.0&#8243; _module_preset=&#8221;default&#8221; _unique_id=&#8221;361f541a-d10f-4945-a0f3-695688c7f6dd&#8221; hover_enabled=&#8221;0&#8243; global_colors_info=&#8221;{}&#8221; use_redirect=&#8221;on&#8221; redirect_url=&#8221;https:\/\/crazybasket.ro\/&#8221; sticky_enabled=&#8221;0&#8243;][et_pb_contact_field field_id=&#8221;Name&#8221; field_title=&#8221;Nume Prenume&#8221; _builder_version=&#8221;4.24.0&#8243; global_colors_info=&#8221;{}&#8221; button_text_size__hover_enabled=&#8221;off&#8221; button_one_text_size__hover_enabled=&#8221;off&#8221; button_two_text_size__hover_enabled=&#8221;off&#8221; button_text_color__hover_enabled=&#8221;off&#8221; button_one_text_color__hover_enabled=&#8221;off&#8221; button_two_text_color__hover_enabled=&#8221;off&#8221; button_border_width__hover_enabled=&#8221;off&#8221; button_one_border_width__hover_enabled=&#8221;off&#8221; button_two_border_width__hover_enabled=&#8221;off&#8221; button_border_color__hover_enabled=&#8221;off&#8221; button_one_border_color__hover_enabled=&#8221;off&#8221; button_two_border_color__hover_enabled=&#8221;off&#8221; button_border_radius__hover_enabled=&#8221;off&#8221; button_one_border_radius__hover_enabled=&#8221;off&#8221; button_two_border_radius__hover_enabled=&#8221;off&#8221; button_letter_spacing__hover_enabled=&#8221;off&#8221; button_one_letter_spacing__hover_enabled=&#8221;off&#8221; button_two_letter_spacing__hover_enabled=&#8221;off&#8221; button_bg_color__hover_enabled=&#8221;off&#8221; button_one_bg_color__hover_enabled=&#8221;off&#8221; button_two_bg_color__hover_enabled=&#8221;off&#8221;][\/et_pb_contact_field][et_pb_contact_field field_id=&#8221;Email&#8221; field_title=&#8221;Adres\u0103 Email&#8221; field_type=&#8221;email&#8221; _builder_version=&#8221;4.24.0&#8243; global_colors_info=&#8221;{}&#8221; button_text_size__hover_enabled=&#8221;off&#8221; button_one_text_size__hover_enabled=&#8221;off&#8221; button_two_text_size__hover_enabled=&#8221;off&#8221; button_text_color__hover_enabled=&#8221;off&#8221; button_one_text_color__hover_enabled=&#8221;off&#8221; button_two_text_color__hover_enabled=&#8221;off&#8221; button_border_width__hover_enabled=&#8221;off&#8221; button_one_border_width__hover_enabled=&#8221;off&#8221; button_two_border_width__hover_enabled=&#8221;off&#8221; button_border_color__hover_enabled=&#8221;off&#8221; button_one_border_color__hover_enabled=&#8221;off&#8221; button_two_border_color__hover_enabled=&#8221;off&#8221; button_border_radius__hover_enabled=&#8221;off&#8221; button_one_border_radius__hover_enabled=&#8221;off&#8221; button_two_border_radius__hover_enabled=&#8221;off&#8221; button_letter_spacing__hover_enabled=&#8221;off&#8221; button_one_letter_spacing__hover_enabled=&#8221;off&#8221; button_two_letter_spacing__hover_enabled=&#8221;off&#8221; button_bg_color__hover_enabled=&#8221;off&#8221; button_one_bg_color__hover_enabled=&#8221;off&#8221; button_two_bg_color__hover_enabled=&#8221;off&#8221;][\/et_pb_contact_field][et_pb_contact_field field_id=&#8221;Telefon&#8221; field_title=&#8221;Telefon&#8221; fullwidth_field=&#8221;on&#8221; _builder_version=&#8221;4.24.0&#8243; _module_preset=&#8221;default&#8221; global_colors_info=&#8221;{}&#8221;][\/et_pb_contact_field][et_pb_contact_field field_id=&#8221;Numar_Facura&#8221; field_title=&#8221;Numar factura sau numar rezervare&#8221; fullwidth_field=&#8221;on&#8221; _builder_version=&#8221;4.24.0&#8243; _module_preset=&#8221;default&#8221; global_colors_info=&#8221;{}&#8221;][\/et_pb_contact_field][et_pb_contact_field field_id=&#8221;Data_primirii_coletului&#8221; field_title=&#8221;Data primirii coletului&#8221; fullwidth_field=&#8221;on&#8221; _builder_version=&#8221;4.24.0&#8243; _module_preset=&#8221;default&#8221; global_colors_info=&#8221;{}&#8221;][\/et_pb_contact_field][et_pb_contact_field field_id=&#8221;Cantitate&#8221; field_title=&#8221;Numar produse returnate&#8221; fullwidth_field=&#8221;on&#8221; _builder_version=&#8221;4.24.0&#8243; _module_preset=&#8221;default&#8221; global_colors_info=&#8221;{}&#8221;][\/et_pb_contact_field][et_pb_contact_field field_id=&#8221;ID_Produse_returnate&#8221; field_title=&#8221;ID-ul Produselor returnate conform facturii&#8221; fullwidth_field=&#8221;on&#8221; _builder_version=&#8221;4.24.0&#8243; _module_preset=&#8221;default&#8221; global_colors_info=&#8221;{}&#8221;][\/et_pb_contact_field][et_pb_contact_field field_id=&#8221;Motiv_retur&#8221; field_title=&#8221;Motiv retur&#8221; field_type=&#8221;select&#8221; select_options=&#8221;%91{%22value%22:%22Produsul difera fata de cel prezentat pe site%22,%22checked%22:0,%22dragID%22:-1},{%22value%22:%22Nu sunt multumit de produs%22,%22checked%22:0,%22dragID%22:0},{%22value%22:%22Am gasit in alta parte mai ieftin%22,%22checked%22:0,%22dragID%22:1},{%22value%22:%22Am primit un alt produs (comanda gresita)%22,%22checked%22:0,%22dragID%22:2},{%22value%22:%22Alt motiv (completeaza mai jos)%22,%22checked%22:0,%22dragID%22:3},{%22value%22:%22Nu vreau sa spun%22,%22checked%22:0,%22dragID%22:4}%93&#8243; fullwidth_field=&#8221;on&#8221; _builder_version=&#8221;4.24.0&#8243; _module_preset=&#8221;default&#8221; global_colors_info=&#8221;{}&#8221;][\/et_pb_contact_field][et_pb_contact_field field_id=&#8221;alt_motiv&#8221; field_title=&#8221;Alt motiv retur&#8221; fullwidth_field=&#8221;on&#8221; _builder_version=&#8221;4.24.0&#8243; global_colors_info=&#8221;{}&#8221; button_text_size__hover_enabled=&#8221;off&#8221; button_one_text_size__hover_enabled=&#8221;off&#8221; button_two_text_size__hover_enabled=&#8221;off&#8221; button_text_color__hover_enabled=&#8221;off&#8221; button_one_text_color__hover_enabled=&#8221;off&#8221; button_two_text_color__hover_enabled=&#8221;off&#8221; button_border_width__hover_enabled=&#8221;off&#8221; button_one_border_width__hover_enabled=&#8221;off&#8221; button_two_border_width__hover_enabled=&#8221;off&#8221; button_border_color__hover_enabled=&#8221;off&#8221; button_one_border_color__hover_enabled=&#8221;off&#8221; button_two_border_color__hover_enabled=&#8221;off&#8221; button_border_radius__hover_enabled=&#8221;off&#8221; button_one_border_radius__hover_enabled=&#8221;off&#8221; button_two_border_radius__hover_enabled=&#8221;off&#8221; button_letter_spacing__hover_enabled=&#8221;off&#8221; button_one_letter_spacing__hover_enabled=&#8221;off&#8221; button_two_letter_spacing__hover_enabled=&#8221;off&#8221; button_bg_color__hover_enabled=&#8221;off&#8221; button_one_bg_color__hover_enabled=&#8221;off&#8221; button_two_bg_color__hover_enabled=&#8221;off&#8221;][\/et_pb_contact_field][et_pb_contact_field field_id=&#8221;Acord&#8221; field_title=&#8221; &#8221; field_type=&#8221;checkbox&#8221; checkbox_options=&#8221;%91{%22value%22:%22 Am citit \u0219i sunt de acord cu termenii \u0219i condi\u021biile de retur%22,%22checked%22:0,%22dragID%22:-1}%93&#8243; fullwidth_field=&#8221;on&#8221; _builder_version=&#8221;4.24.0&#8243; _module_preset=&#8221;default&#8221; global_colors_info=&#8221;{}&#8221;][\/et_pb_contact_field][\/et_pb_contact_form][\/et_pb_column][\/et_pb_row][\/et_pb_section]<\/p>\n","protected":false},"excerpt":{"rendered":"<p>Rambursare &amp; Returnare Pentru a returna produse te rugam sa urmezi pasii de mai jos: Te rug\u0103m s\u0103 cite\u0219ti termenii \u0219i condi\u021biile de mai jos referitoare la returnarea produselor. Completeaz\u0103 formularul de retur de mai jos \u0219i a\u0219teapt\u0103 s\u0103 fii contactat de colegii no\u0219tri. Dac\u0103 ai primit confirmarea c\u0103 \u00eendepline\u0219ti condi\u021biile de retur, te rug\u0103m [&hellip;]<\/p>\n","protected":false},"author":1,"featured_media":0,"parent":0,"menu_order":0,"comment_status":"closed","ping_status":"closed","template":"","meta":{"_acf_changed":false,"_et_pb_use_builder":"on","_et_pb_old_content":"<!-- wp:paragraph -->\r\n<p><b>This is a sample page.<\/b><\/p>\r\n<!-- \/wp:paragraph -->\r\n\r\n<!-- wp:paragraph -->\r\n<h3>Overview<\/h3>\r\n<!-- \/wp:paragraph -->\r\n\r\n<!-- wp:paragraph -->\r\n<p>Our refund and returns policy lasts 30 days. If 30 days have passed since your purchase, we can\u2019t offer you a full refund or exchange.<\/p>\r\n<!-- \/wp:paragraph -->\r\n\r\n<!-- wp:paragraph -->\r\n<p>To be eligible for a return, your item must be unused and in the same condition that you received it. It must also be in the original packaging.<\/p>\r\n<!-- \/wp:paragraph -->\r\n\r\n<!-- wp:paragraph -->\r\n<p>Several types of goods are exempt from being returned. Perishable goods such as food, flowers, newspapers or magazines cannot be returned. We also do not accept products that are intimate or sanitary goods, hazardous materials, or flammable liquids or gases.<\/p>\r\n<!-- \/wp:paragraph -->\r\n\r\n<!-- wp:paragraph -->\r\n<p>Additional non-returnable items:<\/p>\r\n<!-- \/wp:paragraph -->\r\n\r\n<!-- wp:list -->\r\n<ul>\r\n<li>Gift cards<\/li>\r\n<li>Downloadable software products<\/li>\r\n<li>Some health and personal care items<\/li>\r\n<\/ul>\r\n<!-- \/wp:list -->\r\n\r\n<!-- wp:paragraph -->\r\n<p>To complete your return, we require a receipt or proof of purchase.<\/p>\r\n<!-- \/wp:paragraph -->\r\n\r\n<!-- wp:paragraph -->\r\n<p>Please do not send your purchase back to the manufacturer.<\/p>\r\n<!-- \/wp:paragraph -->\r\n\r\n<!-- wp:paragraph -->\r\n<p>There are certain situations where only partial refunds are granted:<\/p>\r\n<!-- \/wp:paragraph -->\r\n\r\n<!-- wp:list -->\r\n<ul>\r\n<li>Book with obvious signs of use<\/li>\r\n<li>CD, DVD, VHS tape, software, video game, cassette tape, or vinyl record that has been opened.<\/li>\r\n<li>Any item not in its original condition, is damaged or missing parts for reasons not due to our error.<\/li>\r\n<li>Any item that is returned more than 30 days after delivery<\/li>\r\n<\/ul>\r\n<!-- \/wp:list -->\r\n\r\n<!-- wp:paragraph -->\r\n<h2>Refunds<\/h2>\r\n<!-- \/wp:paragraph -->\r\n\r\n<!-- wp:paragraph -->\r\n<p>Once your return is received and inspected, we will send you an email to notify you that we have received your returned item. We will also notify you of the approval or rejection of your refund.<\/p>\r\n<!-- \/wp:paragraph -->\r\n\r\n<!-- wp:paragraph -->\r\n<p>If you are approved, then your refund will be processed, and a credit will automatically be applied to your credit card or original method of payment, within a certain amount of days.<\/p>\r\n<!-- \/wp:paragraph -->\r\n\r\n<!-- wp:paragraph -->\r\n<b>Late or missing refunds<\/b>\r\n<!-- \/wp:paragraph -->\r\n\r\n<!-- wp:paragraph -->\r\n<p>If you haven\u2019t received a refund yet, first check your bank account again.<\/p>\r\n<!-- \/wp:paragraph -->\r\n\r\n<!-- wp:paragraph -->\r\n<p>Then contact your credit card company, it may take some time before your refund is officially posted.<\/p>\r\n<!-- \/wp:paragraph -->\r\n\r\n<!-- wp:paragraph -->\r\n<p>Next contact your bank. There is often some processing time before a refund is posted.<\/p>\r\n<!-- \/wp:paragraph -->\r\n\r\n<!-- wp:paragraph -->\r\n<p>If you\u2019ve done all of this and you still have not received your refund yet, please contact us at {email address}.<\/p>\r\n<!-- \/wp:paragraph -->\r\n\r\n<!-- wp:paragraph -->\r\n<b>Sale items<\/b>\r\n<!-- \/wp:paragraph -->\r\n\r\n<!-- wp:paragraph -->\r\n<p>Only regular priced items may be refunded. Sale items cannot be refunded.<\/p>\r\n<!-- \/wp:paragraph -->\r\n\r\n<!-- wp:paragraph -->\r\n<h2>Exchanges<\/h2>\r\n<!-- \/wp:paragraph -->\r\n\r\n<!-- wp:paragraph -->\r\n<p>We only replace items if they are defective or damaged. If you need to exchange it for the same item, send us an email at {email address} and send your item to: {physical address}.<\/p>\r\n<!-- \/wp:paragraph -->\r\n\r\n<!-- wp:paragraph -->\r\n<h2>Gifts<\/h2>\r\n<!-- \/wp:paragraph -->\r\n\r\n<!-- wp:paragraph -->\r\n<p>If the item was marked as a gift when purchased and shipped directly to you, you\u2019ll receive a gift credit for the value of your return. Once the returned item is received, a gift certificate will be mailed to you.<\/p>\r\n<!-- \/wp:paragraph -->\r\n\r\n<!-- wp:paragraph -->\r\n<p>If the item wasn\u2019t marked as a gift when purchased, or the gift giver had the order shipped to themselves to give to you later, we will send a refund to the gift giver and they will find out about your return.<\/p>\r\n<!-- \/wp:paragraph -->\r\n\r\n<!-- wp:paragraph -->\r\n<h2>Shipping returns<\/h2>\r\n<!-- \/wp:paragraph -->\r\n\r\n<!-- wp:paragraph -->\r\n<p>To return your product, you should mail your product to: {physical address}.<\/p>\r\n<!-- \/wp:paragraph -->\r\n\r\n<!-- wp:paragraph -->\r\n<p>You will be responsible for paying for your own shipping costs for returning your item. Shipping costs are non-refundable. If you receive a refund, the cost of return shipping will be deducted from your refund.<\/p>\r\n<!-- \/wp:paragraph -->\r\n\r\n<!-- wp:paragraph -->\r\n<p>Depending on where you live, the time it may take for your exchanged product to reach you may vary.<\/p>\r\n<!-- \/wp:paragraph -->\r\n\r\n<!-- wp:paragraph -->\r\n<p>If you are returning more expensive items, you may consider using a trackable shipping service or purchasing shipping insurance. We don\u2019t guarantee that we will receive your returned item.<\/p>\r\n<!-- \/wp:paragraph -->\r\n\r\n<!-- wp:paragraph -->\r\n<h2>Need help?<\/h2>\r\n<!-- \/wp:paragraph -->\r\n\r\n<!-- wp:paragraph -->\r\n<p>Contact us at {email} for questions related to refunds and returns.<\/p>\r\n<!-- \/wp:paragraph -->","_et_gb_content_width":"","footnotes":""},"class_list":["post-64","page","type-page","status-publish","hentry"],"acf":[],"_links":{"self":[{"href":"https:\/\/crazybasket.ro\/en\/wp-json\/wp\/v2\/pages\/64","targetHints":{"allow":["GET"]}}],"collection":[{"href":"https:\/\/crazybasket.ro\/en\/wp-json\/wp\/v2\/pages"}],"about":[{"href":"https:\/\/crazybasket.ro\/en\/wp-json\/wp\/v2\/types\/page"}],"author":[{"embeddable":true,"href":"https:\/\/crazybasket.ro\/en\/wp-json\/wp\/v2\/users\/1"}],"replies":[{"embeddable":true,"href":"https:\/\/crazybasket.ro\/en\/wp-json\/wp\/v2\/comments?post=64"}],"version-history":[{"count":0,"href":"https:\/\/crazybasket.ro\/en\/wp-json\/wp\/v2\/pages\/64\/revisions"}],"wp:attachment":[{"href":"https:\/\/crazybasket.ro\/en\/wp-json\/wp\/v2\/media?parent=64"}],"curies":[{"name":"wp","href":"https:\/\/api.w.org\/{rel}","templated":true}]}}