{"id":63,"date":"2023-10-17T11:11:47","date_gmt":"2023-10-17T11:11:47","guid":{"rendered":"https:\/\/crazybasket.ro\/my-account\/"},"modified":"2024-02-07T14:59:06","modified_gmt":"2024-02-07T12:59:06","slug":"my-account","status":"publish","type":"page","link":"https:\/\/crazybasket.ro\/en\/my-account\/","title":{"rendered":"Contul Meu"},"content":{"rendered":"<div class=\"woocommerce\"><\/div>\n<p>Bine a\u021bi venit \u00een sec\u021biunea <a href=\"https:\/\/crazybasket.ro\/en\/my-account\/\">Contul Meu<\/a>! Aceast\u0103 sec\u021biune este hub-ul central al experien\u021bei\u00a0 de cump\u0103r\u0103turi online, oferindu-v\u0103 acces la informa\u021biile \u0219i set\u0103rile contului.\u00a0 Cu ajutorul acestui instrument puternic, pute\u021bi urm\u0103ri istoricul comenzilor, s\u0103 v\u0103 actualiza\u021bi informa\u021biile personale.<\/p>\n<p>\u00cen sec\u021biunea Contul Meu, v\u0103 oferim controlul complet asupra experien\u021bei dvs. de cump\u0103r\u0103turi. Pun\u00e2nd la dispozi\u021bie o serie de instrumente \u0219i func\u021bionalit\u0103\u021bi personalizate pentru a v\u0103 satisface nevoile.<\/p>\n<p>\u00cen primul r\u00e2nd, \u00een aceast\u0103 sec\u021biune ve\u021bi g\u0103si detaliile contului dvs., cum ar fi numele, adresa e-mail \u0219i informa\u021biile de contact. Este important s\u0103 ave\u021bi aceste date actualizate pentru a asigura o comunicare eficient\u0103 \u0219i pentru a primi toate actualiz\u0103rile \u0219i notific\u0103rile.<\/p>\n<p>Prin intermediul acestei sec\u021biuni, pute\u021bi s\u0103 v\u0103 gestiona\u021bi preferin\u021bele de securitate \u0219i s\u0103 v\u0103 actualiza\u021bi parola periodic. Asta\u00a0 pentru a v\u0103 asigura c\u0103 contul dvs. este protejat \u00een mod corespunz\u0103tor. De asemenea, pute\u021bi schimba detaliile de conectare \u0219i alte informa\u021bii legate de cont.<\/p>\n<p>De asemenea, pute\u021bi explora istoricul comenzilor pentru a urm\u0103ri \u0219i revizui toate achizi\u021biile anterioare pe care le-a\u021bi efectuat. Acest lucru v\u0103 permite s\u0103 monitoriza\u021bi stadiul comenzilor \u00een timp real \u0219i s\u0103 verifica\u021bi informa\u021bii precum datele de livrare \u0219i statusul pl\u0103\u021bii.<\/p>\n<p>\u00cen sec\u021biunea &#8222;Adresele mele&#8221;, ave\u021bi posibilitatea s\u0103 gestiona\u021bi adresele de livrare \u0219i facturare asociate contului dvs. Pute\u021bi ad\u0103uga noi adrese, s\u0103 le edita\u021bi, s\u0103 le \u0219terge\u021bi dup\u0103 necesit\u0103\u021bi, pentru a asigura o experien\u021b\u0103 de cump\u0103r\u0103turi.<\/p>\n<p>De asemenea, aceast\u0103 sec\u021biune v\u0103 ofer\u0103 op\u021biuni pentru a v\u0103 actualiza preferin\u021bele de comunicare. Acest lucru v\u0103 permite s\u0103 personaliza\u021bi experien\u021ba dvs. pe site-ul nostru conform preferin\u021belor dvs.<\/p>\n<p>\u00cen concluzie, sec\u021biunea Contul Meu este un instrument esen\u021bial pentru gestionarea \u0219i optimizarea experien\u021bei dvs. de cump\u0103r\u0103turi online. Aici pute\u021bi accesa rapid \u0219i u\u0219or toate informa\u021biile \u0219i set\u0103rile contului dvs., asigur\u00e2ndu-v\u0103 c\u0103 fiecare achizi\u021bie este simpl\u0103, convenabil\u0103 \u0219i adaptat\u0103 nevoilor dvs.<\/p>\n<p>Va asteptam pe Crazy Basket!<\/p>","protected":false},"excerpt":{"rendered":"","protected":false},"author":1,"featured_media":0,"parent":0,"menu_order":0,"comment_status":"closed","ping_status":"closed","template":"","meta":{"_acf_changed":false,"_et_pb_use_builder":"","_et_pb_old_content":"","_et_gb_content_width":"","footnotes":""},"class_list":["post-63","page","type-page","status-publish","hentry"],"acf":[],"_links":{"self":[{"href":"https:\/\/crazybasket.ro\/en\/wp-json\/wp\/v2\/pages\/63","targetHints":{"allow":["GET"]}}],"collection":[{"href":"https:\/\/crazybasket.ro\/en\/wp-json\/wp\/v2\/pages"}],"about":[{"href":"https:\/\/crazybasket.ro\/en\/wp-json\/wp\/v2\/types\/page"}],"author":[{"embeddable":true,"href":"https:\/\/crazybasket.ro\/en\/wp-json\/wp\/v2\/users\/1"}],"replies":[{"embeddable":true,"href":"https:\/\/crazybasket.ro\/en\/wp-json\/wp\/v2\/comments?post=63"}],"version-history":[{"count":0,"href":"https:\/\/crazybasket.ro\/en\/wp-json\/wp\/v2\/pages\/63\/revisions"}],"wp:attachment":[{"href":"https:\/\/crazybasket.ro\/en\/wp-json\/wp\/v2\/media?parent=63"}],"curies":[{"name":"wp","href":"https:\/\/api.w.org\/{rel}","templated":true}]}}