{"id":61,"date":"2023-10-17T11:11:47","date_gmt":"2023-10-17T11:11:47","guid":{"rendered":"https:\/\/crazybasket.ro\/cart\/"},"modified":"2024-02-06T23:33:22","modified_gmt":"2024-02-06T21:33:22","slug":"cart","status":"publish","type":"page","link":"https:\/\/crazybasket.ro\/en\/cart\/","title":{"rendered":"Cosul Meu"},"content":{"rendered":"<p>\u00cen sec\u021biunea &#8216;Co\u0219ul Meu&#8217; te invit\u0103m s\u0103 explorezi \u0219i s\u0103 gestionezi\u00a0 produsele pe care le-ai selectat pentru a le achizi\u021biona. Aici vei g\u0103si o list\u0103 detaliat\u0103 a tuturor articolelor ad\u0103ugate \u00een co\u0219ul t\u0103u de cump\u0103r\u0103turi. Al\u0103turi de informa\u021bii relevante precum pre\u021burile individuale, cantitatea \u0219i totalul comenzii. Av\u00e2nd posibilitatea de a vizualiza \u0219i de a modifica con\u021binutul co\u0219ului \u00een timp real. \u00ce\u021bi oferim flexibilitatea de a ad\u0103uga sau elimina produse \u00een func\u021bie de preferin\u021bele \u0219i necesit\u0103\u021bile tale.<\/p>\n<p>Nu doar c\u0103 \u00ee\u021bi punem la dispozi\u021bie o experien\u021b\u0103 intuitiv\u0103 de navigare \u0219i de gestionare a co\u0219ului, dar \u00ee\u021bi oferim \u0219i op\u021biuni variate. Toate acestea pentru a-\u021bi finaliza achizi\u021bia \u00een mod convenabil. Po\u021bi s\u0103 aplici cupoane de reducere sau coduri promo\u021bionale pentru a ob\u021bine beneficii suplimentare. Iar op\u021biunile de livrare \u0219i de plat\u0103 sunt adaptate pentru a satisface cerin\u021bele \u0219i preferin\u021bele tale individuale.<\/p>\n<p>\u00cen plus, \u00ee\u021bi oferim un proces de finalizare a comenzii simplu \u0219i rapid, pentru a-\u021bi asigura c\u0103 produsele\u00a0 ajung la tine rapid. Avem \u00een vedere fiecare detaliu al experien\u021bei tale de cump\u0103rare, astfel \u00eenc\u00e2t s\u0103 te sim\u021bi \u00eencrez\u0103tor \u0219i mul\u021bumit.<\/p>\n<p>Indiferent dac\u0103 e\u0219ti \u00een c\u0103utarea unor cadouri pentru cei dragi sau daca vrei s\u0103-\u021bi r\u0103sfe\u021bi sim\u021burile cu produse de calitate, te asigur\u0103m c\u0103 sec\u021biunea &#8216;Co\u0219ul Meu&#8217; \u00ee\u021bi va oferi tot suportul \u0219i confortul necesar pentru a face cele mai bune alegeri \u00een cadrul procesului de cump\u0103r\u0103turi online. Cu noi, fiecare achizi\u021bie devine o experien\u021b\u0103 pl\u0103cut\u0103 \u0219i lipsit\u0103 de stres, iar satisfac\u021bia ta este \u00eentotdeauna prioritatea noastr\u0103.<\/p>","protected":false},"excerpt":{"rendered":"","protected":false},"author":1,"featured_media":0,"parent":0,"menu_order":0,"comment_status":"closed","ping_status":"closed","template":"","meta":{"_acf_changed":false,"_et_pb_use_builder":"","_et_pb_old_content":"","_et_gb_content_width":"","footnotes":""},"class_list":["post-61","page","type-page","status-publish","hentry"],"acf":[],"_links":{"self":[{"href":"https:\/\/crazybasket.ro\/en\/wp-json\/wp\/v2\/pages\/61","targetHints":{"allow":["GET"]}}],"collection":[{"href":"https:\/\/crazybasket.ro\/en\/wp-json\/wp\/v2\/pages"}],"about":[{"href":"https:\/\/crazybasket.ro\/en\/wp-json\/wp\/v2\/types\/page"}],"author":[{"embeddable":true,"href":"https:\/\/crazybasket.ro\/en\/wp-json\/wp\/v2\/users\/1"}],"replies":[{"embeddable":true,"href":"https:\/\/crazybasket.ro\/en\/wp-json\/wp\/v2\/comments?post=61"}],"version-history":[{"count":0,"href":"https:\/\/crazybasket.ro\/en\/wp-json\/wp\/v2\/pages\/61\/revisions"}],"wp:attachment":[{"href":"https:\/\/crazybasket.ro\/en\/wp-json\/wp\/v2\/media?parent=61"}],"curies":[{"name":"wp","href":"https:\/\/api.w.org\/{rel}","templated":true}]}}