{"id":40,"date":"2023-10-17T11:03:44","date_gmt":"2023-10-17T11:03:44","guid":{"rendered":"https:\/\/crazybasket.ro\/?page_id=40"},"modified":"2026-04-12T04:25:25","modified_gmt":"2026-04-12T01:25:25","slug":"despre-noi","status":"publish","type":"page","link":"https:\/\/crazybasket.ro\/en\/despre-noi\/","title":{"rendered":"Despre Noi"},"content":{"rendered":"<p>[et_pb_section fb_built=&#8221;1&#8243; admin_label=&#8221;Features Section&#8221; _builder_version=&#8221;4.16&#8243; custom_padding=&#8221;110px||110px|&#8221; global_colors_info=&#8221;{}&#8221;][et_pb_row _builder_version=&#8221;4.16&#8243; custom_padding=&#8221;20px|||&#8221; locked=&#8221;off&#8221; global_colors_info=&#8221;{}&#8221;][et_pb_column type=&#8221;4_4&#8243; _builder_version=&#8221;4.16&#8243; custom_padding=&#8221;|||&#8221; global_colors_info=&#8221;{}&#8221; custom_padding__hover=&#8221;|||&#8221;][et_pb_text admin_label=&#8221;Features Section Title&#8221; _builder_version=&#8221;4.24.0&#8243; text_font=&#8221;||||||||&#8221; header_font=&#8221;Roboto|700||on|||||&#8221; header_text_align=&#8221;center&#8221; header_font_size=&#8221;52px&#8221; header_letter_spacing=&#8221;4px&#8221; header_line_height=&#8221;1.2em&#8221; header_2_font=&#8221;||||||||&#8221; module_alignment=&#8221;center&#8221; custom_margin=&#8221;|||&#8221; custom_padding=&#8221;|||&#8221; animation_style=&#8221;fade&#8221; header_font_size_tablet=&#8221;40px&#8221; header_font_size_phone=&#8221;&#8221; header_font_size_last_edited=&#8221;on|tablet&#8221; locked=&#8221;off&#8221; global_colors_info=&#8221;{}&#8221;]<\/p>\n<p style=\"text-align: center;\"><span>Pasiune \u0219i Inova\u021bie: <\/span><\/p>\n<h1 style=\"text-align: center;\"><span>Crazy Basket<\/span><\/h1>\n<p>[\/et_pb_text][et_pb_divider color=&#8221;#A18D6C&#8221; divider_weight=&#8221;2px&#8221; disabled_on=&#8221;off|off|off&#8221; _builder_version=&#8221;4.24.0&#8243; max_width=&#8221;100px&#8221; module_alignment=&#8221;center&#8221; animation_style=&#8221;fade&#8221; locked=&#8221;off&#8221; global_colors_info=&#8221;{}&#8221;][\/et_pb_divider][\/et_pb_column][\/et_pb_row][et_pb_row column_structure=&#8221;1_3,1_3,1_3&#8243; _builder_version=&#8221;4.16&#8243; custom_margin=&#8221;||20px|&#8221; global_colors_info=&#8221;{}&#8221;][et_pb_column type=&#8221;1_3&#8243; _builder_version=&#8221;4.16&#8243; custom_padding=&#8221;|||&#8221; global_colors_info=&#8221;{}&#8221; custom_padding__hover=&#8221;|||&#8221;][et_pb_blurb title=&#8221;Cine Suntem&#8221; use_icon=&#8221;on&#8221; font_icon=&#8221;&#xf500;||fa||900&#8243; icon_color=&#8221;#A18D6C&#8221; image_icon_width=&#8221;48px&#8221; admin_label=&#8221;Feature 01&#8243; _builder_version=&#8221;4.24.0&#8243; header_font=&#8221;Roboto|on||on|&#8221; header_font_size=&#8221;18px&#8221; header_letter_spacing=&#8221;1px&#8221; header_line_height=&#8221;1.4em&#8221; body_font=&#8221;||||||||&#8221; body_font_size=&#8221;16px&#8221; body_line_height=&#8221;1.8em&#8221; text_orientation=&#8221;center&#8221; animation_style=&#8221;fade&#8221; animation=&#8221;off&#8221; icon_font_size=&#8221;48px&#8221; global_colors_info=&#8221;{}&#8221;]<\/p>\n<p>Bine a\u021bi venit la Crazy Basket, suntem Dana si Robert si am pornit aceasta mica afacere de familie unde pasiunea pentru lemn \u0219i tehnologie se contope\u0219te pentru a aduce \u00een lumea dumneavoastr\u0103 produse artizanale \u0219i personalizate cu o not\u0103 modern\u0103 \u0219i inovatoare.<br \/>Suntem o echip\u0103 dedicat\u0103 \u0219i pasionat\u0103, implicat\u0103 \u00een fiecare detaliu al produc\u021biei noastre. La inima afacerii noastre st\u0103 dragostea pentru lemn, iar aceast\u0103 pasiune se reg\u0103se\u0219te \u00een fiecare produs pe care \u00eel cre\u0103m. Combina\u021bia inedit\u0103 de tradi\u021bie \u0219i tehnologie define\u0219te identitatea noastr\u0103, oferindu-v\u0103 produse unice \u0219i de cea mai \u00eenalt\u0103 calitate.<\/p>\n<p>[\/et_pb_blurb][\/et_pb_column][et_pb_column type=&#8221;1_3&#8243; _builder_version=&#8221;4.16&#8243; custom_padding=&#8221;|||&#8221; global_colors_info=&#8221;{}&#8221; custom_padding__hover=&#8221;|||&#8221;][et_pb_blurb title=&#8221;Cadoul Perfect&#8221; use_icon=&#8221;on&#8221; font_icon=&#8221;&#xe008;||divi||400&#8243; icon_color=&#8221;#A18D6C&#8221; image_icon_width=&#8221;48px&#8221; admin_label=&#8221;Feature 02&#8243; _builder_version=&#8221;4.24.0&#8243; header_font=&#8221;Roboto|on||on|&#8221; header_font_size=&#8221;18px&#8221; header_letter_spacing=&#8221;1px&#8221; header_line_height=&#8221;1.4em&#8221; body_font=&#8221;||||||||&#8221; body_font_size=&#8221;16px&#8221; body_line_height=&#8221;1.8em&#8221; text_orientation=&#8221;center&#8221; animation_style=&#8221;fade&#8221; animation_delay=&#8221;100ms&#8221; animation=&#8221;off&#8221; icon_font_size=&#8221;48px&#8221; locked=&#8221;off&#8221; global_colors_info=&#8221;{}&#8221;]<\/p>\n<p><span>Ne dedic\u0103m produselor<\/span> artizanale personalizate, inclusiv cosuri care sunt create cu grij\u0103 \u0219i aten\u021bie pentru a reflecta pasiunile \u0219i preferin\u021bele fiec\u0103rui destinatar. Indiferent dac\u0103 sunte\u021bi \u00een c\u0103utarea unui cadou special pentru un iubitor de natur\u0103 sau pentru cineva pasionat de tehnologie, avem o gam\u0103 variat\u0103 de op\u021biuni pentru a satisface orice gust.<br \/>\u00cen plus, ne m\u00e2ndrim cu varietatea noastr\u0103 de produse printate 3D, fiecare dintre ele fiind unic\u0103 \u0219i inedit\u0103. Aceste crea\u021bii tehnologice adaug\u0103 o not\u0103 modern\u0103 \u0219i futurist\u0103 la portofoliul nostru de produse, oferindu-v\u0103 op\u021biuni inovatoare pentru cadourile dumneavoastr\u0103.<br \/>Pentru a v\u0103 \u00eenc\u00e2nta sim\u021burile, v\u0103 propunem luman\u0103ri parfumate naturale, realizate cu cear\u0103 de soia \u0219i uleiuri esen\u021biale. Atmosfera cald\u0103 \u0219i pl\u0103cut\u0103 creat\u0103 de aceste luman\u0103ri completeaz\u0103 perfect gama noastr\u0103 de produse, aduc\u00e2nd un farmec aparte fiec\u0103rui spa\u021biu.<\/p>\n<p>[\/et_pb_blurb][\/et_pb_column][et_pb_column type=&#8221;1_3&#8243; _builder_version=&#8221;4.16&#8243; custom_padding=&#8221;|||&#8221; global_colors_info=&#8221;{}&#8221; custom_padding__hover=&#8221;|||&#8221;][et_pb_blurb title=&#8221;Experienta unic\u0102&#8221; use_icon=&#8221;on&#8221; font_icon=&#8221;&#xf004;||fa||400&#8243; icon_color=&#8221;#A18D6C&#8221; image_icon_width=&#8221;48px&#8221; admin_label=&#8221;Feature 03&#8243; _builder_version=&#8221;4.24.0&#8243; header_font=&#8221;Roboto|on||on|&#8221; header_font_size=&#8221;18px&#8221; header_letter_spacing=&#8221;1px&#8221; header_line_height=&#8221;1.4em&#8221; body_font=&#8221;||||||||&#8221; body_font_size=&#8221;16px&#8221; body_line_height=&#8221;1.8em&#8221; text_orientation=&#8221;center&#8221; animation_style=&#8221;fade&#8221; animation_delay=&#8221;200ms&#8221; animation=&#8221;off&#8221; icon_font_size=&#8221;48px&#8221; locked=&#8221;off&#8221; global_colors_info=&#8221;{}&#8221;]<\/p>\n<p>Oferim o asisten\u021b\u0103 dedicat\u0103 \u00een caz de nevoie \u0219i suntem mereu disponibili pentru a r\u0103spunde \u00eentreb\u0103rilor \u0219i cererilor dumneavoastr\u0103. La Crazy Basket ne str\u0103duim s\u0103 v\u0103 oferim o experien\u021b\u0103 plin\u0103 de satisfac\u021bii, unde diversitatea produselor noastre v\u0103 ajut\u0103 s\u0103 g\u0103si\u021bi cadoul perfect.<br \/>V\u0103 invit\u0103m s\u0103 v\u0103 al\u0103tura\u021bi familiei noastre extinse de clien\u021bi mul\u021bumi\u021bi \u0219i s\u0103 experimenta\u021bi bucuria \u0219i unicitatea fiec\u0103rui produs creat cu dedicare \u0219i pasiune \u00een atelierul nostru.<br \/>V\u0103 mul\u021bumim c\u0103 sunte\u021bi al\u0103turi de noi \u00een c\u0103l\u0103toria noastr\u0103 plin\u0103 de pasiune \u0219i inova\u021bie!<\/p>\n<p>[\/et_pb_blurb][\/et_pb_column][\/et_pb_row][et_pb_row _builder_version=&#8221;4.16&#8243; background_size=&#8221;initial&#8221; background_position=&#8221;top_left&#8221; background_repeat=&#8221;repeat&#8221; global_colors_info=&#8221;{}&#8221;][et_pb_column type=&#8221;4_4&#8243; _builder_version=&#8221;4.16&#8243; custom_padding=&#8221;|||&#8221; global_colors_info=&#8221;{}&#8221; custom_padding__hover=&#8221;|||&#8221;][et_pb_button button_url=&#8221;https:\/\/crazybasket.ro\/shop\/&#8221; button_text=&#8221;Shop Onine&#8221; button_alignment=&#8221;center&#8221; _builder_version=&#8221;4.24.0&#8243; custom_button=&#8221;on&#8221; button_text_size=&#8221;16px&#8221; button_text_color=&#8221;#4A3728&#8243; button_bg_color=&#8221;#C9BBA6&#8243; button_border_radius=&#8221;50px&#8221; button_font=&#8221;Albert Sans|||on|||||&#8221; button_icon=&#8221;&#x55;||divi||400&#8243; button_on_hover=&#8221;off&#8221; custom_padding=&#8221;12px|50px|12px|40px|true|false&#8221; button_text_color_hover=&#8221;#ffffff&#8221; button_border_color_hover=&#8221;#ffb500&#8243; button_border_radius_hover=&#8221;30px&#8221; button_letter_spacing_hover=&#8221;2px&#8221; button_bg_color_hover=&#8221;#ffb500&#8243; global_colors_info=&#8221;{}&#8221; button_text_size__hover_enabled=&#8221;off&#8221; button_one_text_size__hover_enabled=&#8221;off&#8221; button_two_text_size__hover_enabled=&#8221;off&#8221; button_text_color__hover_enabled=&#8221;on|desktop&#8221; button_text_color__hover=&#8221;#4A3728&#8243; button_one_text_color__hover_enabled=&#8221;off&#8221; button_two_text_color__hover_enabled=&#8221;off&#8221; button_border_width__hover_enabled=&#8221;off&#8221; button_one_border_width__hover_enabled=&#8221;off&#8221; button_two_border_width__hover_enabled=&#8221;off&#8221; button_border_color__hover_enabled=&#8221;on&#8221; button_border_color__hover=&#8221;#ffb500&#8243; button_one_border_color__hover_enabled=&#8221;off&#8221; button_two_border_color__hover_enabled=&#8221;off&#8221; button_border_radius__hover_enabled=&#8221;on&#8221; button_border_radius__hover=&#8221;30px&#8221; button_one_border_radius__hover_enabled=&#8221;off&#8221; button_two_border_radius__hover_enabled=&#8221;off&#8221; button_letter_spacing__hover_enabled=&#8221;on&#8221; button_letter_spacing__hover=&#8221;2px&#8221; button_one_letter_spacing__hover_enabled=&#8221;off&#8221; button_two_letter_spacing__hover_enabled=&#8221;off&#8221; button_bg_color__hover_enabled=&#8221;on|hover&#8221; button_bg_color__hover=&#8221;#A18D6C&#8221; button_one_bg_color__hover_enabled=&#8221;off&#8221; button_two_bg_color__hover_enabled=&#8221;off&#8221; custom_padding__hover=&#8221;10px|40px|10px|40px|true|true&#8221; custom_padding__hover_enabled=&#8221;on|hover&#8221;][\/et_pb_button][\/et_pb_column][\/et_pb_row][\/et_pb_section][et_pb_section fb_built=&#8221;1&#8243; make_equal=&#8221;on&#8221; use_custom_gutter=&#8221;on&#8221; gutter_width=&#8221;1&#8243; specialty=&#8221;on&#8221; padding_top_1=&#8221;0px&#8221; padding_top_2=&#8221;0px&#8221; padding_bottom_1=&#8221;0px&#8221; padding_bottom_2=&#8221;0px&#8221; padding_top_bottom_link_1=&#8221;false&#8221; padding_top_bottom_link_2=&#8221;false&#8221; padding_left_right_link_1=&#8221;false&#8221; padding_left_right_link_2=&#8221;false&#8221; admin_label=&#8221;Photo Gallery Section&#8221; _builder_version=&#8221;4.24.0&#8243; inner_width=&#8221;100%&#8221; inner_max_width=&#8221;100%&#8221; custom_margin=&#8221;0px|60px|0px|60px|false|false&#8221; custom_margin_tablet=&#8221;&#8221; custom_margin_phone=&#8221;0px|0px|0px|0px&#8221; custom_margin_last_edited=&#8221;on|desktop&#8221; custom_padding=&#8221;0px||0px|&#8221; use_custom_width=&#8221;on&#8221; width_unit=&#8221;off&#8221; custom_width_percent=&#8221;100%&#8221; global_colors_info=&#8221;{}&#8221;][et_pb_column type=&#8221;1_2&#8243; _builder_version=&#8221;4.16&#8243; custom_padding=&#8221;|||&#8221; global_colors_info=&#8221;{}&#8221; custom_padding__hover=&#8221;|||&#8221;][et_pb_image src=&#8221;https:\/\/crazybasket.ro\/wp-content\/uploads\/2024\/01\/CRZ-M001-Martisoare-floare-cu-modele-de-fluture-si-mesaj-1Martie-model-de-produs-final.jpg&#8221; title_text=&#8221;CRZ-M001-Martisoare floare cu modele de fluture si mesaj 1Martie &#8211; model de produs final&#8221; show_in_lightbox=&#8221;on&#8221; show_bottom_space=&#8221;off&#8221; force_fullwidth=&#8221;on&#8221; align_tablet=&#8221;center&#8221; align_phone=&#8221;center&#8221; align_last_edited=&#8221;on|desktop&#8221; _builder_version=&#8221;4.24.0&#8243; height=&#8221;859px&#8221; animation=&#8221;fade_in&#8221; sticky=&#8221;on&#8221; global_colors_info=&#8221;{}&#8221;][\/et_pb_image][\/et_pb_column][et_pb_column type=&#8221;1_2&#8243; specialty_columns=&#8221;2&#8243; _builder_version=&#8221;4.16&#8243; custom_padding=&#8221;|||&#8221; global_colors_info=&#8221;{}&#8221; custom_padding__hover=&#8221;|||&#8221;][et_pb_row_inner _builder_version=&#8221;4.24.0&#8243; custom_padding=&#8221;0px||0px||false|false&#8221; global_colors_info=&#8221;{}&#8221;][et_pb_column_inner saved_specialty_column_type=&#8221;1_2&#8243; _builder_version=&#8221;4.16&#8243; custom_padding=&#8221;|||&#8221; global_colors_info=&#8221;{}&#8221; custom_padding__hover=&#8221;|||&#8221;][et_pb_image src=&#8221;https:\/\/crazybasket.ro\/wp-content\/uploads\/2024\/01\/CRZ-M003-Martisor-floare-cu-mesaj-O-primavara-frumoasa-si-nume-model-produs-final-re2.jpg&#8221; title_text=&#8221;CRZ-M003&#8211;Martisor-floare-cu-mesaj-O-primavara-frumoasa-si-nume-model-produs-final-re2&#8243; show_in_lightbox=&#8221;on&#8221; force_fullwidth=&#8221;on&#8221; align_tablet=&#8221;center&#8221; align_phone=&#8221;center&#8221; align_last_edited=&#8221;on|desktop&#8221; _builder_version=&#8221;4.24.0&#8243; animation=&#8221;fade_in&#8221; sticky=&#8221;on&#8221; global_colors_info=&#8221;{}&#8221;][\/et_pb_image][\/et_pb_column_inner][\/et_pb_row_inner][et_pb_row_inner column_structure=&#8221;1_2,1_2&#8243; use_custom_gutter=&#8221;on&#8221; gutter_width=&#8221;1&#8243; make_equal=&#8221;on&#8221; _builder_version=&#8221;4.24.0&#8243; custom_padding=&#8221;0px|0px|0px|0px&#8221; global_colors_info=&#8221;{}&#8221;][et_pb_column_inner type=&#8221;1_2&#8243; saved_specialty_column_type=&#8221;1_2&#8243; _builder_version=&#8221;4.16&#8243; custom_padding=&#8221;|||&#8221; global_colors_info=&#8221;{}&#8221; custom_padding__hover=&#8221;|||&#8221;][et_pb_image src=&#8221;https:\/\/crazybasket.ro\/wp-content\/uploads\/2024\/01\/CRZ-M004-2-Martisor-costum-cu-motive-traditionale-mdf-alb-model-de-produs-final.jpg&#8221; title_text=&#8221;CRZ-M004-2- Martisor costum cu motive traditionale, mdf alb &#8211; model de produs final&#8221; show_in_lightbox=&#8221;on&#8221; force_fullwidth=&#8221;on&#8221; align_tablet=&#8221;center&#8221; align_phone=&#8221;center&#8221; align_last_edited=&#8221;on|desktop&#8221; _builder_version=&#8221;4.24.0&#8243; animation=&#8221;fade_in&#8221; global_colors_info=&#8221;{}&#8221;][\/et_pb_image][\/et_pb_column_inner][et_pb_column_inner type=&#8221;1_2&#8243; saved_specialty_column_type=&#8221;1_2&#8243; _builder_version=&#8221;4.16&#8243; custom_padding=&#8221;|||&#8221; global_colors_info=&#8221;{}&#8221; custom_padding__hover=&#8221;|||&#8221;][et_pb_image src=&#8221;https:\/\/crazybasket.ro\/wp-content\/uploads\/2024\/01\/CRZ-M005-1-Martisor-Buburuza-negru-cu-rosu-model-de-produs-final.jpg&#8221; title_text=&#8221;CRZ-M005-1- Martisor Buburuza negru cu rosu &#8211; model de produs final&#8221; show_in_lightbox=&#8221;on&#8221; force_fullwidth=&#8221;on&#8221; align_tablet=&#8221;center&#8221; align_phone=&#8221;center&#8221; align_last_edited=&#8221;on|desktop&#8221; _builder_version=&#8221;4.24.0&#8243; animation=&#8221;fade_in&#8221; global_colors_info=&#8221;{}&#8221;][\/et_pb_image][\/et_pb_column_inner][\/et_pb_row_inner][\/et_pb_column][\/et_pb_section][et_pb_section fb_built=&#8221;1&#8243; admin_label=&#8221;Testimonials&#8221; _builder_version=&#8221;4.16&#8243; background_color=&#8221;rgba(201,187,166,0.2)&#8221; custom_margin=&#8221;60px|60px|60px|60px&#8221; custom_margin_tablet=&#8221;&#8221; custom_margin_phone=&#8221;0px|0px|0px|0px&#8221; custom_margin_last_edited=&#8221;on|phone&#8221; custom_padding=&#8221;110px||110px|&#8221; collapsed=&#8221;off&#8221; global_colors_info=&#8221;{}&#8221;][et_pb_row _builder_version=&#8221;4.16&#8243; custom_padding=&#8221;27px|0px|0px|0px&#8221; locked=&#8221;off&#8221; global_colors_info=&#8221;{}&#8221;][et_pb_column type=&#8221;4_4&#8243; _builder_version=&#8221;4.16&#8243; custom_padding=&#8221;|||&#8221; global_colors_info=&#8221;{}&#8221; custom_padding__hover=&#8221;|||&#8221;][et_pb_text _builder_version=&#8221;4.24.0&#8243; text_font=&#8221;||||||||&#8221; header_font=&#8221;||||||||&#8221; header_2_font=&#8221;Roboto|700||on|||||&#8221; header_2_text_align=&#8221;center&#8221; header_2_font_size=&#8221;30px&#8221; header_2_letter_spacing=&#8221;4px&#8221; header_2_line_height=&#8221;1.2em&#8221; module_alignment=&#8221;center&#8221; custom_margin=&#8221;||10px|&#8221; custom_padding=&#8221;|||&#8221; locked=&#8221;off&#8221; global_colors_info=&#8221;{}&#8221;]<\/p>\n<h2>Ce spun clien\u021bii no\u0219tri:<\/h2>\n<p>[\/et_pb_text][et_pb_divider color=&#8221;#A18D6C&#8221; divider_weight=&#8221;2px&#8221; disabled_on=&#8221;off|off|off&#8221; _builder_version=&#8221;4.24.0&#8243; max_width=&#8221;100px&#8221; module_alignment=&#8221;center&#8221; custom_css_main_element=&#8221;||&#8221; locked=&#8221;off&#8221; global_colors_info=&#8221;{}&#8221;][\/et_pb_divider][\/et_pb_column][\/et_pb_row][et_pb_row use_custom_gutter=&#8221;on&#8221; gutter_width=&#8221;2&#8243; column_padding_mobile=&#8221;on&#8221; custom_padding_last_edited=&#8221;on|tablet&#8221; _builder_version=&#8221;4.16&#8243; background_size=&#8221;initial&#8221; background_position=&#8221;top_left&#8221; background_repeat=&#8221;repeat&#8221; custom_margin=&#8221;0px|||&#8221; custom_padding=&#8221;0px|0px|27px|0px&#8221; custom_padding_tablet=&#8221;49px|||&#8221; custom_padding_phone=&#8221;29px|||&#8221; custom_width_px=&#8221;544px&#8221; global_colors_info=&#8221;{}&#8221;][et_pb_column type=&#8221;4_4&#8243; _builder_version=&#8221;4.16&#8243; custom_padding=&#8221;|||&#8221; global_colors_info=&#8221;{}&#8221; custom_padding__hover=&#8221;|||&#8221;][et_pb_slider show_pagination=&#8221;off&#8221; admin_label=&#8221;Testimonial&#8221; _builder_version=&#8221;4.16&#8243; header_font=&#8221;Roboto||||&#8221; header_text_color=&#8221;#ffffff&#8221; header_font_size=&#8221;36&#8243; header_line_height=&#8221;1.4em&#8221; body_font=&#8221;Roboto||||&#8221; body_text_color=&#8221;#ffffff&#8221; body_font_size=&#8221;20&#8243; body_line_height=&#8221;1.5em&#8221; background_position=&#8221;top_left&#8221; custom_padding=&#8221;80px|0px|100px|0px&#8221; custom_padding_tablet=&#8221;|||&#8221; custom_padding_phone=&#8221;|||&#8221; auto=&#8221;on&#8221; top_padding=&#8221;80px&#8221; bottom_padding=&#8221;100px&#8221; remove_inner_shadow=&#8221;on&#8221; show_inner_shadow=&#8221;off&#8221; global_colors_info=&#8221;{}&#8221; button_text_size__hover_enabled=&#8221;off&#8221; button_one_text_size__hover_enabled=&#8221;off&#8221; button_two_text_size__hover_enabled=&#8221;off&#8221; button_text_color__hover_enabled=&#8221;off&#8221; button_one_text_color__hover_enabled=&#8221;off&#8221; button_two_text_color__hover_enabled=&#8221;off&#8221; button_border_width__hover_enabled=&#8221;off&#8221; button_one_border_width__hover_enabled=&#8221;off&#8221; button_two_border_width__hover_enabled=&#8221;off&#8221; button_border_color__hover_enabled=&#8221;off&#8221; button_one_border_color__hover_enabled=&#8221;off&#8221; button_two_border_color__hover_enabled=&#8221;off&#8221; button_border_radius__hover_enabled=&#8221;off&#8221; button_one_border_radius__hover_enabled=&#8221;off&#8221; button_two_border_radius__hover_enabled=&#8221;off&#8221; button_letter_spacing__hover_enabled=&#8221;off&#8221; button_one_letter_spacing__hover_enabled=&#8221;off&#8221; button_two_letter_spacing__hover_enabled=&#8221;off&#8221; button_bg_color__hover_enabled=&#8221;off&#8221; button_one_bg_color__hover_enabled=&#8221;off&#8221; button_two_bg_color__hover_enabled=&#8221;off&#8221;][et_pb_slide heading=&#8221;%22Lorem ipsum dolor sit amet, consectetur adipiscing elit. Nam aliquam, felis in consectetur rutrum, lectus urna malesuada ligula, eget pulvinar dui leo at eros.%22&#8243; use_bg_overlay=&#8221;off&#8221; use_text_overlay=&#8221;off&#8221; arrows_custom_color=&#8221;#666666&#8243; _builder_version=&#8221;4.16&#8243; header_font=&#8221;||on||&#8221; header_text_color=&#8221;#666666&#8243; header_font_size=&#8221;22px&#8221; header_line_height=&#8221;1.8em&#8221; body_font=&#8221;Roboto|||on|&#8221; body_text_color=&#8221;#666666&#8243; background_color=&#8221;rgba(255,255,255,0)&#8221; button_icon_placement=&#8221;right&#8221; button_on_hover=&#8221;on&#8221; custom_css_slide_title=&#8221;margin-bottom:32px;||text-shadow: none;||||||&#8221; custom_css_slide_description=&#8221;text-shadow: none;&#8221; global_colors_info=&#8221;{}&#8221; button_text_size__hover_enabled=&#8221;off&#8221; button_one_text_size__hover_enabled=&#8221;off&#8221; button_two_text_size__hover_enabled=&#8221;off&#8221; button_text_color__hover_enabled=&#8221;off&#8221; button_one_text_color__hover_enabled=&#8221;off&#8221; button_two_text_color__hover_enabled=&#8221;off&#8221; button_border_width__hover_enabled=&#8221;off&#8221; button_one_border_width__hover_enabled=&#8221;off&#8221; button_two_border_width__hover_enabled=&#8221;off&#8221; button_border_color__hover_enabled=&#8221;off&#8221; button_one_border_color__hover_enabled=&#8221;off&#8221; button_two_border_color__hover_enabled=&#8221;off&#8221; button_border_radius__hover_enabled=&#8221;off&#8221; button_one_border_radius__hover_enabled=&#8221;off&#8221; button_two_border_radius__hover_enabled=&#8221;off&#8221; button_letter_spacing__hover_enabled=&#8221;off&#8221; button_one_letter_spacing__hover_enabled=&#8221;off&#8221; button_two_letter_spacing__hover_enabled=&#8221;off&#8221; button_bg_color__hover_enabled=&#8221;off&#8221; button_one_bg_color__hover_enabled=&#8221;off&#8221; button_two_bg_color__hover_enabled=&#8221;off&#8221; sticky_transition=&#8221;on&#8221;]<\/p>\n<p><strong>Dan Virgillito<\/strong><\/p>\n<p style=\"margin-top: -15px;\">Interior Designer<\/p>\n<p>[\/et_pb_slide][et_pb_slide heading=&#8221;\u201cMauris id fermentum neque. Donec fermentum sapien eget dolor fringilla pharetra. In cursus, arcu vitae dictum fringilla, sapien metus gravida augue.%22&#8243; use_bg_overlay=&#8221;off&#8221; use_text_overlay=&#8221;off&#8221; arrows_custom_color=&#8221;#666666&#8243; _builder_version=&#8221;4.16&#8243; header_font=&#8221;||on||&#8221; header_text_color=&#8221;#666666&#8243; header_font_size=&#8221;22px&#8221; header_line_height=&#8221;1.8em&#8221; body_font=&#8221;Roboto|||on|&#8221; body_text_color=&#8221;#666666&#8243; background_color=&#8221;rgba(255,255,255,0)&#8221; button_icon_placement=&#8221;right&#8221; button_on_hover=&#8221;on&#8221; custom_css_slide_title=&#8221;margin-bottom:32px;||text-shadow: none;||||||&#8221; custom_css_slide_description=&#8221;text-shadow: none;&#8221; global_colors_info=&#8221;{}&#8221; button_text_size__hover_enabled=&#8221;off&#8221; button_one_text_size__hover_enabled=&#8221;off&#8221; button_two_text_size__hover_enabled=&#8221;off&#8221; button_text_color__hover_enabled=&#8221;off&#8221; button_one_text_color__hover_enabled=&#8221;off&#8221; button_two_text_color__hover_enabled=&#8221;off&#8221; button_border_width__hover_enabled=&#8221;off&#8221; button_one_border_width__hover_enabled=&#8221;off&#8221; button_two_border_width__hover_enabled=&#8221;off&#8221; button_border_color__hover_enabled=&#8221;off&#8221; button_one_border_color__hover_enabled=&#8221;off&#8221; button_two_border_color__hover_enabled=&#8221;off&#8221; button_border_radius__hover_enabled=&#8221;off&#8221; button_one_border_radius__hover_enabled=&#8221;off&#8221; button_two_border_radius__hover_enabled=&#8221;off&#8221; button_letter_spacing__hover_enabled=&#8221;off&#8221; button_one_letter_spacing__hover_enabled=&#8221;off&#8221; button_two_letter_spacing__hover_enabled=&#8221;off&#8221; button_bg_color__hover_enabled=&#8221;off&#8221; button_one_bg_color__hover_enabled=&#8221;off&#8221; button_two_bg_color__hover_enabled=&#8221;off&#8221; sticky_transition=&#8221;on&#8221;]<\/p>\n<p><strong>Dan Virgillito<\/strong><\/p>\n<p style=\"margin-top: -15px\">Blogger<\/p>\n<p>[\/et_pb_slide][\/et_pb_slider][\/et_pb_column][\/et_pb_row][\/et_pb_section]<\/p>\n","protected":false},"excerpt":{"rendered":"<p>Pasiune \u0219i Inova\u021bie: Crazy BasketBine a\u021bi venit la Crazy Basket, suntem Dana si Robert si am pornit aceasta mica afacere de familie unde pasiunea pentru lemn \u0219i tehnologie se contope\u0219te pentru a aduce \u00een lumea dumneavoastr\u0103 produse artizanale \u0219i personalizate cu o not\u0103 modern\u0103 \u0219i inovatoare.Suntem o echip\u0103 dedicat\u0103 \u0219i pasionat\u0103, implicat\u0103 \u00een fiecare detaliu [&hellip;]<\/p>\n","protected":false},"author":1,"featured_media":0,"parent":0,"menu_order":0,"comment_status":"closed","ping_status":"closed","template":"","meta":{"_acf_changed":false,"_et_pb_use_builder":"on","_et_pb_old_content":"","_et_gb_content_width":"","footnotes":""},"class_list":["post-40","page","type-page","status-publish","hentry"],"acf":[],"_links":{"self":[{"href":"https:\/\/crazybasket.ro\/en\/wp-json\/wp\/v2\/pages\/40","targetHints":{"allow":["GET"]}}],"collection":[{"href":"https:\/\/crazybasket.ro\/en\/wp-json\/wp\/v2\/pages"}],"about":[{"href":"https:\/\/crazybasket.ro\/en\/wp-json\/wp\/v2\/types\/page"}],"author":[{"embeddable":true,"href":"https:\/\/crazybasket.ro\/en\/wp-json\/wp\/v2\/users\/1"}],"replies":[{"embeddable":true,"href":"https:\/\/crazybasket.ro\/en\/wp-json\/wp\/v2\/comments?post=40"}],"version-history":[{"count":1,"href":"https:\/\/crazybasket.ro\/en\/wp-json\/wp\/v2\/pages\/40\/revisions"}],"predecessor-version":[{"id":257118,"href":"https:\/\/crazybasket.ro\/en\/wp-json\/wp\/v2\/pages\/40\/revisions\/257118"}],"wp:attachment":[{"href":"https:\/\/crazybasket.ro\/en\/wp-json\/wp\/v2\/media?parent=40"}],"curies":[{"name":"wp","href":"https:\/\/api.w.org\/{rel}","templated":true}]}}