{"id":257031,"date":"2026-04-10T00:28:43","date_gmt":"2026-04-09T21:28:43","guid":{"rendered":"https:\/\/crazybasket.ro\/?page_id=257031"},"modified":"2026-04-12T04:17:40","modified_gmt":"2026-04-12T01:17:40","slug":"workshops","status":"publish","type":"page","link":"https:\/\/crazybasket.ro\/en\/workshops\/","title":{"rendered":"Workshops"},"content":{"rendered":"<p>Workshopurile Telier sunt experien\u021be creative dedicate celor care \u00ee\u0219i doresc s\u0103 descopere procesul din spatele lum\u00e2n\u0103rilor handmade \u0219i al obiectelor realizate \u00een atelier.<\/p>\n<p>\u00cen cadrul workshopurilor, lucr\u0103m \u00een grupuri mici, \u00eentr-un cadru relaxat, folosind materiale atent alese \u0219i tehnici accesibile, indiferent de nivelul de experien\u021b\u0103.<\/p>\n<p>Datele \u0219i temele workshopurilor vor fi anun\u021bate aici, pe m\u0103sur\u0103 ce sunt stabilite. Dac\u0103 vrei s\u0103 fii la curent cu urm\u0103toarele sesiuni, urm\u0103re\u0219te aceast\u0103 pagin\u0103 sau canalele noastre de comunicare.<\/p>","protected":false},"excerpt":{"rendered":"<p>Workshopurile Telier sunt experien\u021be creative dedicate celor care \u00ee\u0219i doresc s\u0103 descopere procesul din spatele lum\u00e2n\u0103rilor handmade \u0219i al obiectelor realizate \u00een atelier. \u00cen cadrul workshopurilor, lucr\u0103m \u00een grupuri mici, \u00eentr-un cadru relaxat, folosind materiale atent alese \u0219i tehnici accesibile, indiferent de nivelul de experien\u021b\u0103. Datele \u0219i temele workshopurilor vor fi anun\u021bate aici, pe m\u0103sur\u0103 [&hellip;]<\/p>\n","protected":false},"author":2,"featured_media":0,"parent":0,"menu_order":0,"comment_status":"closed","ping_status":"closed","template":"","meta":{"_acf_changed":false,"_et_pb_use_builder":"","_et_pb_old_content":"","_et_gb_content_width":"","footnotes":""},"class_list":["post-257031","page","type-page","status-publish","hentry"],"acf":[],"_links":{"self":[{"href":"https:\/\/crazybasket.ro\/en\/wp-json\/wp\/v2\/pages\/257031","targetHints":{"allow":["GET"]}}],"collection":[{"href":"https:\/\/crazybasket.ro\/en\/wp-json\/wp\/v2\/pages"}],"about":[{"href":"https:\/\/crazybasket.ro\/en\/wp-json\/wp\/v2\/types\/page"}],"author":[{"embeddable":true,"href":"https:\/\/crazybasket.ro\/en\/wp-json\/wp\/v2\/users\/2"}],"replies":[{"embeddable":true,"href":"https:\/\/crazybasket.ro\/en\/wp-json\/wp\/v2\/comments?post=257031"}],"version-history":[{"count":2,"href":"https:\/\/crazybasket.ro\/en\/wp-json\/wp\/v2\/pages\/257031\/revisions"}],"predecessor-version":[{"id":257116,"href":"https:\/\/crazybasket.ro\/en\/wp-json\/wp\/v2\/pages\/257031\/revisions\/257116"}],"wp:attachment":[{"href":"https:\/\/crazybasket.ro\/en\/wp-json\/wp\/v2\/media?parent=257031"}],"curies":[{"name":"wp","href":"https:\/\/api.w.org\/{rel}","templated":true}]}}