{"id":256523,"date":"2024-02-08T00:33:31","date_gmt":"2024-02-07T22:33:31","guid":{"rendered":"https:\/\/crazybasket.ro\/?page_id=256523"},"modified":"2024-02-08T00:56:38","modified_gmt":"2024-02-07T22:56:38","slug":"politica-cookie","status":"publish","type":"page","link":"https:\/\/crazybasket.ro\/en\/politica-cookie\/","title":{"rendered":"Politica Cookie"},"content":{"rendered":"<p>[et_pb_section fb_built=&#8221;1&#8243; admin_label=&#8221;section&#8221; _builder_version=&#8221;4.16&#8243; da_disable_devices=&#8221;off|off|off&#8221; global_colors_info=&#8221;{}&#8221; da_is_popup=&#8221;off&#8221; da_exit_intent=&#8221;off&#8221; da_has_close=&#8221;on&#8221; da_alt_close=&#8221;off&#8221; da_dark_close=&#8221;off&#8221; da_not_modal=&#8221;on&#8221; da_is_singular=&#8221;off&#8221; da_with_loader=&#8221;off&#8221; da_has_shadow=&#8221;on&#8221;][et_pb_row admin_label=&#8221;row&#8221; _builder_version=&#8221;4.16&#8243; background_size=&#8221;initial&#8221; background_position=&#8221;top_left&#8221; background_repeat=&#8221;repeat&#8221; global_colors_info=&#8221;{}&#8221;][et_pb_column type=&#8221;4_4&#8243; _builder_version=&#8221;4.16&#8243; custom_padding=&#8221;|||&#8221; global_colors_info=&#8221;{}&#8221; custom_padding__hover=&#8221;|||&#8221;][et_pb_text admin_label=&#8221;Text&#8221; _builder_version=&#8221;4.24.0&#8243; background_size=&#8221;initial&#8221; background_position=&#8221;top_left&#8221; background_repeat=&#8221;repeat&#8221; global_colors_info=&#8221;{}&#8221;]<\/p>\n<h1>Politica Cookie<\/h1>\n<p>Acest website folose\u0219te at\u00e2t cookie-uri proprii, c\u00e2t \u0219i de la ter\u021bi, pentru a furniza vizitatorilor o experien\u021b\u0103 mult mai bun\u0103 de navigare \u0219i servicii adaptate nevoilor \u0219i interesului fiec\u0103ruia.<\/p>\n<p>\u00cen conformitate cu Regulamentul (UE) 2016\/679 al Parlamentului European \u0219i al Consiliului din 27 aprilie 2016 privind protec\u021bia persoanelor fizice \u00een ceea ce prive\u0219te prelucrarea datelor cu caracter personal \u0219i privind libera circula\u021bie a acestor date \u00een sectorul comunica\u021biilor electronice, tuturor vizitatorilor website-ului li se cere consim\u021b\u0103m\u00e2ntul \u00eenaintea transmiterii de cookies \u00een computerele acestora.<\/p>\n<p>C\u00e2nd vizita\u021bi pagina noastr\u0103 de Internet, nu sunt transmise date cu caracter personal c\u0103tre serverul nostru dec\u00e2t dac\u0103 ne trimite\u021bi \u00een mod activ astfel de date. Singurele excep\u021bii sunt cookie-urile obligatorii din punct de vedere tehnic, care sunt esen\u021biale pentru func\u021bionarea paginii noastre de Internet.<\/p>\n<p>Instrumentul de analiz\u0103 web Google Analytics este configurat \u00een a\u0219a fel \u00eenc\u00e2t datele s\u0103 fie \u00eenregistrate doar \u00een mod anonim \u0219i s\u0103 nu poat\u0103 fi urm\u0103rite \u00eenapoi la persoane individuale.<\/p>\n<p>Toate celelalte tehnologii de la furnizori externi (de ex. Google Maps, plug-in-uri YouTube) sunt dezactivate \u00een mod implicit, astfel \u00eenc\u00e2t s\u0103 nu se transmit\u0103 date ter\u021bilor atunci c\u00e2nd vizita\u021bi pagina noastr\u0103 de Internet.<\/p>\n<p>Ave\u021bi op\u021biunea de a accepta utilizarea altor cookie-uri \u00een banner-ul cookie sau de a permite con\u021binut extern pentru a \u00eembun\u0103t\u0103\u021bi func\u021bionalitatea \u0219i con\u021binutul paginii noastre de Internet. \u00cen acest caz, furnizorii ter\u021bi pot afla de la dvs. datele dvs. cu caracter personal.<\/p>\n<p>Ce se \u00een\u021belege prin cookie-uri?<\/p>\n<p>Cookie-ul este un fi\u0219ier text de mici dimensiuni pe care un site \u00eel salveaz\u0103 \u00een calculatorul sau dispozitivul dumneavoastr\u0103 mobil atunci c\u00e2nd \u00eel vizita\u021bi. Datorit\u0103 cookie-urilor, site-ul re\u021bine, pentru o perioad\u0103 de timp, ac\u021biunile \u0219i preferin\u021bele dumneavoastr\u0103 (login, limb\u0103, dimensiunea caracterelor \u0219i alte preferin\u021be de afi\u0219are). Astfel nu mai trebuie s\u0103 le reintroduce\u021bi ori de c\u00e2te ori reveni\u021bi la site sau naviga\u021bi de pe o pagin\u0103 pe alta.<\/p>\n<p>Cookie-urile pot con\u021bine \u0219i date cu caracter personal precum adresa dvs. IP. Prin urmare, stoc\u0103m cookie-uri numai dac\u0103 a\u021bi permis \u00een mod explicit acest lucru \u00een set\u0103rile cookie-urilor de pe pagina noastr\u0103 de Internet. Pute\u021bi revoca consim\u021b\u0103m\u00e2ntul dvs. pentru utilizarea cookie-urilor \u00een orice moment, cu efect pentru viitor, ajust\u00e2nd set\u0103rile de securitate ale browserului \u00een consecin\u021b\u0103.<\/p>\n<p>Excep\u021bie fac cookie-urile care sunt esen\u021biale din punct de vedere tehnic pentru func\u021bionarea paginii noastre de Internet. F\u0103r\u0103 acestea nu pute\u021bi vizita sau naviga pe pagina noastr\u0103 de Internet. Prin urmare, aceste cookie-uri sunt activate \u00een general.<\/p>\n<p>De asemenea, ave\u021bi posibilitatea de a dezactiva, \u00een general, cookie-urile \u00een browserul dvs. \u00een orice moment. Acest lucru \u00eempiedic\u0103 stocarea cookie-urilor pe dispozitivul dvs.<\/p>\n<p>\u00cens\u0103 atragem aten\u021bia c\u0103 dezactivarea general\u0103 a cookie-urilor poate duce la disfunc\u021bionalit\u0103\u021bi \u00een leg\u0103tur\u0103 cu utilizarea paginii noastre de Internet.<\/p>\n<p>Cum se folosesc cookie-urile?<\/p>\n<p>Domeniul <a href=\"http:\/\/www.crazybasket.ro\">www.crazybasket.ro<\/a> nu utilizeaz\u0103 module cookie pentru a culege, a prelucra, a difuza sau a \u00eenregistra date cu caracter personal.<\/p>\n<p>Ce sunt cookie-urile plasate de ter\u021bi?<\/p>\n<p>Anumite sec\u021biuni de con\u021binut de pe site pot fi furnizate prin intermediul unor ter\u021be p\u0103r\u021bi. Aceste ter\u021be p\u0103r\u021bi pot plasa cookie-uri prin intermediul altui website \u0219i ele se numesc \u201ethird party cookies\u201d pentru c\u0103 nu sunt plasate de proprietarul website-ului respectiv. Furnizorii ter\u021bi trebuie s\u0103 respecte de asemenea legea \u00een vigoare \u0219i politicile de confiden\u021bialitate ale de\u021bin\u0103torului site-ului.<\/p>\n<p>Care este durata de via\u021b\u0103 a unui cookie?<\/p>\n<p>Cookie-urile sunt administrate de webservere. Durata de via\u021b\u0103 a unui cookie poate varia semnificativ, depinz\u00e2nd de scopul pentru care este plasat. Unele cookie-uri sunt folosite exclusiv pentru o singur\u0103 sesiune (session cookies) \u0219i nu mai sunt re\u021binute, odat\u0103 ce utilizatorul a p\u0103r\u0103sit website-ul, \u00een timp ce alte cookie-uri sunt re\u021binute \u0219i refolosite de fiecare dat\u0103 c\u00e2nd utilizatorul revine pe acel website (\u2018cookie-uri persistente\u2019). Cu toate acestea, cookie-urile pot fi \u0219terse de un utilizator \u00een orice moment prin intermediul set\u0103rilor browser-ului<\/p>\n<p>Cum pute\u021bi controla cookie-urile?<\/p>\n<p>Pute\u021bi controla \u0219i\/sau \u0219terge cookie-urile dup\u0103 cum dori\u021bi \u2013 pentru detalii, consulta\u021bi site-ul www.aboutcookies.org. Pute\u021bi \u0219terge toate cookie-urile din calculatorul dumneavoastr\u0103 \u0219i pute\u021bi seta\u00a0 optiunea browser-elor s\u0103 blocheze plasarea acestora. Dac\u0103 face\u021bi acest lucru, este posibil s\u0103 fi\u021bi nevoit s\u0103 seta\u021bi manual unele preferin\u021be, de fiecare dat\u0103 c\u00e2nd vizita\u021bi site-ul. De asemenea, s-ar putea ca unele servicii sau op\u021biuni s\u0103 nu func\u021bioneze.<\/p>\n<p>Daca aveti nelamuriri ne puteti contacta la adresa de email <a href=\"mailto:office@crazybasket.ro\">office@crazybasket.ro<\/a>.<\/p>\n<p>[\/et_pb_text][\/et_pb_column][\/et_pb_row][et_pb_row _builder_version=&#8221;4.24.0&#8243; _module_preset=&#8221;default&#8221; global_colors_info=&#8221;{}&#8221;][et_pb_column type=&#8221;4_4&#8243; _builder_version=&#8221;4.24.0&#8243; _module_preset=&#8221;default&#8221; global_colors_info=&#8221;{}&#8221;][\/et_pb_column][\/et_pb_row][\/et_pb_section]<\/p>\n","protected":false},"excerpt":{"rendered":"<p>Politica Cookie Acest website folose\u0219te at\u00e2t cookie-uri proprii, c\u00e2t \u0219i de la ter\u021bi, pentru a furniza vizitatorilor o experien\u021b\u0103 mult mai bun\u0103 de navigare \u0219i servicii adaptate nevoilor \u0219i interesului fiec\u0103ruia. \u00cen conformitate cu Regulamentul (UE) 2016\/679 al Parlamentului European \u0219i al Consiliului din 27 aprilie 2016 privind protec\u021bia persoanelor fizice \u00een ceea ce prive\u0219te [&hellip;]<\/p>\n","protected":false},"author":1,"featured_media":0,"parent":0,"menu_order":0,"comment_status":"closed","ping_status":"closed","template":"","meta":{"_acf_changed":false,"_et_pb_use_builder":"on","_et_pb_old_content":"<!-- wp:paragraph -->\r\n<p><b>This is a sample page.<\/b><\/p>\r\n<!-- \/wp:paragraph -->\r\n\r\n<!-- wp:paragraph -->\r\n<h3>Overview<\/h3>\r\n<!-- \/wp:paragraph -->\r\n\r\n<!-- wp:paragraph -->\r\n<p>Our refund and returns policy lasts 30 days. If 30 days have passed since your purchase, we can\u2019t offer you a full refund or exchange.<\/p>\r\n<!-- \/wp:paragraph -->\r\n\r\n<!-- wp:paragraph -->\r\n<p>To be eligible for a return, your item must be unused and in the same condition that you received it. It must also be in the original packaging.<\/p>\r\n<!-- \/wp:paragraph -->\r\n\r\n<!-- wp:paragraph -->\r\n<p>Several types of goods are exempt from being returned. Perishable goods such as food, flowers, newspapers or magazines cannot be returned. We also do not accept products that are intimate or sanitary goods, hazardous materials, or flammable liquids or gases.<\/p>\r\n<!-- \/wp:paragraph -->\r\n\r\n<!-- wp:paragraph -->\r\n<p>Additional non-returnable items:<\/p>\r\n<!-- \/wp:paragraph -->\r\n\r\n<!-- wp:list -->\r\n<ul>\r\n<li>Gift cards<\/li>\r\n<li>Downloadable software products<\/li>\r\n<li>Some health and personal care items<\/li>\r\n<\/ul>\r\n<!-- \/wp:list -->\r\n\r\n<!-- wp:paragraph -->\r\n<p>To complete your return, we require a receipt or proof of purchase.<\/p>\r\n<!-- \/wp:paragraph -->\r\n\r\n<!-- wp:paragraph -->\r\n<p>Please do not send your purchase back to the manufacturer.<\/p>\r\n<!-- \/wp:paragraph -->\r\n\r\n<!-- wp:paragraph -->\r\n<p>There are certain situations where only partial refunds are granted:<\/p>\r\n<!-- \/wp:paragraph -->\r\n\r\n<!-- wp:list -->\r\n<ul>\r\n<li>Book with obvious signs of use<\/li>\r\n<li>CD, DVD, VHS tape, software, video game, cassette tape, or vinyl record that has been opened.<\/li>\r\n<li>Any item not in its original condition, is damaged or missing parts for reasons not due to our error.<\/li>\r\n<li>Any item that is returned more than 30 days after delivery<\/li>\r\n<\/ul>\r\n<!-- \/wp:list -->\r\n\r\n<!-- wp:paragraph -->\r\n<h2>Refunds<\/h2>\r\n<!-- \/wp:paragraph -->\r\n\r\n<!-- wp:paragraph -->\r\n<p>Once your return is received and inspected, we will send you an email to notify you that we have received your returned item. We will also notify you of the approval or rejection of your refund.<\/p>\r\n<!-- \/wp:paragraph -->\r\n\r\n<!-- wp:paragraph -->\r\n<p>If you are approved, then your refund will be processed, and a credit will automatically be applied to your credit card or original method of payment, within a certain amount of days.<\/p>\r\n<!-- \/wp:paragraph -->\r\n\r\n<!-- wp:paragraph -->\r\n<b>Late or missing refunds<\/b>\r\n<!-- \/wp:paragraph -->\r\n\r\n<!-- wp:paragraph -->\r\n<p>If you haven\u2019t received a refund yet, first check your bank account again.<\/p>\r\n<!-- \/wp:paragraph -->\r\n\r\n<!-- wp:paragraph -->\r\n<p>Then contact your credit card company, it may take some time before your refund is officially posted.<\/p>\r\n<!-- \/wp:paragraph -->\r\n\r\n<!-- wp:paragraph -->\r\n<p>Next contact your bank. There is often some processing time before a refund is posted.<\/p>\r\n<!-- \/wp:paragraph -->\r\n\r\n<!-- wp:paragraph -->\r\n<p>If you\u2019ve done all of this and you still have not received your refund yet, please contact us at {email address}.<\/p>\r\n<!-- \/wp:paragraph -->\r\n\r\n<!-- wp:paragraph -->\r\n<b>Sale items<\/b>\r\n<!-- \/wp:paragraph -->\r\n\r\n<!-- wp:paragraph -->\r\n<p>Only regular priced items may be refunded. Sale items cannot be refunded.<\/p>\r\n<!-- \/wp:paragraph -->\r\n\r\n<!-- wp:paragraph -->\r\n<h2>Exchanges<\/h2>\r\n<!-- \/wp:paragraph -->\r\n\r\n<!-- wp:paragraph -->\r\n<p>We only replace items if they are defective or damaged. If you need to exchange it for the same item, send us an email at {email address} and send your item to: {physical address}.<\/p>\r\n<!-- \/wp:paragraph -->\r\n\r\n<!-- wp:paragraph -->\r\n<h2>Gifts<\/h2>\r\n<!-- \/wp:paragraph -->\r\n\r\n<!-- wp:paragraph -->\r\n<p>If the item was marked as a gift when purchased and shipped directly to you, you\u2019ll receive a gift credit for the value of your return. Once the returned item is received, a gift certificate will be mailed to you.<\/p>\r\n<!-- \/wp:paragraph -->\r\n\r\n<!-- wp:paragraph -->\r\n<p>If the item wasn\u2019t marked as a gift when purchased, or the gift giver had the order shipped to themselves to give to you later, we will send a refund to the gift giver and they will find out about your return.<\/p>\r\n<!-- \/wp:paragraph -->\r\n\r\n<!-- wp:paragraph -->\r\n<h2>Shipping returns<\/h2>\r\n<!-- \/wp:paragraph -->\r\n\r\n<!-- wp:paragraph -->\r\n<p>To return your product, you should mail your product to: {physical address}.<\/p>\r\n<!-- \/wp:paragraph -->\r\n\r\n<!-- wp:paragraph -->\r\n<p>You will be responsible for paying for your own shipping costs for returning your item. Shipping costs are non-refundable. If you receive a refund, the cost of return shipping will be deducted from your refund.<\/p>\r\n<!-- \/wp:paragraph -->\r\n\r\n<!-- wp:paragraph -->\r\n<p>Depending on where you live, the time it may take for your exchanged product to reach you may vary.<\/p>\r\n<!-- \/wp:paragraph -->\r\n\r\n<!-- wp:paragraph -->\r\n<p>If you are returning more expensive items, you may consider using a trackable shipping service or purchasing shipping insurance. We don\u2019t guarantee that we will receive your returned item.<\/p>\r\n<!-- \/wp:paragraph -->\r\n\r\n<!-- wp:paragraph -->\r\n<h2>Need help?<\/h2>\r\n<!-- \/wp:paragraph -->\r\n\r\n<!-- wp:paragraph -->\r\n<p>Contact us at {email} for questions related to refunds and returns.<\/p>\r\n<!-- \/wp:paragraph -->","_et_gb_content_width":"","footnotes":""},"class_list":["post-256523","page","type-page","status-publish","hentry"],"acf":[],"_links":{"self":[{"href":"https:\/\/crazybasket.ro\/en\/wp-json\/wp\/v2\/pages\/256523","targetHints":{"allow":["GET"]}}],"collection":[{"href":"https:\/\/crazybasket.ro\/en\/wp-json\/wp\/v2\/pages"}],"about":[{"href":"https:\/\/crazybasket.ro\/en\/wp-json\/wp\/v2\/types\/page"}],"author":[{"embeddable":true,"href":"https:\/\/crazybasket.ro\/en\/wp-json\/wp\/v2\/users\/1"}],"replies":[{"embeddable":true,"href":"https:\/\/crazybasket.ro\/en\/wp-json\/wp\/v2\/comments?post=256523"}],"version-history":[{"count":0,"href":"https:\/\/crazybasket.ro\/en\/wp-json\/wp\/v2\/pages\/256523\/revisions"}],"wp:attachment":[{"href":"https:\/\/crazybasket.ro\/en\/wp-json\/wp\/v2\/media?parent=256523"}],"curies":[{"name":"wp","href":"https:\/\/api.w.org\/{rel}","templated":true}]}}