{"id":255499,"date":"2024-01-20T08:02:07","date_gmt":"2024-01-20T08:02:07","guid":{"rendered":"https:\/\/crazybasket.ro\/wishlist\/"},"modified":"2024-02-11T10:56:47","modified_gmt":"2024-02-11T08:56:47","slug":"favorite","status":"publish","type":"page","link":"https:\/\/crazybasket.ro\/en\/favorite\/","title":{"rendered":"Favorite"},"content":{"rendered":"<p>[et_pb_section admin_label=&#8221;section&#8221;]<br \/>\n\t\t\t[et_pb_row admin_label=&#8221;row&#8221;]<br \/>\n\t\t\t\t[et_pb_column type=&#8221;4_4&#8243;][et_pb_text admin_label=&#8221;Text&#8221;]<div class=\"woosw-list\"><div class=\"woosw-popup-content-mid-message\">There are no products on the Wishlist!<\/div><\/div><!-- \/woosw-list --><\/p>\n<p>\u00cen sec\u021biunea <a href=\"https:\/\/crazybasket.ro\/wishlist\/\">Wishlist<\/a>, te \u00eent\u00e2mpin\u0103m cu un spa\u021biu digital personalizat, destinat exclusiv dorin\u021belor \u0219i aspira\u021biilor tale \u00een materie de cump\u0103r\u0103turi. Aici, po\u021bi crea \u0219i gestiona liste personalizate cu produsele pe care le dore\u0219ti. Oferindu-\u021bi posibilitatea de a-\u021bi organiza preferin\u021bele \u00eentr-un mod eficient \u0219i accesibil. Lista de dorin\u021be devine astfel un hub al intereselor tale, unde po\u021bi s\u0103 adaugi articole cu u\u0219urin\u021b\u0103. Flexibilitatea acestei facilit\u0103\u021bi \u00ee\u021bi permite s\u0103-\u021bi actualizezi lista \u00een func\u021bie de noile descoperiri sau schimb\u0103rile de preferin\u021be.<\/p>\n<p>Pe l\u00e2ng\u0103 aspectul practic, Wishlist -ul devine \u0219i un instrument de planificare \u0219i monitorizare a achizi\u021biilor tale viitoare. Po\u021bi s\u0103 \u00ee\u021bi setezi obiective de cump\u0103r\u0103turi \u0219i s\u0103 urm\u0103re\u0219ti \u00eendeaproape evolu\u021bia acestora. \u00cen plus, beneficiezi de notific\u0103ri personalizate atunci c\u00e2nd produsele de pe Wishlist devin disponibile sau sunt reduse. Astfel \u00eenc\u00e2t s\u0103 po\u021bi profita de cele mai bune oferte \u0219i s\u0103-\u021bi maximizezi economiile.Dar Wishlist-ul este mult mai mult dec\u00e2t un simplu instrument de organizare. Este un loc unde po\u021bi s\u0103 \u00ee\u021bi planifici \u0219i s\u0103 \u00ee\u021bi urm\u0103re\u0219ti obiectivele de cump\u0103r\u0103turi.<\/p>\n<p>Flexibilitatea acestei facilit\u0103\u021bi \u00ee\u021bi ofer\u0103 libertatea de a-\u021bi actualiza lista \u00een func\u021bie de schimb\u0103rile de gust sau de priorit\u0103\u021bi. Po\u021bi s\u0103 adaugi \u0219i s\u0103 \u0219tergi articole \u00een orice moment, asigur\u00e2ndu-te c\u0103 lista ta de dorin\u021be este mereu actualizat\u0103 \u0219i relevant\u0103 pentru tine.<\/p>\n<p>Nu \u00een ultimul r\u00e2nd, Wishlist-ul devine \u0219i un instrument social, permi\u021b\u00e2ndu-\u021bi s\u0103 \u00eemp\u0103rt\u0103\u0219e\u0219ti preferin\u021bele tale cu prietenii \u0219i familia. Po\u021bi s\u0103 le trimi\u021bi lista ta de dorin\u021be pentru a primi sugestii de cadouri sau pentru a-\u021bi face cunoscute preferin\u021bele \u00eentr-un mod interactiv \u0219i distractiv.<\/p>\n<p>\u00cen concluzie, sec\u021biunea Wishlist este mai mult dec\u00e2t o simpl\u0103 list\u0103 de produse dorite &#8211; este un spa\u021biu personalizat \u0219i versatil care \u00ee\u021bi permite s\u0103-\u021bi organizezi, s\u0103-\u021bi planifici \u0219i s\u0103-\u021bi \u00eemp\u0103rt\u0103\u0219e\u0219ti pasiunile \u0219i aspira\u021biile \u00een materie de cump\u0103r\u0103turi.[\/et_pb_text][\/et_pb_column]<br \/>\n\t\t\t[\/et_pb_row]<br \/>\n\t\t[\/et_pb_section]<\/p>\n","protected":false},"excerpt":{"rendered":"<p><div class=\"woosw-list\"><div class=\"woosw-popup-content-mid-message\">There are no products on the Wishlist!<\/div><\/div><!-- \/woosw-list --> \u00cen sec\u021biunea Wishlist, te \u00eent\u00e2mpin\u0103m cu un spa\u021biu digital personalizat, destinat exclusiv dorin\u021belor \u0219i aspira\u021biilor tale \u00een materie de cump\u0103r\u0103turi. Aici, po\u021bi crea \u0219i gestiona liste personalizate cu produsele pe care le dore\u0219ti. Oferindu-\u021bi posibilitatea de a-\u021bi organiza preferin\u021bele \u00eentr-un mod eficient \u0219i accesibil. Lista de dorin\u021be devine astfel un hub al intereselor tale, [&hellip;]<\/p>\n","protected":false},"author":1,"featured_media":0,"parent":0,"menu_order":0,"comment_status":"closed","ping_status":"closed","template":"","meta":{"_acf_changed":false,"_et_pb_use_builder":"on","_et_pb_old_content":"[woosw_list]\r\n\r\n\u00cen sec\u021biunea <a href=\"https:\/\/crazybasket.ro\/wishlist\/\">Wishlist<\/a>, te \u00eent\u00e2mpin\u0103m cu un spa\u021biu digital personalizat, destinat exclusiv dorin\u021belor \u0219i aspira\u021biilor tale \u00een materie de cump\u0103r\u0103turi. Aici, po\u021bi crea \u0219i gestiona liste personalizate cu produsele pe care le dore\u0219ti. Oferindu-\u021bi posibilitatea de a-\u021bi organiza preferin\u021bele \u00eentr-un mod eficient \u0219i accesibil. Lista de dorin\u021be devine astfel un hub al intereselor tale, unde po\u021bi s\u0103 adaugi articole cu u\u0219urin\u021b\u0103. Flexibilitatea acestei facilit\u0103\u021bi \u00ee\u021bi permite s\u0103-\u021bi actualizezi lista \u00een func\u021bie de noile descoperiri sau schimb\u0103rile de preferin\u021be.\r\n\r\nPe l\u00e2ng\u0103 aspectul practic, Wishlist -ul devine \u0219i un instrument de planificare \u0219i monitorizare a achizi\u021biilor tale viitoare. Po\u021bi s\u0103 \u00ee\u021bi setezi obiective de cump\u0103r\u0103turi \u0219i s\u0103 urm\u0103re\u0219ti \u00eendeaproape evolu\u021bia acestora. \u00cen plus, beneficiezi de notific\u0103ri personalizate atunci c\u00e2nd produsele de pe Wishlist devin disponibile sau sunt reduse. Astfel \u00eenc\u00e2t s\u0103 po\u021bi profita de cele mai bune oferte \u0219i s\u0103-\u021bi maximizezi economiile.Dar Wishlist-ul este mult mai mult dec\u00e2t un simplu instrument de organizare. Este un loc unde po\u021bi s\u0103 \u00ee\u021bi planifici \u0219i s\u0103 \u00ee\u021bi urm\u0103re\u0219ti obiectivele de cump\u0103r\u0103turi.\r\n\r\nFlexibilitatea acestei facilit\u0103\u021bi \u00ee\u021bi ofer\u0103 libertatea de a-\u021bi actualiza lista \u00een func\u021bie de schimb\u0103rile de gust sau de priorit\u0103\u021bi. Po\u021bi s\u0103 adaugi \u0219i s\u0103 \u0219tergi articole \u00een orice moment, asigur\u00e2ndu-te c\u0103 lista ta de dorin\u021be este mereu actualizat\u0103 \u0219i relevant\u0103 pentru tine.\r\n\r\nNu \u00een ultimul r\u00e2nd, Wishlist-ul devine \u0219i un instrument social, permi\u021b\u00e2ndu-\u021bi s\u0103 \u00eemp\u0103rt\u0103\u0219e\u0219ti preferin\u021bele tale cu prietenii \u0219i familia. Po\u021bi s\u0103 le trimi\u021bi lista ta de dorin\u021be pentru a primi sugestii de cadouri sau pentru a-\u021bi face cunoscute preferin\u021bele \u00eentr-un mod interactiv \u0219i distractiv.\r\n\r\n\u00cen concluzie, sec\u021biunea Wishlist este mai mult dec\u00e2t o simpl\u0103 list\u0103 de produse dorite - este un spa\u021biu personalizat \u0219i versatil care \u00ee\u021bi permite s\u0103-\u021bi organizezi, s\u0103-\u021bi planifici \u0219i s\u0103-\u021bi \u00eemp\u0103rt\u0103\u0219e\u0219ti pasiunile \u0219i aspira\u021biile \u00een materie de cump\u0103r\u0103turi.","_et_gb_content_width":"","footnotes":""},"class_list":["post-255499","page","type-page","status-publish","hentry"],"acf":[],"_links":{"self":[{"href":"https:\/\/crazybasket.ro\/en\/wp-json\/wp\/v2\/pages\/255499","targetHints":{"allow":["GET"]}}],"collection":[{"href":"https:\/\/crazybasket.ro\/en\/wp-json\/wp\/v2\/pages"}],"about":[{"href":"https:\/\/crazybasket.ro\/en\/wp-json\/wp\/v2\/types\/page"}],"author":[{"embeddable":true,"href":"https:\/\/crazybasket.ro\/en\/wp-json\/wp\/v2\/users\/1"}],"replies":[{"embeddable":true,"href":"https:\/\/crazybasket.ro\/en\/wp-json\/wp\/v2\/comments?post=255499"}],"version-history":[{"count":0,"href":"https:\/\/crazybasket.ro\/en\/wp-json\/wp\/v2\/pages\/255499\/revisions"}],"wp:attachment":[{"href":"https:\/\/crazybasket.ro\/en\/wp-json\/wp\/v2\/media?parent=255499"}],"curies":[{"name":"wp","href":"https:\/\/api.w.org\/{rel}","templated":true}]}}